{"id":1263,"date":"2025-06-05T16:22:17","date_gmt":"2025-06-05T15:22:17","guid":{"rendered":"https:\/\/quantumtraddev.wpenginepowered.com\/tatil-ticaret-programi\/"},"modified":"2026-03-07T16:26:54","modified_gmt":"2026-03-07T15:26:54","slug":"tatil-ticaret-programi","status":"publish","type":"page","link":"https:\/\/www.quantumtradeglobal.com\/tr\/ticaret-vitesleri\/tatil-ticaret-programi\/","title":{"rendered":"Tatil Ticaret Program\u0131"},"content":{"rendered":"\t\t<div data-elementor-type=\"wp-page\" data-elementor-id=\"1263\" class=\"elementor elementor-1263 elementor-1140\" data-elementor-settings=\"{&quot;element_pack_global_tooltip_width&quot;:{&quot;unit&quot;:&quot;px&quot;,&quot;size&quot;:&quot;&quot;,&quot;sizes&quot;:[]},&quot;element_pack_global_tooltip_width_tablet&quot;:{&quot;unit&quot;:&quot;px&quot;,&quot;size&quot;:&quot;&quot;,&quot;sizes&quot;:[]},&quot;element_pack_global_tooltip_width_mobile&quot;:{&quot;unit&quot;:&quot;px&quot;,&quot;size&quot;:&quot;&quot;,&quot;sizes&quot;:[]},&quot;element_pack_global_tooltip_padding&quot;:{&quot;unit&quot;:&quot;px&quot;,&quot;top&quot;:&quot;&quot;,&quot;right&quot;:&quot;&quot;,&quot;bottom&quot;:&quot;&quot;,&quot;left&quot;:&quot;&quot;,&quot;isLinked&quot;:true},&quot;element_pack_global_tooltip_padding_tablet&quot;:{&quot;unit&quot;:&quot;px&quot;,&quot;top&quot;:&quot;&quot;,&quot;right&quot;:&quot;&quot;,&quot;bottom&quot;:&quot;&quot;,&quot;left&quot;:&quot;&quot;,&quot;isLinked&quot;:true},&quot;element_pack_global_tooltip_padding_mobile&quot;:{&quot;unit&quot;:&quot;px&quot;,&quot;top&quot;:&quot;&quot;,&quot;right&quot;:&quot;&quot;,&quot;bottom&quot;:&quot;&quot;,&quot;left&quot;:&quot;&quot;,&quot;isLinked&quot;:true},&quot;element_pack_global_tooltip_border_radius&quot;:{&quot;unit&quot;:&quot;px&quot;,&quot;top&quot;:&quot;&quot;,&quot;right&quot;:&quot;&quot;,&quot;bottom&quot;:&quot;&quot;,&quot;left&quot;:&quot;&quot;,&quot;isLinked&quot;:true},&quot;element_pack_global_tooltip_border_radius_tablet&quot;:{&quot;unit&quot;:&quot;px&quot;,&quot;top&quot;:&quot;&quot;,&quot;right&quot;:&quot;&quot;,&quot;bottom&quot;:&quot;&quot;,&quot;left&quot;:&quot;&quot;,&quot;isLinked&quot;:true},&quot;element_pack_global_tooltip_border_radius_mobile&quot;:{&quot;unit&quot;:&quot;px&quot;,&quot;top&quot;:&quot;&quot;,&quot;right&quot;:&quot;&quot;,&quot;bottom&quot;:&quot;&quot;,&quot;left&quot;:&quot;&quot;,&quot;isLinked&quot;:true}}\" data-elementor-post-type=\"page\">\n\t\t\t\t<div class=\"elementor-element elementor-element-87f1f2c e-flex e-con-boxed e-con e-parent\" data-id=\"87f1f2c\" data-element_type=\"container\">\n\t\t\t\t\t<div class=\"e-con-inner\">\n\t\t\t\t<div class=\"elementor-element elementor-element-a5e7c3a elementor-widget elementor-widget-heading\" data-id=\"a5e7c3a\" data-element_type=\"widget\" data-widget_type=\"heading.default\">\n\t\t\t\t<div class=\"elementor-widget-container\">\n\t\t\t\t\t<h2 class=\"elementor-heading-title elementor-size-default\">Tatil \u0130\u015flem Saatleri<\/h2>\t\t\t\t<\/div>\n\t\t\t\t<\/div>\n\t\t\t\t<div class=\"elementor-element elementor-element-6facd59 elementor-widget elementor-widget-text-editor\" data-id=\"6facd59\" data-element_type=\"widget\" data-widget_type=\"text-editor.default\">\n\t\t\t\t<div class=\"elementor-widget-container\">\n\t\t\t\t\t\t\t\t\t<p>L\u00fctfen tatiller nedeniyle farkl\u0131 \u00fcr\u00fcnlerin i\u015flem saatlerinde de\u011fi\u015fiklikler olabilece\u011fini unutmay\u0131n. A\u015fa\u011f\u0131daki t\u00fcm saatler GMT olarak g\u00f6sterilmi\u015ftir. Ayr\u0131ca sunucu saatimizin k\u0131\u015f saati uygulamas\u0131 i\u00e7in GMT+1, yaz saati uygulamas\u0131 i\u00e7in ise GMT+2 oldu\u011funu da belirtmek isteriz. Genellikle ABD yaz saati uygulamas\u0131na g\u00f6re biz de yaz saati uygulamas\u0131na ge\u00e7iyoruz. L\u00fctfen en g\u00fcncel i\u015flem saatleri i\u00e7in her zaman i\u015flem platformuna bak\u0131n.    <\/p>\t\t\t\t\t\t\t\t<\/div>\n\t\t\t\t<\/div>\n\t\t\t\t\t<\/div>\n\t\t\t\t<\/div>\n\t\t<div class=\"elementor-element elementor-element-6f82c32 e-flex e-con-boxed e-con e-parent\" data-id=\"6f82c32\" data-element_type=\"container\">\n\t\t\t\t\t<div class=\"e-con-inner\">\n\t\t\t\t<div class=\"elementor-element elementor-element-7fddca5 elementor-widget elementor-widget-shortcode\" data-id=\"7fddca5\" data-element_type=\"widget\" data-widget_type=\"shortcode.default\">\n\t\t\t\t<div class=\"elementor-widget-container\">\n\t\t\t\t\t\t\t<div class=\"elementor-shortcode\"><iframe src=\"https:\/\/www.quantumtradeglobal.com\/wp-content\/plugins\/holiday-plugin\/widget\/holiday-widget.html?symbol=&#038;api_url=\" \r\n                    width=\"800px\" \r\n                    height=\"500px\" \r\n                    frameborder=\"0\" \r\n                    scrolling=\"yes\"\r\n                    style=\"border: none; overflow: hidden;\">\r\n            <\/iframe><\/div>\n\t\t\t\t\t\t<\/div>\n\t\t\t\t<\/div>\n\t\t\t\t\t<\/div>\n\t\t\t\t<\/div>\n\t\t\t\t<\/div>\n\t\t","protected":false},"excerpt":{"rendered":"<p>Tatil \u0130\u015flem Saatleri L\u00fctfen tatiller nedeniyle farkl\u0131 \u00fcr\u00fcnlerin i\u015flem saatlerinde de\u011fi\u015fiklikler olabilece\u011fini unutmay\u0131n. A\u015fa\u011f\u0131daki t\u00fcm saatler GMT olarak g\u00f6sterilmi\u015ftir. Ayr\u0131ca sunucu saatimizin k\u0131\u015f saati uygulamas\u0131 i\u00e7in GMT+1, yaz saati uygulamas\u0131 i\u00e7in ise GMT+2 oldu\u011funu da belirtmek isteriz. Genellikle ABD yaz saati uygulamas\u0131na g\u00f6re biz de yaz saati uygulamas\u0131na ge\u00e7iyoruz. L\u00fctfen en g\u00fcncel i\u015flem saatleri i\u00e7in &hellip;<\/p>\n","protected":false},"author":3,"featured_media":0,"parent":1324,"menu_order":0,"comment_status":"closed","ping_status":"closed","template":"","meta":{"_genesis_block_theme_hide_title":false,"footnotes":""},"class_list":["post-1263","page","type-page","status-publish","hentry","post","without-featured-image"],"yoast_head":"<!-- This site is optimized with the Yoast SEO Premium plugin v23.0 (Yoast SEO v26.2) - https:\/\/yoast.com\/wordpress\/plugins\/seo\/ -->\n<title>Tatil Ticaret Program\u0131 - QuantumTrade<\/title>\n<meta name=\"robots\" content=\"index, follow, max-snippet:-1, max-image-preview:large, max-video-preview:-1\" \/>\n<link rel=\"canonical\" href=\"https:\/\/www.quantumtradeglobal.com\/tr\/ticaret-vitesleri\/tatil-ticaret-programi\/\" \/>\n<meta property=\"og:locale\" content=\"tr_TR\" \/>\n<meta property=\"og:type\" content=\"article\" \/>\n<meta property=\"og:title\" content=\"Tatil Ticaret Program\u0131\" \/>\n<meta property=\"og:description\" content=\"Tatil \u0130\u015flem Saatleri L\u00fctfen tatiller nedeniyle farkl\u0131 \u00fcr\u00fcnlerin i\u015flem saatlerinde de\u011fi\u015fiklikler olabilece\u011fini unutmay\u0131n. A\u015fa\u011f\u0131daki t\u00fcm saatler GMT olarak g\u00f6sterilmi\u015ftir. Ayr\u0131ca sunucu saatimizin k\u0131\u015f saati uygulamas\u0131 i\u00e7in GMT+1, yaz saati uygulamas\u0131 i\u00e7in ise GMT+2 oldu\u011funu da belirtmek isteriz. Genellikle ABD yaz saati uygulamas\u0131na g\u00f6re biz de yaz saati uygulamas\u0131na ge\u00e7iyoruz. L\u00fctfen en g\u00fcncel i\u015flem saatleri i\u00e7in &hellip;\" \/>\n<meta property=\"og:url\" content=\"https:\/\/www.quantumtradeglobal.com\/tr\/ticaret-vitesleri\/tatil-ticaret-programi\/\" \/>\n<meta property=\"og:site_name\" content=\"QuantumTrade\" \/>\n<meta property=\"article:modified_time\" content=\"2026-03-07T15:26:54+00:00\" \/>\n<meta name=\"twitter:card\" content=\"summary_large_image\" \/>\n<script type=\"application\/ld+json\" class=\"yoast-schema-graph\">{\"@context\":\"https:\/\/schema.org\",\"@graph\":[{\"@type\":\"WebPage\",\"@id\":\"https:\/\/www.quantumtradeglobal.com\/tr\/ticaret-vitesleri\/tatil-ticaret-programi\/\",\"url\":\"https:\/\/www.quantumtradeglobal.com\/tr\/ticaret-vitesleri\/tatil-ticaret-programi\/\",\"name\":\"Tatil Ticaret Program\u0131 - QuantumTrade\",\"isPartOf\":{\"@id\":\"https:\/\/www.quantumtradeglobal.com\/tr\/#website\"},\"datePublished\":\"2025-06-05T15:22:17+00:00\",\"dateModified\":\"2026-03-07T15:26:54+00:00\",\"breadcrumb\":{\"@id\":\"https:\/\/www.quantumtradeglobal.com\/tr\/ticaret-vitesleri\/tatil-ticaret-programi\/#breadcrumb\"},\"inLanguage\":\"tr\",\"potentialAction\":[{\"@type\":\"ReadAction\",\"target\":[\"https:\/\/www.quantumtradeglobal.com\/tr\/ticaret-vitesleri\/tatil-ticaret-programi\/\"]}]},{\"@type\":\"BreadcrumbList\",\"@id\":\"https:\/\/www.quantumtradeglobal.com\/tr\/ticaret-vitesleri\/tatil-ticaret-programi\/#breadcrumb\",\"itemListElement\":[{\"@type\":\"ListItem\",\"position\":1,\"name\":\"Home\",\"item\":\"https:\/\/www.quantumtradeglobal.com\/tr\/anasayfa\/\"},{\"@type\":\"ListItem\",\"position\":2,\"name\":\"\u00d6\u011frenme\",\"item\":\"https:\/\/www.quantumtradeglobal.com\/tr\/ticaret-vitesleri\/\"},{\"@type\":\"ListItem\",\"position\":3,\"name\":\"Tatil Ticaret Program\u0131\"}]},{\"@type\":\"WebSite\",\"@id\":\"https:\/\/www.quantumtradeglobal.com\/tr\/#website\",\"url\":\"https:\/\/www.quantumtradeglobal.com\/tr\/\",\"name\":\"QuantumTrade\",\"description\":\"Global Markets\",\"potentialAction\":[{\"@type\":\"SearchAction\",\"target\":{\"@type\":\"EntryPoint\",\"urlTemplate\":\"https:\/\/www.quantumtradeglobal.com\/tr\/?s={search_term_string}\"},\"query-input\":{\"@type\":\"PropertyValueSpecification\",\"valueRequired\":true,\"valueName\":\"search_term_string\"}}],\"inLanguage\":\"tr\"}]}<\/script>\n<!-- \/ Yoast SEO Premium plugin. -->","yoast_head_json":{"title":"Tatil Ticaret Program\u0131 - QuantumTrade","robots":{"index":"index","follow":"follow","max-snippet":"max-snippet:-1","max-image-preview":"max-image-preview:large","max-video-preview":"max-video-preview:-1"},"canonical":"https:\/\/www.quantumtradeglobal.com\/tr\/ticaret-vitesleri\/tatil-ticaret-programi\/","og_locale":"tr_TR","og_type":"article","og_title":"Tatil Ticaret Program\u0131","og_description":"Tatil \u0130\u015flem Saatleri L\u00fctfen tatiller nedeniyle farkl\u0131 \u00fcr\u00fcnlerin i\u015flem saatlerinde de\u011fi\u015fiklikler olabilece\u011fini unutmay\u0131n. A\u015fa\u011f\u0131daki t\u00fcm saatler GMT olarak g\u00f6sterilmi\u015ftir. Ayr\u0131ca sunucu saatimizin k\u0131\u015f saati uygulamas\u0131 i\u00e7in GMT+1, yaz saati uygulamas\u0131 i\u00e7in ise GMT+2 oldu\u011funu da belirtmek isteriz. Genellikle ABD yaz saati uygulamas\u0131na g\u00f6re biz de yaz saati uygulamas\u0131na ge\u00e7iyoruz. L\u00fctfen en g\u00fcncel i\u015flem saatleri i\u00e7in &hellip;","og_url":"https:\/\/www.quantumtradeglobal.com\/tr\/ticaret-vitesleri\/tatil-ticaret-programi\/","og_site_name":"QuantumTrade","article_modified_time":"2026-03-07T15:26:54+00:00","twitter_card":"summary_large_image","schema":{"@context":"https:\/\/schema.org","@graph":[{"@type":"WebPage","@id":"https:\/\/www.quantumtradeglobal.com\/tr\/ticaret-vitesleri\/tatil-ticaret-programi\/","url":"https:\/\/www.quantumtradeglobal.com\/tr\/ticaret-vitesleri\/tatil-ticaret-programi\/","name":"Tatil Ticaret Program\u0131 - QuantumTrade","isPartOf":{"@id":"https:\/\/www.quantumtradeglobal.com\/tr\/#website"},"datePublished":"2025-06-05T15:22:17+00:00","dateModified":"2026-03-07T15:26:54+00:00","breadcrumb":{"@id":"https:\/\/www.quantumtradeglobal.com\/tr\/ticaret-vitesleri\/tatil-ticaret-programi\/#breadcrumb"},"inLanguage":"tr","potentialAction":[{"@type":"ReadAction","target":["https:\/\/www.quantumtradeglobal.com\/tr\/ticaret-vitesleri\/tatil-ticaret-programi\/"]}]},{"@type":"BreadcrumbList","@id":"https:\/\/www.quantumtradeglobal.com\/tr\/ticaret-vitesleri\/tatil-ticaret-programi\/#breadcrumb","itemListElement":[{"@type":"ListItem","position":1,"name":"Home","item":"https:\/\/www.quantumtradeglobal.com\/tr\/anasayfa\/"},{"@type":"ListItem","position":2,"name":"\u00d6\u011frenme","item":"https:\/\/www.quantumtradeglobal.com\/tr\/ticaret-vitesleri\/"},{"@type":"ListItem","position":3,"name":"Tatil Ticaret Program\u0131"}]},{"@type":"WebSite","@id":"https:\/\/www.quantumtradeglobal.com\/tr\/#website","url":"https:\/\/www.quantumtradeglobal.com\/tr\/","name":"QuantumTrade","description":"Global Markets","potentialAction":[{"@type":"SearchAction","target":{"@type":"EntryPoint","urlTemplate":"https:\/\/www.quantumtradeglobal.com\/tr\/?s={search_term_string}"},"query-input":{"@type":"PropertyValueSpecification","valueRequired":true,"valueName":"search_term_string"}}],"inLanguage":"tr"}]}},"featured_image_src":null,"featured_image_src_square":null,"_links":{"self":[{"href":"https:\/\/www.quantumtradeglobal.com\/tr\/wp-json\/wp\/v2\/pages\/1263","targetHints":{"allow":["GET"]}}],"collection":[{"href":"https:\/\/www.quantumtradeglobal.com\/tr\/wp-json\/wp\/v2\/pages"}],"about":[{"href":"https:\/\/www.quantumtradeglobal.com\/tr\/wp-json\/wp\/v2\/types\/page"}],"author":[{"embeddable":true,"href":"https:\/\/www.quantumtradeglobal.com\/tr\/wp-json\/wp\/v2\/users\/3"}],"replies":[{"embeddable":true,"href":"https:\/\/www.quantumtradeglobal.com\/tr\/wp-json\/wp\/v2\/comments?post=1263"}],"version-history":[{"count":0,"href":"https:\/\/www.quantumtradeglobal.com\/tr\/wp-json\/wp\/v2\/pages\/1263\/revisions"}],"up":[{"embeddable":true,"href":"https:\/\/www.quantumtradeglobal.com\/tr\/wp-json\/wp\/v2\/pages\/1324"}],"wp:attachment":[{"href":"https:\/\/www.quantumtradeglobal.com\/tr\/wp-json\/wp\/v2\/media?parent=1263"}],"curies":[{"name":"wp","href":"https:\/\/api.w.org\/{rel}","templated":true}]}}