{"id":1274,"date":"2024-08-15T07:36:43","date_gmt":"2024-08-15T06:36:43","guid":{"rendered":"https:\/\/quantumtraddev.wpenginepowered.com\/kripto\/"},"modified":"2025-10-15T07:24:14","modified_gmt":"2025-10-15T06:24:14","slug":"kripto","status":"publish","type":"page","link":"https:\/\/www.quantumtradeglobal.com\/tr\/pazar-erisimi\/kripto\/","title":{"rendered":"Kripto"},"content":{"rendered":"\t\t<div data-elementor-type=\"wp-page\" data-elementor-id=\"1274\" class=\"elementor elementor-1274 elementor-202\" data-elementor-settings=\"{&quot;element_pack_global_tooltip_width&quot;:{&quot;unit&quot;:&quot;px&quot;,&quot;size&quot;:&quot;&quot;,&quot;sizes&quot;:[]},&quot;element_pack_global_tooltip_width_tablet&quot;:{&quot;unit&quot;:&quot;px&quot;,&quot;size&quot;:&quot;&quot;,&quot;sizes&quot;:[]},&quot;element_pack_global_tooltip_width_mobile&quot;:{&quot;unit&quot;:&quot;px&quot;,&quot;size&quot;:&quot;&quot;,&quot;sizes&quot;:[]},&quot;element_pack_global_tooltip_padding&quot;:{&quot;unit&quot;:&quot;px&quot;,&quot;top&quot;:&quot;&quot;,&quot;right&quot;:&quot;&quot;,&quot;bottom&quot;:&quot;&quot;,&quot;left&quot;:&quot;&quot;,&quot;isLinked&quot;:true},&quot;element_pack_global_tooltip_padding_tablet&quot;:{&quot;unit&quot;:&quot;px&quot;,&quot;top&quot;:&quot;&quot;,&quot;right&quot;:&quot;&quot;,&quot;bottom&quot;:&quot;&quot;,&quot;left&quot;:&quot;&quot;,&quot;isLinked&quot;:true},&quot;element_pack_global_tooltip_padding_mobile&quot;:{&quot;unit&quot;:&quot;px&quot;,&quot;top&quot;:&quot;&quot;,&quot;right&quot;:&quot;&quot;,&quot;bottom&quot;:&quot;&quot;,&quot;left&quot;:&quot;&quot;,&quot;isLinked&quot;:true},&quot;element_pack_global_tooltip_border_radius&quot;:{&quot;unit&quot;:&quot;px&quot;,&quot;top&quot;:&quot;&quot;,&quot;right&quot;:&quot;&quot;,&quot;bottom&quot;:&quot;&quot;,&quot;left&quot;:&quot;&quot;,&quot;isLinked&quot;:true},&quot;element_pack_global_tooltip_border_radius_tablet&quot;:{&quot;unit&quot;:&quot;px&quot;,&quot;top&quot;:&quot;&quot;,&quot;right&quot;:&quot;&quot;,&quot;bottom&quot;:&quot;&quot;,&quot;left&quot;:&quot;&quot;,&quot;isLinked&quot;:true},&quot;element_pack_global_tooltip_border_radius_mobile&quot;:{&quot;unit&quot;:&quot;px&quot;,&quot;top&quot;:&quot;&quot;,&quot;right&quot;:&quot;&quot;,&quot;bottom&quot;:&quot;&quot;,&quot;left&quot;:&quot;&quot;,&quot;isLinked&quot;:true}}\" data-elementor-post-type=\"page\">\n\t\t\t\t<div class=\"elementor-element elementor-element-2098d04 e-con-full e-flex e-con e-parent\" data-id=\"2098d04\" data-element_type=\"container\">\n\t\t\t\t<div class=\"elementor-element elementor-element-9970f27 elementor-widget elementor-widget-template\" data-id=\"9970f27\" data-element_type=\"widget\" data-widget_type=\"template.default\">\n\t\t\t\t<div class=\"elementor-widget-container\">\n\t\t\t\t\t\t\t<div class=\"elementor-template\">\n\t\t\t\t\t<div data-elementor-type=\"container\" data-elementor-id=\"60\" class=\"elementor elementor-60\" data-elementor-post-type=\"elementor_library\">\n\t\t\t\t<div class=\"elementor-element elementor-element-44ac8a0 e-flex e-con-boxed e-con e-parent\" data-id=\"44ac8a0\" data-element_type=\"container\" data-settings=\"{&quot;background_background&quot;:&quot;classic&quot;}\">\n\t\t\t\t\t<div class=\"e-con-inner\">\n\t\t\t\t<div class=\"elementor-element elementor-element-c5bf1fd elementor-widget elementor-widget-breadcrumbs\" data-id=\"c5bf1fd\" data-element_type=\"widget\" data-widget_type=\"breadcrumbs.default\">\n\t\t\t\t<div class=\"elementor-widget-container\">\n\t\t\t\t\t<p id=\"breadcrumbs\"><span><span><a href=\"https:\/\/www.quantumtradeglobal.com\/tr\/anasayfa\/\">Home<\/a><\/span><\/span><\/p>\t\t\t\t<\/div>\n\t\t\t\t<\/div>\n\t\t\t\t\t<\/div>\n\t\t\t\t<\/div>\n\t\t\t\t<\/div>\n\t\t\t\t<\/div>\n\t\t\t\t\t\t<\/div>\n\t\t\t\t<\/div>\n\t\t\t\t<\/div>\n\t\t<div data-uael-partstyle=\"default\" data-uael-partcolor=\"\" data-uael-partopacity=\"\" data-uael-partdirection=\"bottom\" class=\"elementor-element elementor-element-dcdf747 uael-particle-yes e-flex e-con-boxed uael-particle-adv-no e-con e-parent\" data-id=\"dcdf747\" data-element_type=\"container\">\n\t\t\t\t\t<div class=\"e-con-inner\">\n\t\t\t\t<div class=\"elementor-element elementor-element-bda5e40 elementor-widget elementor-widget-heading\" data-id=\"bda5e40\" data-element_type=\"widget\" data-widget_type=\"heading.default\">\n\t\t\t\t<div class=\"elementor-widget-container\">\n\t\t\t\t\t<h1 class=\"elementor-heading-title elementor-size-default\">Kripto Para<\/h1>\t\t\t\t<\/div>\n\t\t\t\t<\/div>\n\t\t\t\t<div class=\"elementor-element elementor-element-16904ba elementor-widget__width-inherit elementor-widget elementor-widget-text-editor\" data-id=\"16904ba\" data-element_type=\"widget\" data-widget_type=\"text-editor.default\">\n\t\t\t\t<div class=\"elementor-widget-container\">\n\t\t\t\t\t\t\t\t\t<p>Kripto piyasas\u0131, yeni coin&#8217;ler olu\u015fturmak ve kullan\u0131c\u0131lara g\u00fcvenli i\u015flemler sa\u011flamak i\u00e7in blockchain teknolojisini kullanan bir dijital para piyasas\u0131d\u0131r. Kripto t\u00fcrevleri ticareti, \u00e7evrimi\u00e7i portf\u00f6y\u00fcn\u00fcz\u00fc \u00e7e\u015fitlendirmenize ve ister y\u00fckseliyor ister d\u00fc\u015f\u00fcyor olsun, kripto para birimi fiyatlar\u0131n\u0131n hareketlerinden yararlanman\u0131za olanak tan\u0131r. <\/p>\t\t\t\t\t\t\t\t<\/div>\n\t\t\t\t<\/div>\n\t\t\t\t\t<\/div>\n\t\t\t\t<\/div>\n\t\t<div class=\"elementor-element elementor-element-74b61f4 e-flex e-con-boxed e-con e-parent\" data-id=\"74b61f4\" data-element_type=\"container\">\n\t\t\t\t\t<div class=\"e-con-inner\">\n\t\t<div class=\"elementor-element elementor-element-ac7001c e-con-full e-flex e-con e-child\" data-id=\"ac7001c\" data-element_type=\"container\">\n\t\t\t\t<div class=\"elementor-element elementor-element-ef248fe elementor-widget elementor-widget-shortcode\" data-id=\"ef248fe\" data-element_type=\"widget\" data-widget_type=\"shortcode.default\">\n\t\t\t\t<div class=\"elementor-widget-container\">\n\t\t\t\t\t\t\t<div class=\"elementor-shortcode\"><iframe src=\"https:\/\/www.quantumtradeglobal.com\/wp-content\/plugins\/quotes-plugin\/widget\/quotes-widget.html?symbol=BTCUSD%2CETHUSD%2CSOLUSD%2CADAUSD\" \r\n                    width=\"200px\" \r\n                    height=\"1600px\" \r\n                    frameborder=\"0\" \r\n                    scrolling=\"no\"\r\n                    style=\"border: none; overflow: hidden;\">\r\n            <\/iframe><\/div>\n\t\t\t\t\t\t<\/div>\n\t\t\t\t<\/div>\n\t\t\t\t<\/div>\n\t\t<div class=\"elementor-element elementor-element-f017b93 e-con-full e-flex e-con e-child\" data-id=\"f017b93\" data-element_type=\"container\">\n\t\t<div class=\"elementor-element elementor-element-1e551dd e-flex e-con-boxed e-con e-child\" data-id=\"1e551dd\" data-element_type=\"container\">\n\t\t\t\t\t<div class=\"e-con-inner\">\n\t\t\t\t<div class=\"elementor-element elementor-element-e63b73e elementor-widget elementor-widget-image\" data-id=\"e63b73e\" data-element_type=\"widget\" data-widget_type=\"image.default\">\n\t\t\t\t<div class=\"elementor-widget-container\">\n\t\t\t\t\t\t\t\t\t\t\t\t\t\t\t<img fetchpriority=\"high\" decoding=\"async\" width=\"1024\" height=\"750\" src=\"https:\/\/www.quantumtradeglobal.com\/wp-content\/uploads\/2024\/08\/dreamstime_xxl_324843461-1024x750.jpg\" class=\"attachment-large size-large wp-image-1342\" alt=\"\" srcset=\"https:\/\/www.quantumtradeglobal.com\/wp-content\/uploads\/2024\/08\/dreamstime_xxl_324843461-1024x750.jpg 1024w, https:\/\/www.quantumtradeglobal.com\/wp-content\/uploads\/2024\/08\/dreamstime_xxl_324843461-300x220.jpg 300w, https:\/\/www.quantumtradeglobal.com\/wp-content\/uploads\/2024\/08\/dreamstime_xxl_324843461-768x562.jpg 768w, https:\/\/www.quantumtradeglobal.com\/wp-content\/uploads\/2024\/08\/dreamstime_xxl_324843461-1536x1125.jpg 1536w, https:\/\/www.quantumtradeglobal.com\/wp-content\/uploads\/2024\/08\/dreamstime_xxl_324843461-2048x1499.jpg 2048w, https:\/\/www.quantumtradeglobal.com\/wp-content\/uploads\/2024\/08\/dreamstime_xxl_324843461-1200x879.jpg 1200w, https:\/\/www.quantumtradeglobal.com\/wp-content\/uploads\/2024\/08\/dreamstime_xxl_324843461-1400x1025.jpg 1400w\" sizes=\"(max-width: 1024px) 100vw, 1024px\" \/>\t\t\t\t\t\t\t\t\t\t\t\t\t\t\t<\/div>\n\t\t\t\t<\/div>\n\t\t\t\t\t<\/div>\n\t\t\t\t<\/div>\n\t\t<div class=\"elementor-element elementor-element-e3fb546 e-con-full e-flex e-con e-child\" data-id=\"e3fb546\" data-element_type=\"container\">\n\t\t\t\t<div class=\"elementor-element elementor-element-9ea82d6 elementor-widget elementor-widget-heading\" data-id=\"9ea82d6\" data-element_type=\"widget\" data-widget_type=\"heading.default\">\n\t\t\t\t<div class=\"elementor-widget-container\">\n\t\t\t\t\t<h2 class=\"elementor-heading-title elementor-size-default\">Neden QT ile ticaret yapmal\u0131s\u0131n\u0131z?<\/h2>\t\t\t\t<\/div>\n\t\t\t\t<\/div>\n\t\t\t\t<div class=\"elementor-element elementor-element-61dcd93 elementor-widget elementor-widget-text-editor\" data-id=\"61dcd93\" data-element_type=\"widget\" data-widget_type=\"text-editor.default\">\n\t\t\t\t<div class=\"elementor-widget-container\">\n\t\t\t\t\t\t\t\t\t<p>QT ile CFD&#8217;ler arac\u0131l\u0131\u011f\u0131yla b\u00fcy\u00fcyen kripto piyasas\u0131na eri\u015febilir ve dayanak varl\u0131\u011fa sahip olman\u0131za gerek kalmadan kripto fiyat hareketlerinden faydalanman\u0131n keyfini \u00e7\u0131karabilirsiniz.<\/p>\t\t\t\t\t\t\t\t<\/div>\n\t\t\t\t<\/div>\n\t\t\t\t<div class=\"elementor-element elementor-element-1175c64 elementor-widget elementor-widget-heading\" data-id=\"1175c64\" data-element_type=\"widget\" data-widget_type=\"heading.default\">\n\t\t\t\t<div class=\"elementor-widget-container\">\n\t\t\t\t\t<h2 class=\"elementor-heading-title elementor-size-default\">\u0130\u015flem Saatleri<\/h2>\t\t\t\t<\/div>\n\t\t\t\t<\/div>\n\t\t\t\t<div class=\"elementor-element elementor-element-624402f elementor-widget elementor-widget-text-editor\" data-id=\"624402f\" data-element_type=\"widget\" data-widget_type=\"text-editor.default\">\n\t\t\t\t<div class=\"elementor-widget-container\">\n\t\t\t\t\t\t\t\t\t<p>Sunucu bak\u0131m\u0131 d\u0131\u015f\u0131nda 7\/24 kripto para ticareti yapabilirsiniz. Bu ger\u00e7ekle\u015fti\u011finde sizi e-posta yoluyla bilgilendirece\u011fiz. <\/p>\t\t\t\t\t\t\t\t<\/div>\n\t\t\t\t<\/div>\n\t\t\t\t<div class=\"elementor-element elementor-element-f66437a elementor-widget elementor-widget-heading\" data-id=\"f66437a\" data-element_type=\"widget\" data-widget_type=\"heading.default\">\n\t\t\t\t<div class=\"elementor-widget-container\">\n\t\t\t\t\t<h2 class=\"elementor-heading-title elementor-size-default\">Spreadler<\/h2>\t\t\t\t<\/div>\n\t\t\t\t<\/div>\n\t\t\t\t<div class=\"elementor-element elementor-element-8451df7 elementor-widget elementor-widget-text-editor\" data-id=\"8451df7\" data-element_type=\"widget\" data-widget_type=\"text-editor.default\">\n\t\t\t\t<div class=\"elementor-widget-container\">\n\t\t\t\t\t\t\t\t\t<p>Finansal ticarette spread, bir finansal ara\u00e7 i\u00e7in al\u0131\u015f fiyat\u0131 (al\u0131c\u0131lar\u0131n \u00f6demek istedikleri fiyat) ile sat\u0131\u015f fiyat\u0131 (sat\u0131c\u0131lar\u0131n istedikleri fiyat) aras\u0131ndaki farkt\u0131r ve genellikle pip veya puan cinsinden \u00f6l\u00e7\u00fcl\u00fcr. \u0130\u015flem maliyetini temsil eder.  Piyasalarda likidite azald\u0131\u011f\u0131nda spreadler geni\u015fleyebilir. Bu durum likidite seviyeleri eski haline d\u00f6nene kadar devam edebilir. <\/p><div>Daha dar bir spread daha y\u00fcksek likidite ve daha d\u00fc\u015f\u00fck al\u0131m sat\u0131m maliyetlerine i\u015faret ederek pozisyonlara k\u00e2rl\u0131 bir \u015fekilde girip \u00e7\u0131kmay\u0131 kolayla\u015ft\u0131r\u0131rken, daha geni\u015f bir spread daha d\u00fc\u015f\u00fck likidite veya daha y\u00fcksek volatiliteye i\u015faret ederek maliyetleri art\u0131rabilir ve potansiyel olarak al\u0131m sat\u0131m k\u00e2rl\u0131l\u0131\u011f\u0131n\u0131 etkileyebilir. Spreadleri anlamak, yat\u0131r\u0131mc\u0131lar\u0131n maliyetleri y\u00f6netmesi ve stratejileri optimize etmesi i\u00e7in \u00e7ok \u00f6nemlidir. <\/div>\t\t\t\t\t\t\t\t<\/div>\n\t\t\t\t<\/div>\n\t\t\t\t<div class=\"elementor-element elementor-element-00c6a1e elementor-widget elementor-widget-heading\" data-id=\"00c6a1e\" data-element_type=\"widget\" data-widget_type=\"heading.default\">\n\t\t\t\t<div class=\"elementor-widget-container\">\n\t\t\t\t\t<h2 class=\"elementor-heading-title elementor-size-default\">Takaslar<\/h2>\t\t\t\t<\/div>\n\t\t\t\t<\/div>\n\t\t\t\t<div class=\"elementor-element elementor-element-43bb81d elementor-widget elementor-widget-text-editor\" data-id=\"43bb81d\" data-element_type=\"widget\" data-widget_type=\"text-editor.default\">\n\t\t\t\t<div class=\"elementor-widget-container\">\n\t\t\t\t\t\t\t\t\t<p>Kripto para pozisyonlar\u0131ndan takas \u00fccreti al\u0131nmaz.<\/p>\t\t\t\t\t\t\t\t<\/div>\n\t\t\t\t<\/div>\n\t\t\t\t<div class=\"elementor-element elementor-element-62b027e elementor-widget elementor-widget-heading\" data-id=\"62b027e\" data-element_type=\"widget\" data-widget_type=\"heading.default\">\n\t\t\t\t<div class=\"elementor-widget-container\">\n\t\t\t\t\t<h2 class=\"elementor-heading-title elementor-size-default\">Sabit teminat gereksinimleri<\/h2>\t\t\t\t<\/div>\n\t\t\t\t<\/div>\n\t\t\t\t<div class=\"elementor-element elementor-element-6ee0d30 elementor-widget elementor-widget-text-editor\" data-id=\"6ee0d30\" data-element_type=\"widget\" data-widget_type=\"text-editor.default\">\n\t\t\t\t<div class=\"elementor-widget-container\">\n\t\t\t\t\t\t\t\t\t<p>T\u00fcm kripto para \u00e7iftleri i\u00e7in teminat gereksinimleri, kulland\u0131\u011f\u0131n\u0131z kald\u0131ra\u00e7tan ba\u011f\u0131ms\u0131z olarak sabittir.<\/p>\t\t\t\t\t\t\t\t<\/div>\n\t\t\t\t<\/div>\n\t\t\t\t<\/div>\n\t\t\t\t<\/div>\n\t\t\t\t\t<\/div>\n\t\t\t\t<\/div>\n\t\t\t\t<\/div>\n\t\t","protected":false},"excerpt":{"rendered":"<p>Kripto Para Kripto piyasas\u0131, yeni coin&#8217;ler olu\u015fturmak ve kullan\u0131c\u0131lara g\u00fcvenli i\u015flemler sa\u011flamak i\u00e7in blockchain teknolojisini kullanan bir dijital para piyasas\u0131d\u0131r. Kripto t\u00fcrevleri ticareti, \u00e7evrimi\u00e7i portf\u00f6y\u00fcn\u00fcz\u00fc \u00e7e\u015fitlendirmenize ve ister y\u00fckseliyor ister d\u00fc\u015f\u00fcyor olsun, kripto para birimi fiyatlar\u0131n\u0131n hareketlerinden yararlanman\u0131za olanak tan\u0131r. Neden QT ile ticaret yapmal\u0131s\u0131n\u0131z? QT ile CFD&#8217;ler arac\u0131l\u0131\u011f\u0131yla b\u00fcy\u00fcyen kripto piyasas\u0131na eri\u015febilir ve dayanak &hellip;<\/p>\n","protected":false},"author":3,"featured_media":0,"parent":1298,"menu_order":0,"comment_status":"closed","ping_status":"closed","template":"elementor_header_footer","meta":{"_genesis_block_theme_hide_title":false,"footnotes":""},"class_list":["post-1274","page","type-page","status-publish","hentry","post","without-featured-image"],"yoast_head":"<!-- This site is optimized with the Yoast SEO Premium plugin v23.0 (Yoast SEO v26.2) - https:\/\/yoast.com\/wordpress\/plugins\/seo\/ -->\n<title>Kripto - QuantumTrade<\/title>\n<meta name=\"robots\" content=\"index, follow, max-snippet:-1, max-image-preview:large, max-video-preview:-1\" \/>\n<link rel=\"canonical\" href=\"https:\/\/www.quantumtradeglobal.com\/tr\/pazar-erisimi\/kripto\/\" \/>\n<meta property=\"og:locale\" content=\"tr_TR\" \/>\n<meta property=\"og:type\" content=\"article\" \/>\n<meta property=\"og:title\" content=\"Kripto\" \/>\n<meta property=\"og:description\" content=\"Kripto Para Kripto piyasas\u0131, yeni coin&#8217;ler olu\u015fturmak ve kullan\u0131c\u0131lara g\u00fcvenli i\u015flemler sa\u011flamak i\u00e7in blockchain teknolojisini kullanan bir dijital para piyasas\u0131d\u0131r. Kripto t\u00fcrevleri ticareti, \u00e7evrimi\u00e7i portf\u00f6y\u00fcn\u00fcz\u00fc \u00e7e\u015fitlendirmenize ve ister y\u00fckseliyor ister d\u00fc\u015f\u00fcyor olsun, kripto para birimi fiyatlar\u0131n\u0131n hareketlerinden yararlanman\u0131za olanak tan\u0131r. Neden QT ile ticaret yapmal\u0131s\u0131n\u0131z? QT ile CFD&#8217;ler arac\u0131l\u0131\u011f\u0131yla b\u00fcy\u00fcyen kripto piyasas\u0131na eri\u015febilir ve dayanak &hellip;\" \/>\n<meta property=\"og:url\" content=\"https:\/\/www.quantumtradeglobal.com\/tr\/pazar-erisimi\/kripto\/\" \/>\n<meta property=\"og:site_name\" content=\"QuantumTrade\" \/>\n<meta property=\"article:modified_time\" content=\"2025-10-15T06:24:14+00:00\" \/>\n<meta property=\"og:image\" content=\"https:\/\/www.quantumtradeglobal.com\/wp-content\/uploads\/2024\/08\/dreamstime_xxl_324843461-scaled.jpg\" \/>\n\t<meta property=\"og:image:width\" content=\"2560\" \/>\n\t<meta property=\"og:image:height\" content=\"1874\" \/>\n\t<meta property=\"og:image:type\" content=\"image\/jpeg\" \/>\n<meta name=\"twitter:card\" content=\"summary_large_image\" \/>\n<meta name=\"twitter:label1\" content=\"Est. reading time\" \/>\n\t<meta name=\"twitter:data1\" content=\"2 dakika\" \/>\n<script type=\"application\/ld+json\" class=\"yoast-schema-graph\">{\"@context\":\"https:\/\/schema.org\",\"@graph\":[{\"@type\":\"WebPage\",\"@id\":\"https:\/\/www.quantumtradeglobal.com\/tr\/pazar-erisimi\/kripto\/\",\"url\":\"https:\/\/www.quantumtradeglobal.com\/tr\/pazar-erisimi\/kripto\/\",\"name\":\"Kripto - QuantumTrade\",\"isPartOf\":{\"@id\":\"https:\/\/www.quantumtradeglobal.com\/tr\/#website\"},\"primaryImageOfPage\":{\"@id\":\"https:\/\/www.quantumtradeglobal.com\/tr\/pazar-erisimi\/kripto\/#primaryimage\"},\"image\":{\"@id\":\"https:\/\/www.quantumtradeglobal.com\/tr\/pazar-erisimi\/kripto\/#primaryimage\"},\"thumbnailUrl\":\"https:\/\/www.quantumtradeglobal.com\/wp-content\/uploads\/2024\/08\/dreamstime_xxl_324843461-1024x750.jpg\",\"datePublished\":\"2024-08-15T06:36:43+00:00\",\"dateModified\":\"2025-10-15T06:24:14+00:00\",\"breadcrumb\":{\"@id\":\"https:\/\/www.quantumtradeglobal.com\/tr\/pazar-erisimi\/kripto\/#breadcrumb\"},\"inLanguage\":\"tr\",\"potentialAction\":[{\"@type\":\"ReadAction\",\"target\":[\"https:\/\/www.quantumtradeglobal.com\/tr\/pazar-erisimi\/kripto\/\"]}]},{\"@type\":\"ImageObject\",\"inLanguage\":\"tr\",\"@id\":\"https:\/\/www.quantumtradeglobal.com\/tr\/pazar-erisimi\/kripto\/#primaryimage\",\"url\":\"https:\/\/www.quantumtradeglobal.com\/wp-content\/uploads\/2024\/08\/dreamstime_xxl_324843461-1024x750.jpg\",\"contentUrl\":\"https:\/\/www.quantumtradeglobal.com\/wp-content\/uploads\/2024\/08\/dreamstime_xxl_324843461-1024x750.jpg\"},{\"@type\":\"BreadcrumbList\",\"@id\":\"https:\/\/www.quantumtradeglobal.com\/tr\/pazar-erisimi\/kripto\/#breadcrumb\",\"itemListElement\":[{\"@type\":\"ListItem\",\"position\":1,\"name\":\"Home\",\"item\":\"https:\/\/www.quantumtradeglobal.com\/tr\/anasayfa\/\"},{\"@type\":\"ListItem\",\"position\":2,\"name\":\"Pazar Eri\u015fimi\",\"item\":\"https:\/\/www.quantumtradeglobal.com\/tr\/pazar-erisimi\/\"},{\"@type\":\"ListItem\",\"position\":3,\"name\":\"\u00d6\u011frenme\"}]},{\"@type\":\"WebSite\",\"@id\":\"https:\/\/www.quantumtradeglobal.com\/tr\/#website\",\"url\":\"https:\/\/www.quantumtradeglobal.com\/tr\/\",\"name\":\"QuantumTrade\",\"description\":\"Global Markets\",\"potentialAction\":[{\"@type\":\"SearchAction\",\"target\":{\"@type\":\"EntryPoint\",\"urlTemplate\":\"https:\/\/www.quantumtradeglobal.com\/tr\/?s={search_term_string}\"},\"query-input\":{\"@type\":\"PropertyValueSpecification\",\"valueRequired\":true,\"valueName\":\"search_term_string\"}}],\"inLanguage\":\"tr\"}]}<\/script>\n<!-- \/ Yoast SEO Premium plugin. -->","yoast_head_json":{"title":"Kripto - QuantumTrade","robots":{"index":"index","follow":"follow","max-snippet":"max-snippet:-1","max-image-preview":"max-image-preview:large","max-video-preview":"max-video-preview:-1"},"canonical":"https:\/\/www.quantumtradeglobal.com\/tr\/pazar-erisimi\/kripto\/","og_locale":"tr_TR","og_type":"article","og_title":"Kripto","og_description":"Kripto Para Kripto piyasas\u0131, yeni coin&#8217;ler olu\u015fturmak ve kullan\u0131c\u0131lara g\u00fcvenli i\u015flemler sa\u011flamak i\u00e7in blockchain teknolojisini kullanan bir dijital para piyasas\u0131d\u0131r. Kripto t\u00fcrevleri ticareti, \u00e7evrimi\u00e7i portf\u00f6y\u00fcn\u00fcz\u00fc \u00e7e\u015fitlendirmenize ve ister y\u00fckseliyor ister d\u00fc\u015f\u00fcyor olsun, kripto para birimi fiyatlar\u0131n\u0131n hareketlerinden yararlanman\u0131za olanak tan\u0131r. Neden QT ile ticaret yapmal\u0131s\u0131n\u0131z? QT ile CFD&#8217;ler arac\u0131l\u0131\u011f\u0131yla b\u00fcy\u00fcyen kripto piyasas\u0131na eri\u015febilir ve dayanak &hellip;","og_url":"https:\/\/www.quantumtradeglobal.com\/tr\/pazar-erisimi\/kripto\/","og_site_name":"QuantumTrade","article_modified_time":"2025-10-15T06:24:14+00:00","og_image":[{"width":2560,"height":1874,"url":"https:\/\/www.quantumtradeglobal.com\/wp-content\/uploads\/2024\/08\/dreamstime_xxl_324843461-scaled.jpg","type":"image\/jpeg"}],"twitter_card":"summary_large_image","twitter_misc":{"Est. reading time":"2 dakika"},"schema":{"@context":"https:\/\/schema.org","@graph":[{"@type":"WebPage","@id":"https:\/\/www.quantumtradeglobal.com\/tr\/pazar-erisimi\/kripto\/","url":"https:\/\/www.quantumtradeglobal.com\/tr\/pazar-erisimi\/kripto\/","name":"Kripto - QuantumTrade","isPartOf":{"@id":"https:\/\/www.quantumtradeglobal.com\/tr\/#website"},"primaryImageOfPage":{"@id":"https:\/\/www.quantumtradeglobal.com\/tr\/pazar-erisimi\/kripto\/#primaryimage"},"image":{"@id":"https:\/\/www.quantumtradeglobal.com\/tr\/pazar-erisimi\/kripto\/#primaryimage"},"thumbnailUrl":"https:\/\/www.quantumtradeglobal.com\/wp-content\/uploads\/2024\/08\/dreamstime_xxl_324843461-1024x750.jpg","datePublished":"2024-08-15T06:36:43+00:00","dateModified":"2025-10-15T06:24:14+00:00","breadcrumb":{"@id":"https:\/\/www.quantumtradeglobal.com\/tr\/pazar-erisimi\/kripto\/#breadcrumb"},"inLanguage":"tr","potentialAction":[{"@type":"ReadAction","target":["https:\/\/www.quantumtradeglobal.com\/tr\/pazar-erisimi\/kripto\/"]}]},{"@type":"ImageObject","inLanguage":"tr","@id":"https:\/\/www.quantumtradeglobal.com\/tr\/pazar-erisimi\/kripto\/#primaryimage","url":"https:\/\/www.quantumtradeglobal.com\/wp-content\/uploads\/2024\/08\/dreamstime_xxl_324843461-1024x750.jpg","contentUrl":"https:\/\/www.quantumtradeglobal.com\/wp-content\/uploads\/2024\/08\/dreamstime_xxl_324843461-1024x750.jpg"},{"@type":"BreadcrumbList","@id":"https:\/\/www.quantumtradeglobal.com\/tr\/pazar-erisimi\/kripto\/#breadcrumb","itemListElement":[{"@type":"ListItem","position":1,"name":"Home","item":"https:\/\/www.quantumtradeglobal.com\/tr\/anasayfa\/"},{"@type":"ListItem","position":2,"name":"Pazar Eri\u015fimi","item":"https:\/\/www.quantumtradeglobal.com\/tr\/pazar-erisimi\/"},{"@type":"ListItem","position":3,"name":"\u00d6\u011frenme"}]},{"@type":"WebSite","@id":"https:\/\/www.quantumtradeglobal.com\/tr\/#website","url":"https:\/\/www.quantumtradeglobal.com\/tr\/","name":"QuantumTrade","description":"Global Markets","potentialAction":[{"@type":"SearchAction","target":{"@type":"EntryPoint","urlTemplate":"https:\/\/www.quantumtradeglobal.com\/tr\/?s={search_term_string}"},"query-input":{"@type":"PropertyValueSpecification","valueRequired":true,"valueName":"search_term_string"}}],"inLanguage":"tr"}]}},"featured_image_src":null,"featured_image_src_square":null,"_links":{"self":[{"href":"https:\/\/www.quantumtradeglobal.com\/tr\/wp-json\/wp\/v2\/pages\/1274","targetHints":{"allow":["GET"]}}],"collection":[{"href":"https:\/\/www.quantumtradeglobal.com\/tr\/wp-json\/wp\/v2\/pages"}],"about":[{"href":"https:\/\/www.quantumtradeglobal.com\/tr\/wp-json\/wp\/v2\/types\/page"}],"author":[{"embeddable":true,"href":"https:\/\/www.quantumtradeglobal.com\/tr\/wp-json\/wp\/v2\/users\/3"}],"replies":[{"embeddable":true,"href":"https:\/\/www.quantumtradeglobal.com\/tr\/wp-json\/wp\/v2\/comments?post=1274"}],"version-history":[{"count":0,"href":"https:\/\/www.quantumtradeglobal.com\/tr\/wp-json\/wp\/v2\/pages\/1274\/revisions"}],"up":[{"embeddable":true,"href":"https:\/\/www.quantumtradeglobal.com\/tr\/wp-json\/wp\/v2\/pages\/1298"}],"wp:attachment":[{"href":"https:\/\/www.quantumtradeglobal.com\/tr\/wp-json\/wp\/v2\/media?parent=1274"}],"curies":[{"name":"wp","href":"https:\/\/api.w.org\/{rel}","templated":true}]}}