{"id":1291,"date":"2024-08-15T07:26:52","date_gmt":"2024-08-15T06:26:52","guid":{"rendered":"https:\/\/quantumtraddev.wpenginepowered.com\/cfd-nedir\/"},"modified":"2025-06-07T04:21:36","modified_gmt":"2025-06-07T03:21:36","slug":"cfd-nedir","status":"publish","type":"page","link":"https:\/\/www.quantumtradeglobal.com\/tr\/ogrenme\/cfd-nedir\/","title":{"rendered":"CFD nedir"},"content":{"rendered":"\t\t<div data-elementor-type=\"wp-page\" data-elementor-id=\"1291\" class=\"elementor elementor-1291 elementor-166\" data-elementor-settings=\"{&quot;element_pack_global_tooltip_width&quot;:{&quot;unit&quot;:&quot;px&quot;,&quot;size&quot;:&quot;&quot;,&quot;sizes&quot;:[]},&quot;element_pack_global_tooltip_width_tablet&quot;:{&quot;unit&quot;:&quot;px&quot;,&quot;size&quot;:&quot;&quot;,&quot;sizes&quot;:[]},&quot;element_pack_global_tooltip_width_mobile&quot;:{&quot;unit&quot;:&quot;px&quot;,&quot;size&quot;:&quot;&quot;,&quot;sizes&quot;:[]},&quot;element_pack_global_tooltip_padding&quot;:{&quot;unit&quot;:&quot;px&quot;,&quot;top&quot;:&quot;&quot;,&quot;right&quot;:&quot;&quot;,&quot;bottom&quot;:&quot;&quot;,&quot;left&quot;:&quot;&quot;,&quot;isLinked&quot;:true},&quot;element_pack_global_tooltip_padding_tablet&quot;:{&quot;unit&quot;:&quot;px&quot;,&quot;top&quot;:&quot;&quot;,&quot;right&quot;:&quot;&quot;,&quot;bottom&quot;:&quot;&quot;,&quot;left&quot;:&quot;&quot;,&quot;isLinked&quot;:true},&quot;element_pack_global_tooltip_padding_mobile&quot;:{&quot;unit&quot;:&quot;px&quot;,&quot;top&quot;:&quot;&quot;,&quot;right&quot;:&quot;&quot;,&quot;bottom&quot;:&quot;&quot;,&quot;left&quot;:&quot;&quot;,&quot;isLinked&quot;:true},&quot;element_pack_global_tooltip_border_radius&quot;:{&quot;unit&quot;:&quot;px&quot;,&quot;top&quot;:&quot;&quot;,&quot;right&quot;:&quot;&quot;,&quot;bottom&quot;:&quot;&quot;,&quot;left&quot;:&quot;&quot;,&quot;isLinked&quot;:true},&quot;element_pack_global_tooltip_border_radius_tablet&quot;:{&quot;unit&quot;:&quot;px&quot;,&quot;top&quot;:&quot;&quot;,&quot;right&quot;:&quot;&quot;,&quot;bottom&quot;:&quot;&quot;,&quot;left&quot;:&quot;&quot;,&quot;isLinked&quot;:true},&quot;element_pack_global_tooltip_border_radius_mobile&quot;:{&quot;unit&quot;:&quot;px&quot;,&quot;top&quot;:&quot;&quot;,&quot;right&quot;:&quot;&quot;,&quot;bottom&quot;:&quot;&quot;,&quot;left&quot;:&quot;&quot;,&quot;isLinked&quot;:true}}\" data-elementor-post-type=\"page\">\n\t\t\t\t<div class=\"elementor-element elementor-element-2098d04 e-con-full e-flex e-con e-parent\" data-id=\"2098d04\" data-element_type=\"container\">\n\t\t\t\t<div class=\"elementor-element elementor-element-9970f27 elementor-widget elementor-widget-template\" data-id=\"9970f27\" data-element_type=\"widget\" data-widget_type=\"template.default\">\n\t\t\t\t<div class=\"elementor-widget-container\">\n\t\t\t\t\t\t\t<div class=\"elementor-template\">\n\t\t\t\t\t<div data-elementor-type=\"container\" data-elementor-id=\"60\" class=\"elementor elementor-60\" data-elementor-post-type=\"elementor_library\">\n\t\t\t\t<div class=\"elementor-element elementor-element-44ac8a0 e-flex e-con-boxed e-con e-parent\" data-id=\"44ac8a0\" data-element_type=\"container\" data-settings=\"{&quot;background_background&quot;:&quot;classic&quot;}\">\n\t\t\t\t\t<div class=\"e-con-inner\">\n\t\t\t\t<div class=\"elementor-element elementor-element-c5bf1fd elementor-widget elementor-widget-breadcrumbs\" data-id=\"c5bf1fd\" data-element_type=\"widget\" data-widget_type=\"breadcrumbs.default\">\n\t\t\t\t<div class=\"elementor-widget-container\">\n\t\t\t\t\t<p id=\"breadcrumbs\"><span><span><a href=\"https:\/\/www.quantumtradeglobal.com\/tr\/anasayfa\/\">Home<\/a><\/span><\/span><\/p>\t\t\t\t<\/div>\n\t\t\t\t<\/div>\n\t\t\t\t\t<\/div>\n\t\t\t\t<\/div>\n\t\t\t\t<\/div>\n\t\t\t\t<\/div>\n\t\t\t\t\t\t<\/div>\n\t\t\t\t<\/div>\n\t\t\t\t<\/div>\n\t\t<div data-uael-partstyle=\"default\" data-uael-partcolor=\"\" data-uael-partopacity=\"\" data-uael-partdirection=\"bottom\" class=\"elementor-element elementor-element-dcdf747 uael-particle-yes e-flex e-con-boxed uael-particle-adv-no e-con e-parent\" data-id=\"dcdf747\" data-element_type=\"container\">\n\t\t\t\t\t<div class=\"e-con-inner\">\n\t\t\t\t<div class=\"elementor-element elementor-element-bda5e40 elementor-widget elementor-widget-heading\" data-id=\"bda5e40\" data-element_type=\"widget\" data-widget_type=\"heading.default\">\n\t\t\t\t<div class=\"elementor-widget-container\">\n\t\t\t\t\t<h1 class=\"elementor-heading-title elementor-size-default\">CFD nedir?<\/h1>\t\t\t\t<\/div>\n\t\t\t\t<\/div>\n\t\t\t\t\t<\/div>\n\t\t\t\t<\/div>\n\t\t<div class=\"elementor-element elementor-element-6d8ed44 e-flex e-con-boxed e-con e-parent\" data-id=\"6d8ed44\" data-element_type=\"container\">\n\t\t\t\t\t<div class=\"e-con-inner\">\n\t\t\t\t<div class=\"elementor-element elementor-element-1bc78e7 elementor-widget elementor-widget-text-editor\" data-id=\"1bc78e7\" data-element_type=\"widget\" data-widget_type=\"text-editor.default\">\n\t\t\t\t<div class=\"elementor-widget-container\">\n\t\t\t\t\t\t\t\t\t<p><span style=\"font-size: 16px; color: #272c30;\">Fark s\u00f6zle\u015fmesi (CFD), dayanak varl\u0131\u011f\u0131n do\u011frudan m\u00fclkiyetine ihtiya\u00e7 duymadan varl\u0131k fiyatlar\u0131n\u0131n al\u0131m sat\u0131m\u0131n\u0131 sa\u011flayan bir finansal ara\u00e7t\u0131r. CFD&#8217;ler, hisse senetleri, emtialar ve para birimleri de dahil olmak \u00fczere \u00e7e\u015fitli varl\u0131klar\u0131n hareketi \u00fczerine spek\u00fclasyon yapmak i\u00e7in kullan\u0131labilir. <\/span><\/p><p><span style=\"font-size: 16px;\">A\u015fa\u011f\u0131da CFD ticaretinin mekani\u011fine ili\u015fkin bir a\u00e7\u0131klama yer almaktad\u0131r.<\/span><\/p><ul><li>Bir Pozisyon A\u00e7mak:<\/li><\/ul><p>Sat\u0131n Al (Uzun Git): Yat\u0131r\u0131mc\u0131n\u0131n varl\u0131\u011f\u0131n fiyat\u0131nda bir art\u0131\u015f beklemesi durumunda<\/p><p>Satmak (a\u00e7\u0131\u011fa satmak). Yat\u0131r\u0131mc\u0131n\u0131n varl\u0131\u011f\u0131n fiyat\u0131nda bir d\u00fc\u015f\u00fc\u015f beklemesi durumunda. <\/p><ul><li>Kald\u0131ra\u00e7:<\/li><\/ul><p>Kald\u0131ra\u00e7, daha az miktarda sermaye ile daha b\u00fcy\u00fck bir pozisyonun kontrol edilmesini sa\u011flar. \u00d6rnek vermek gerekirse, 1.000 $ de\u011ferindeki bir i\u015flemi kontrol etmek i\u00e7in toplam 100 $ kullan\u0131labilir. Kald\u0131ra\u00e7, k\u00e2r\u0131 art\u0131rma potansiyeline sahip olsa da kay\u0131plar\u0131 da art\u0131rabilece\u011fi unutulmamal\u0131d\u0131r.  <\/p><ul><li>K\u00e2r ve Zarar:<\/li><\/ul><p>Bir al\u0131m yap\u0131lmas\u0131 ve ard\u0131ndan fiyat\u0131n artmas\u0131 durumunda, yat\u0131r\u0131mc\u0131 ortaya \u00e7\u0131kan kar\u0131 tahakkuk ettirecektir. Bir sat\u0131\u015f yap\u0131lmas\u0131 ve sonras\u0131nda fiyat\u0131n d\u00fc\u015fmesi durumunda, yat\u0131r\u0131mc\u0131 sat\u0131\u015f fiyat\u0131 ile cari fiyat aras\u0131ndaki farka e\u015fit bir kazan\u00e7 elde edecektir. Tersine, yat\u0131r\u0131mc\u0131 bir varl\u0131k sat\u0131n al\u0131r ve daha sonra fiyat d\u00fc\u015ferse, yat\u0131r\u0131mc\u0131 sat\u0131n alma fiyat\u0131 ile cari fiyat aras\u0131ndaki farka e\u015fit bir zarara u\u011frayacakt\u0131r.    <\/p>\t\t\t\t\t\t\t\t<\/div>\n\t\t\t\t<\/div>\n\t\t\t\t<div class=\"elementor-element elementor-element-eb21041 elementor-widget elementor-widget-image\" data-id=\"eb21041\" data-element_type=\"widget\" data-widget_type=\"image.default\">\n\t\t\t\t<div class=\"elementor-widget-container\">\n\t\t\t\t\t\t\t\t\t\t\t\t\t\t\t<img fetchpriority=\"high\" decoding=\"async\" width=\"1024\" height=\"750\" src=\"https:\/\/www.quantumtradeglobal.com\/wp-content\/uploads\/2024\/08\/dreamstime_xxl_324843343-1024x750.jpg\" class=\"attachment-large size-large wp-image-1336\" alt=\"\" srcset=\"https:\/\/www.quantumtradeglobal.com\/wp-content\/uploads\/2024\/08\/dreamstime_xxl_324843343-1024x750.jpg 1024w, https:\/\/www.quantumtradeglobal.com\/wp-content\/uploads\/2024\/08\/dreamstime_xxl_324843343-300x220.jpg 300w, https:\/\/www.quantumtradeglobal.com\/wp-content\/uploads\/2024\/08\/dreamstime_xxl_324843343-768x562.jpg 768w, https:\/\/www.quantumtradeglobal.com\/wp-content\/uploads\/2024\/08\/dreamstime_xxl_324843343-1536x1125.jpg 1536w, https:\/\/www.quantumtradeglobal.com\/wp-content\/uploads\/2024\/08\/dreamstime_xxl_324843343-2048x1499.jpg 2048w, https:\/\/www.quantumtradeglobal.com\/wp-content\/uploads\/2024\/08\/dreamstime_xxl_324843343-1200x879.jpg 1200w, https:\/\/www.quantumtradeglobal.com\/wp-content\/uploads\/2024\/08\/dreamstime_xxl_324843343-1400x1025.jpg 1400w\" sizes=\"(max-width: 1024px) 100vw, 1024px\" \/>\t\t\t\t\t\t\t\t\t\t\t\t\t\t\t<\/div>\n\t\t\t\t<\/div>\n\t\t\t\t<div class=\"elementor-element elementor-element-600d25d elementor-widget__width-initial elementor-widget elementor-widget-text-editor\" data-id=\"600d25d\" data-element_type=\"widget\" data-widget_type=\"text-editor.default\">\n\t\t\t\t<div class=\"elementor-widget-container\">\n\t\t\t\t\t\t\t\t\t<p>CFD&#8217;lerin avantajlar\u0131 ve riskleri<\/p><p>Hem yukar\u0131 hem de a\u015fa\u011f\u0131 y\u00f6nl\u00fc piyasa hareketlerinden k\u00e2r elde etmek m\u00fcmk\u00fcnd\u00fcr. Piyasan\u0131n yukar\u0131 veya a\u015fa\u011f\u0131 y\u00f6nl\u00fc bir y\u00f6r\u00fcngede olup olmad\u0131\u011f\u0131na bak\u0131lmaks\u0131z\u0131n k\u00e2r elde etmek m\u00fcmk\u00fcnd\u00fcr. <\/p><ul><li>K\u00fcresel piyasalara eri\u015fim: CFD&#8217;ler \u00e7ok \u00e7e\u015fitli piyasalara ve varl\u0131klara maruz kalma imkan\u0131 sunar.<\/li><\/ul><p>Kald\u0131ra\u00e7, bir yat\u0131r\u0131m\u0131n potansiyel kazan\u00e7lar\u0131n\u0131 veya kay\u0131plar\u0131n\u0131 art\u0131rmak i\u00e7in \u00f6d\u00fcn\u00e7 al\u0131nan fonlar\u0131n kullan\u0131lmas\u0131 olarak tan\u0131mlan\u0131r. Daha k\u00fc\u00e7\u00fck bir ba\u015flang\u0131\u00e7 yat\u0131r\u0131m\u0131 ile daha b\u00fcy\u00fck pozisyonlarda i\u015flem yapmak m\u00fcmk\u00fcnd\u00fcr. <\/p><p>CFD&#8217;lerle ili\u015fkili potansiyel riskler a\u015fa\u011f\u0131daki gibidir:<\/p><ul><li>B\u00fcy\u00fct\u00fclm\u00fc\u015f kay\u0131plar: Kald\u0131ra\u00e7 kullan\u0131m\u0131, ilk yat\u0131r\u0131m\u0131 a\u015fabilecek \u00f6nemli kay\u0131plara neden olabilir.<\/li><li>Piyasa Oynakl\u0131\u011f\u0131: H\u0131zl\u0131 fiyat de\u011fi\u015fiklikleri \u00f6nemli kay\u0131plara neden olabilir.<\/li><li>Kar\u015f\u0131 Taraf Riski: CFD&#8217;ler tezgah \u00fcst\u00fc \u00fcr\u00fcnler oldu\u011fundan, komisyoncunun finansal istikrar\u0131 \u00f6nemli bir fakt\u00f6rd\u00fcr.<\/li><\/ul><p>CFD \u201cler, varl\u0131\u011fa sahip olmaya gerek kalmadan fiyat hareketleri \u00fczerinde spek\u00fclasyon yap\u0131lmas\u0131na olanak tan\u0131yan \u00e7ok y\u00f6nl\u00fc ticaret ara\u00e7lar\u0131d\u0131r. Kald\u0131ra\u00e7 kullanarak \u00e7e\u015fitli piyasa ko\u015fullar\u0131nda k\u00e2r etme f\u0131rsatlar\u0131 sunarlar, ancak ayn\u0131 zamanda \u00f6nemli riskleri de beraberinde getirirler. Ba\u015far\u0131l\u0131 bir \u015fekilde i\u015flem yapabilmek i\u00e7in riski etkin bir \u015fekilde y\u00f6netmek ve CFD\u201d lerin nas\u0131l \u00e7al\u0131\u015ft\u0131\u011f\u0131n\u0131 tam olarak anlamak \u00e7ok \u00f6nemlidir.  <\/p>\t\t\t\t\t\t\t\t<\/div>\n\t\t\t\t<\/div>\n\t\t\t\t\t<\/div>\n\t\t\t\t<\/div>\n\t\t\t\t<\/div>\n\t\t","protected":false},"excerpt":{"rendered":"<p>CFD nedir? Fark s\u00f6zle\u015fmesi (CFD), dayanak varl\u0131\u011f\u0131n do\u011frudan m\u00fclkiyetine ihtiya\u00e7 duymadan varl\u0131k fiyatlar\u0131n\u0131n al\u0131m sat\u0131m\u0131n\u0131 sa\u011flayan bir finansal ara\u00e7t\u0131r. CFD&#8217;ler, hisse senetleri, emtialar ve para birimleri de dahil olmak \u00fczere \u00e7e\u015fitli varl\u0131klar\u0131n hareketi \u00fczerine spek\u00fclasyon yapmak i\u00e7in kullan\u0131labilir. A\u015fa\u011f\u0131da CFD ticaretinin mekani\u011fine ili\u015fkin bir a\u00e7\u0131klama yer almaktad\u0131r. Bir Pozisyon A\u00e7mak: Sat\u0131n Al (Uzun Git): Yat\u0131r\u0131mc\u0131n\u0131n &hellip;<\/p>\n","protected":false},"author":3,"featured_media":0,"parent":1297,"menu_order":0,"comment_status":"closed","ping_status":"closed","template":"elementor_header_footer","meta":{"_genesis_block_theme_hide_title":false,"footnotes":""},"class_list":["post-1291","page","type-page","status-publish","hentry","post","without-featured-image"],"yoast_head":"<!-- This site is optimized with the Yoast SEO Premium plugin v23.0 (Yoast SEO v26.2) - https:\/\/yoast.com\/wordpress\/plugins\/seo\/ -->\n<title>CFD nedir - QuantumTrade<\/title>\n<meta name=\"robots\" content=\"index, follow, max-snippet:-1, max-image-preview:large, max-video-preview:-1\" \/>\n<link rel=\"canonical\" href=\"https:\/\/www.quantumtradeglobal.com\/tr\/ogrenme\/cfd-nedir\/\" \/>\n<meta property=\"og:locale\" content=\"tr_TR\" \/>\n<meta property=\"og:type\" content=\"article\" \/>\n<meta property=\"og:title\" content=\"CFD nedir\" \/>\n<meta property=\"og:description\" content=\"CFD nedir? Fark s\u00f6zle\u015fmesi (CFD), dayanak varl\u0131\u011f\u0131n do\u011frudan m\u00fclkiyetine ihtiya\u00e7 duymadan varl\u0131k fiyatlar\u0131n\u0131n al\u0131m sat\u0131m\u0131n\u0131 sa\u011flayan bir finansal ara\u00e7t\u0131r. CFD&#8217;ler, hisse senetleri, emtialar ve para birimleri de dahil olmak \u00fczere \u00e7e\u015fitli varl\u0131klar\u0131n hareketi \u00fczerine spek\u00fclasyon yapmak i\u00e7in kullan\u0131labilir. A\u015fa\u011f\u0131da CFD ticaretinin mekani\u011fine ili\u015fkin bir a\u00e7\u0131klama yer almaktad\u0131r. Bir Pozisyon A\u00e7mak: Sat\u0131n Al (Uzun Git): Yat\u0131r\u0131mc\u0131n\u0131n &hellip;\" \/>\n<meta property=\"og:url\" content=\"https:\/\/www.quantumtradeglobal.com\/tr\/ogrenme\/cfd-nedir\/\" \/>\n<meta property=\"og:site_name\" content=\"QuantumTrade\" \/>\n<meta property=\"article:modified_time\" content=\"2025-06-07T03:21:36+00:00\" \/>\n<meta property=\"og:image\" content=\"https:\/\/www.quantumtradeglobal.com\/wp-content\/uploads\/2024\/08\/dreamstime_xxl_324843343-scaled.jpg\" \/>\n\t<meta property=\"og:image:width\" content=\"2560\" \/>\n\t<meta property=\"og:image:height\" content=\"1874\" \/>\n\t<meta property=\"og:image:type\" content=\"image\/jpeg\" \/>\n<meta name=\"twitter:card\" content=\"summary_large_image\" \/>\n<meta name=\"twitter:label1\" content=\"Est. reading time\" \/>\n\t<meta name=\"twitter:data1\" content=\"3 dakika\" \/>\n<script type=\"application\/ld+json\" class=\"yoast-schema-graph\">{\"@context\":\"https:\/\/schema.org\",\"@graph\":[{\"@type\":\"WebPage\",\"@id\":\"https:\/\/www.quantumtradeglobal.com\/tr\/ogrenme\/cfd-nedir\/\",\"url\":\"https:\/\/www.quantumtradeglobal.com\/tr\/ogrenme\/cfd-nedir\/\",\"name\":\"CFD nedir - QuantumTrade\",\"isPartOf\":{\"@id\":\"https:\/\/www.quantumtradeglobal.com\/tr\/#website\"},\"primaryImageOfPage\":{\"@id\":\"https:\/\/www.quantumtradeglobal.com\/tr\/ogrenme\/cfd-nedir\/#primaryimage\"},\"image\":{\"@id\":\"https:\/\/www.quantumtradeglobal.com\/tr\/ogrenme\/cfd-nedir\/#primaryimage\"},\"thumbnailUrl\":\"https:\/\/www.quantumtradeglobal.com\/wp-content\/uploads\/2024\/08\/dreamstime_xxl_324843343-1024x750.jpg\",\"datePublished\":\"2024-08-15T06:26:52+00:00\",\"dateModified\":\"2025-06-07T03:21:36+00:00\",\"breadcrumb\":{\"@id\":\"https:\/\/www.quantumtradeglobal.com\/tr\/ogrenme\/cfd-nedir\/#breadcrumb\"},\"inLanguage\":\"tr\",\"potentialAction\":[{\"@type\":\"ReadAction\",\"target\":[\"https:\/\/www.quantumtradeglobal.com\/tr\/ogrenme\/cfd-nedir\/\"]}]},{\"@type\":\"ImageObject\",\"inLanguage\":\"tr\",\"@id\":\"https:\/\/www.quantumtradeglobal.com\/tr\/ogrenme\/cfd-nedir\/#primaryimage\",\"url\":\"https:\/\/www.quantumtradeglobal.com\/wp-content\/uploads\/2024\/08\/dreamstime_xxl_324843343-1024x750.jpg\",\"contentUrl\":\"https:\/\/www.quantumtradeglobal.com\/wp-content\/uploads\/2024\/08\/dreamstime_xxl_324843343-1024x750.jpg\"},{\"@type\":\"BreadcrumbList\",\"@id\":\"https:\/\/www.quantumtradeglobal.com\/tr\/ogrenme\/cfd-nedir\/#breadcrumb\",\"itemListElement\":[{\"@type\":\"ListItem\",\"position\":1,\"name\":\"Home\",\"item\":\"https:\/\/www.quantumtradeglobal.com\/tr\/anasayfa\/\"},{\"@type\":\"ListItem\",\"position\":2,\"name\":\"\u00d6\u011frenme\",\"item\":\"https:\/\/www.quantumtradeglobal.com\/tr\/ogrenme\/\"},{\"@type\":\"ListItem\",\"position\":3,\"name\":\"\u00d6\u011frenme\"}]},{\"@type\":\"WebSite\",\"@id\":\"https:\/\/www.quantumtradeglobal.com\/tr\/#website\",\"url\":\"https:\/\/www.quantumtradeglobal.com\/tr\/\",\"name\":\"QuantumTrade\",\"description\":\"Global Markets\",\"potentialAction\":[{\"@type\":\"SearchAction\",\"target\":{\"@type\":\"EntryPoint\",\"urlTemplate\":\"https:\/\/www.quantumtradeglobal.com\/tr\/?s={search_term_string}\"},\"query-input\":{\"@type\":\"PropertyValueSpecification\",\"valueRequired\":true,\"valueName\":\"search_term_string\"}}],\"inLanguage\":\"tr\"}]}<\/script>\n<!-- \/ Yoast SEO Premium plugin. -->","yoast_head_json":{"title":"CFD nedir - QuantumTrade","robots":{"index":"index","follow":"follow","max-snippet":"max-snippet:-1","max-image-preview":"max-image-preview:large","max-video-preview":"max-video-preview:-1"},"canonical":"https:\/\/www.quantumtradeglobal.com\/tr\/ogrenme\/cfd-nedir\/","og_locale":"tr_TR","og_type":"article","og_title":"CFD nedir","og_description":"CFD nedir? Fark s\u00f6zle\u015fmesi (CFD), dayanak varl\u0131\u011f\u0131n do\u011frudan m\u00fclkiyetine ihtiya\u00e7 duymadan varl\u0131k fiyatlar\u0131n\u0131n al\u0131m sat\u0131m\u0131n\u0131 sa\u011flayan bir finansal ara\u00e7t\u0131r. CFD&#8217;ler, hisse senetleri, emtialar ve para birimleri de dahil olmak \u00fczere \u00e7e\u015fitli varl\u0131klar\u0131n hareketi \u00fczerine spek\u00fclasyon yapmak i\u00e7in kullan\u0131labilir. A\u015fa\u011f\u0131da CFD ticaretinin mekani\u011fine ili\u015fkin bir a\u00e7\u0131klama yer almaktad\u0131r. Bir Pozisyon A\u00e7mak: Sat\u0131n Al (Uzun Git): Yat\u0131r\u0131mc\u0131n\u0131n &hellip;","og_url":"https:\/\/www.quantumtradeglobal.com\/tr\/ogrenme\/cfd-nedir\/","og_site_name":"QuantumTrade","article_modified_time":"2025-06-07T03:21:36+00:00","og_image":[{"width":2560,"height":1874,"url":"https:\/\/www.quantumtradeglobal.com\/wp-content\/uploads\/2024\/08\/dreamstime_xxl_324843343-scaled.jpg","type":"image\/jpeg"}],"twitter_card":"summary_large_image","twitter_misc":{"Est. reading time":"3 dakika"},"schema":{"@context":"https:\/\/schema.org","@graph":[{"@type":"WebPage","@id":"https:\/\/www.quantumtradeglobal.com\/tr\/ogrenme\/cfd-nedir\/","url":"https:\/\/www.quantumtradeglobal.com\/tr\/ogrenme\/cfd-nedir\/","name":"CFD nedir - QuantumTrade","isPartOf":{"@id":"https:\/\/www.quantumtradeglobal.com\/tr\/#website"},"primaryImageOfPage":{"@id":"https:\/\/www.quantumtradeglobal.com\/tr\/ogrenme\/cfd-nedir\/#primaryimage"},"image":{"@id":"https:\/\/www.quantumtradeglobal.com\/tr\/ogrenme\/cfd-nedir\/#primaryimage"},"thumbnailUrl":"https:\/\/www.quantumtradeglobal.com\/wp-content\/uploads\/2024\/08\/dreamstime_xxl_324843343-1024x750.jpg","datePublished":"2024-08-15T06:26:52+00:00","dateModified":"2025-06-07T03:21:36+00:00","breadcrumb":{"@id":"https:\/\/www.quantumtradeglobal.com\/tr\/ogrenme\/cfd-nedir\/#breadcrumb"},"inLanguage":"tr","potentialAction":[{"@type":"ReadAction","target":["https:\/\/www.quantumtradeglobal.com\/tr\/ogrenme\/cfd-nedir\/"]}]},{"@type":"ImageObject","inLanguage":"tr","@id":"https:\/\/www.quantumtradeglobal.com\/tr\/ogrenme\/cfd-nedir\/#primaryimage","url":"https:\/\/www.quantumtradeglobal.com\/wp-content\/uploads\/2024\/08\/dreamstime_xxl_324843343-1024x750.jpg","contentUrl":"https:\/\/www.quantumtradeglobal.com\/wp-content\/uploads\/2024\/08\/dreamstime_xxl_324843343-1024x750.jpg"},{"@type":"BreadcrumbList","@id":"https:\/\/www.quantumtradeglobal.com\/tr\/ogrenme\/cfd-nedir\/#breadcrumb","itemListElement":[{"@type":"ListItem","position":1,"name":"Home","item":"https:\/\/www.quantumtradeglobal.com\/tr\/anasayfa\/"},{"@type":"ListItem","position":2,"name":"\u00d6\u011frenme","item":"https:\/\/www.quantumtradeglobal.com\/tr\/ogrenme\/"},{"@type":"ListItem","position":3,"name":"\u00d6\u011frenme"}]},{"@type":"WebSite","@id":"https:\/\/www.quantumtradeglobal.com\/tr\/#website","url":"https:\/\/www.quantumtradeglobal.com\/tr\/","name":"QuantumTrade","description":"Global Markets","potentialAction":[{"@type":"SearchAction","target":{"@type":"EntryPoint","urlTemplate":"https:\/\/www.quantumtradeglobal.com\/tr\/?s={search_term_string}"},"query-input":{"@type":"PropertyValueSpecification","valueRequired":true,"valueName":"search_term_string"}}],"inLanguage":"tr"}]}},"featured_image_src":null,"featured_image_src_square":null,"_links":{"self":[{"href":"https:\/\/www.quantumtradeglobal.com\/tr\/wp-json\/wp\/v2\/pages\/1291","targetHints":{"allow":["GET"]}}],"collection":[{"href":"https:\/\/www.quantumtradeglobal.com\/tr\/wp-json\/wp\/v2\/pages"}],"about":[{"href":"https:\/\/www.quantumtradeglobal.com\/tr\/wp-json\/wp\/v2\/types\/page"}],"author":[{"embeddable":true,"href":"https:\/\/www.quantumtradeglobal.com\/tr\/wp-json\/wp\/v2\/users\/3"}],"replies":[{"embeddable":true,"href":"https:\/\/www.quantumtradeglobal.com\/tr\/wp-json\/wp\/v2\/comments?post=1291"}],"version-history":[{"count":0,"href":"https:\/\/www.quantumtradeglobal.com\/tr\/wp-json\/wp\/v2\/pages\/1291\/revisions"}],"up":[{"embeddable":true,"href":"https:\/\/www.quantumtradeglobal.com\/tr\/wp-json\/wp\/v2\/pages\/1297"}],"wp:attachment":[{"href":"https:\/\/www.quantumtradeglobal.com\/tr\/wp-json\/wp\/v2\/media?parent=1291"}],"curies":[{"name":"wp","href":"https:\/\/api.w.org\/{rel}","templated":true}]}}