{"id":1298,"date":"2024-07-27T14:18:48","date_gmt":"2024-07-27T13:18:48","guid":{"rendered":"https:\/\/quantumtraddev.wpenginepowered.com\/pazar-erisimi\/"},"modified":"2025-10-15T10:32:28","modified_gmt":"2025-10-15T09:32:28","slug":"pazar-erisimi","status":"publish","type":"page","link":"https:\/\/www.quantumtradeglobal.com\/tr\/pazar-erisimi\/","title":{"rendered":"Pazar Eri\u015fimi"},"content":{"rendered":"\t\t<div data-elementor-type=\"wp-page\" data-elementor-id=\"1298\" class=\"elementor elementor-1298 elementor-62\" data-elementor-settings=\"{&quot;element_pack_global_tooltip_width&quot;:{&quot;unit&quot;:&quot;px&quot;,&quot;size&quot;:&quot;&quot;,&quot;sizes&quot;:[]},&quot;element_pack_global_tooltip_width_tablet&quot;:{&quot;unit&quot;:&quot;px&quot;,&quot;size&quot;:&quot;&quot;,&quot;sizes&quot;:[]},&quot;element_pack_global_tooltip_width_mobile&quot;:{&quot;unit&quot;:&quot;px&quot;,&quot;size&quot;:&quot;&quot;,&quot;sizes&quot;:[]},&quot;element_pack_global_tooltip_padding&quot;:{&quot;unit&quot;:&quot;px&quot;,&quot;top&quot;:&quot;&quot;,&quot;right&quot;:&quot;&quot;,&quot;bottom&quot;:&quot;&quot;,&quot;left&quot;:&quot;&quot;,&quot;isLinked&quot;:true},&quot;element_pack_global_tooltip_padding_tablet&quot;:{&quot;unit&quot;:&quot;px&quot;,&quot;top&quot;:&quot;&quot;,&quot;right&quot;:&quot;&quot;,&quot;bottom&quot;:&quot;&quot;,&quot;left&quot;:&quot;&quot;,&quot;isLinked&quot;:true},&quot;element_pack_global_tooltip_padding_mobile&quot;:{&quot;unit&quot;:&quot;px&quot;,&quot;top&quot;:&quot;&quot;,&quot;right&quot;:&quot;&quot;,&quot;bottom&quot;:&quot;&quot;,&quot;left&quot;:&quot;&quot;,&quot;isLinked&quot;:true},&quot;element_pack_global_tooltip_border_radius&quot;:{&quot;unit&quot;:&quot;px&quot;,&quot;top&quot;:&quot;&quot;,&quot;right&quot;:&quot;&quot;,&quot;bottom&quot;:&quot;&quot;,&quot;left&quot;:&quot;&quot;,&quot;isLinked&quot;:true},&quot;element_pack_global_tooltip_border_radius_tablet&quot;:{&quot;unit&quot;:&quot;px&quot;,&quot;top&quot;:&quot;&quot;,&quot;right&quot;:&quot;&quot;,&quot;bottom&quot;:&quot;&quot;,&quot;left&quot;:&quot;&quot;,&quot;isLinked&quot;:true},&quot;element_pack_global_tooltip_border_radius_mobile&quot;:{&quot;unit&quot;:&quot;px&quot;,&quot;top&quot;:&quot;&quot;,&quot;right&quot;:&quot;&quot;,&quot;bottom&quot;:&quot;&quot;,&quot;left&quot;:&quot;&quot;,&quot;isLinked&quot;:true}}\" data-elementor-post-type=\"page\">\n\t\t\t\t<div class=\"elementor-element elementor-element-e7f0fae e-con-full e-flex e-con e-parent\" data-id=\"e7f0fae\" data-element_type=\"container\">\n\t\t\t\t<div class=\"elementor-element elementor-element-dac8b50 elementor-widget elementor-widget-template\" data-id=\"dac8b50\" data-element_type=\"widget\" data-widget_type=\"template.default\">\n\t\t\t\t<div class=\"elementor-widget-container\">\n\t\t\t\t\t\t\t<div class=\"elementor-template\">\n\t\t\t\t\t<div data-elementor-type=\"container\" data-elementor-id=\"60\" class=\"elementor elementor-60\" data-elementor-post-type=\"elementor_library\">\n\t\t\t\t<div class=\"elementor-element elementor-element-44ac8a0 e-flex e-con-boxed e-con e-parent\" data-id=\"44ac8a0\" data-element_type=\"container\" data-settings=\"{&quot;background_background&quot;:&quot;classic&quot;}\">\n\t\t\t\t\t<div class=\"e-con-inner\">\n\t\t\t\t<div class=\"elementor-element elementor-element-c5bf1fd elementor-widget elementor-widget-breadcrumbs\" data-id=\"c5bf1fd\" data-element_type=\"widget\" data-widget_type=\"breadcrumbs.default\">\n\t\t\t\t<div class=\"elementor-widget-container\">\n\t\t\t\t\t<p id=\"breadcrumbs\"><span><span><a href=\"https:\/\/www.quantumtradeglobal.com\/tr\/anasayfa\/\">Home<\/a><\/span><\/span><\/p>\t\t\t\t<\/div>\n\t\t\t\t<\/div>\n\t\t\t\t\t<\/div>\n\t\t\t\t<\/div>\n\t\t\t\t<\/div>\n\t\t\t\t<\/div>\n\t\t\t\t\t\t<\/div>\n\t\t\t\t<\/div>\n\t\t\t\t<\/div>\n\t\t<div data-uael-partstyle=\"default\" data-uael-partcolor=\"\" data-uael-partopacity=\"\" data-uael-partdirection=\"bottom\" class=\"elementor-element elementor-element-442c941 uael-particle-yes e-flex e-con-boxed uael-particle-adv-no e-con e-parent\" data-id=\"442c941\" data-element_type=\"container\">\n\t\t\t\t\t<div class=\"e-con-inner\">\n\t\t\t\t<div class=\"elementor-element elementor-element-eadfecd elementor-widget elementor-widget-heading\" data-id=\"eadfecd\" data-element_type=\"widget\" data-widget_type=\"heading.default\">\n\t\t\t\t<div class=\"elementor-widget-container\">\n\t\t\t\t\t<h1 class=\"elementor-heading-title elementor-size-default\">Pazar Eri\u015fimi<\/h1>\t\t\t\t<\/div>\n\t\t\t\t<\/div>\n\t\t\t\t<div class=\"elementor-element elementor-element-42930dd elementor-widget elementor-widget-text-editor\" data-id=\"42930dd\" data-element_type=\"widget\" data-widget_type=\"text-editor.default\">\n\t\t\t\t<div class=\"elementor-widget-container\">\n\t\t\t\t\t\t\t\t\t<p>QT&#8217;de ticaret yapma \u015feklinizi de\u011fi\u015ftiriyoruz. Teknolojimiz ve ortakl\u0131klar\u0131m\u0131z size forex, hisse senetleri ve emtialar dahil olmak \u00fczere k\u00fcresel piyasalara eri\u015fim sa\u011flar. Bu, ortaya \u00e7\u0131kt\u0131klar\u0131nda yeni f\u0131rsatlardan yararlanabilece\u011finiz anlam\u0131na gelir. Platformumuz h\u0131zl\u0131d\u0131r, ger\u00e7ek zamanl\u0131 veri sa\u011flar ve yat\u0131r\u0131mc\u0131lar\u0131n ihtiya\u00e7 duydu\u011fu her \u015feye sahiptir. Bu, her seviyeden yat\u0131r\u0131mc\u0131n\u0131n kendinden emin hissetmesine ve ellerinden gelenin en iyisini yapmas\u0131na yard\u0131mc\u0131 olur. Finans d\u00fcnyas\u0131yla sorunsuz bir ba\u011flant\u0131 kurun ve yeni ticaret f\u0131rsatlar\u0131n\u0131 ke\u015ffedin.     <\/p>\t\t\t\t\t\t\t\t<\/div>\n\t\t\t\t<\/div>\n\t\t\t\t\t<\/div>\n\t\t\t\t<\/div>\n\t\t<div class=\"elementor-element elementor-element-3c59d32 e-flex e-con-boxed e-con e-parent\" data-id=\"3c59d32\" data-element_type=\"container\">\n\t\t\t\t\t<div class=\"e-con-inner\">\n\t\t\t\t<div class=\"elementor-element elementor-element-86fe6b9 elementor-cta--skin-classic elementor-animated-content elementor-bg-transform elementor-bg-transform-zoom-in elementor-widget elementor-widget-call-to-action\" data-id=\"86fe6b9\" data-element_type=\"widget\" data-widget_type=\"call-to-action.default\">\n\t\t\t\t<div class=\"elementor-widget-container\">\n\t\t\t\t\t\t\t<div class=\"elementor-cta\">\n\t\t\t\t\t<div class=\"elementor-cta__bg-wrapper\">\n\t\t\t\t<div class=\"elementor-cta__bg elementor-bg\" style=\"background-image: url(https:\/\/www.quantumtradeglobal.com\/wp-content\/uploads\/2024\/08\/dreamstime_xxl_25291026648-1024x915.jpg);\" role=\"img\" aria-label=\"http:\/\/www.dreamstime.com\/royalty-free-stock-image-stock-market-trade-isolated-cartoon-vector-illustrations-se-set-portfolio-manager-consult-investment-strategy-hedge-fund-trader-image252910266\"><\/div>\n\t\t\t\t<div class=\"elementor-cta__bg-overlay\"><\/div>\n\t\t\t<\/div>\n\t\t\t\t\t\t\t<div class=\"elementor-cta__content\">\n\t\t\t\t\n\t\t\t\t\t\t\t\t\t<h2 class=\"elementor-cta__title elementor-cta__content-item elementor-content-item\">\n\t\t\t\t\t\tGer\u00e7ek Zamanl\u0131 Teklifler ve S\u00f6zle\u015fme \u00d6zellikleri\t\t\t\t\t<\/h2>\n\t\t\t\t\n\t\t\t\t\t\t\t\t\t<div class=\"elementor-cta__description elementor-cta__content-item elementor-content-item\">\n\t\t\t\t\t\tTicaret ara\u00e7lar\u0131n\u0131n \u00f6zellikleri hakk\u0131nda daha fazla bilgi edinmek i\u00e7in t\u0131klay\u0131n\t\t\t\t\t<\/div>\n\t\t\t\t\n\t\t\t\t\t\t\t\t\t<div class=\"elementor-cta__button-wrapper elementor-cta__content-item elementor-content-item \">\n\t\t\t\t\t<a class=\"elementor-cta__button elementor-button elementor-size-\" href=\"https:\/\/qtextra.space.quantgm.com\">\n\t\t\t\t\t\tBuraya t\u0131klay\u0131n\t\t\t\t\t<\/a>\n\t\t\t\t\t<\/div>\n\t\t\t\t\t\t\t<\/div>\n\t\t\t\t\t\t<\/div>\n\t\t\t\t\t\t<\/div>\n\t\t\t\t<\/div>\n\t\t\t\t\t<\/div>\n\t\t\t\t<\/div>\n\t\t\t\t<\/div>\n\t\t","protected":false},"excerpt":{"rendered":"<p>Pazar Eri\u015fimi QT&#8217;de ticaret yapma \u015feklinizi de\u011fi\u015ftiriyoruz. Teknolojimiz ve ortakl\u0131klar\u0131m\u0131z size forex, hisse senetleri ve emtialar dahil olmak \u00fczere k\u00fcresel piyasalara eri\u015fim sa\u011flar. Bu, ortaya \u00e7\u0131kt\u0131klar\u0131nda yeni f\u0131rsatlardan yararlanabilece\u011finiz anlam\u0131na gelir. Platformumuz h\u0131zl\u0131d\u0131r, ger\u00e7ek zamanl\u0131 veri sa\u011flar ve yat\u0131r\u0131mc\u0131lar\u0131n ihtiya\u00e7 duydu\u011fu her \u015feye sahiptir. Bu, her seviyeden yat\u0131r\u0131mc\u0131n\u0131n kendinden emin hissetmesine ve ellerinden gelenin en &hellip;<\/p>\n","protected":false},"author":2,"featured_media":0,"parent":0,"menu_order":0,"comment_status":"closed","ping_status":"closed","template":"elementor_header_footer","meta":{"_genesis_block_theme_hide_title":false,"footnotes":""},"class_list":["post-1298","page","type-page","status-publish","hentry","post","without-featured-image"],"yoast_head":"<!-- This site is optimized with the Yoast SEO Premium plugin v23.0 (Yoast SEO v26.2) - https:\/\/yoast.com\/wordpress\/plugins\/seo\/ -->\n<title>Pazar Eri\u015fimi - QuantumTrade<\/title>\n<meta name=\"robots\" content=\"index, follow, max-snippet:-1, max-image-preview:large, max-video-preview:-1\" \/>\n<link rel=\"canonical\" href=\"https:\/\/www.quantumtradeglobal.com\/tr\/pazar-erisimi\/\" \/>\n<meta property=\"og:locale\" content=\"tr_TR\" \/>\n<meta property=\"og:type\" content=\"article\" \/>\n<meta property=\"og:title\" content=\"Pazar Eri\u015fimi\" \/>\n<meta property=\"og:description\" content=\"Pazar Eri\u015fimi QT&#8217;de ticaret yapma \u015feklinizi de\u011fi\u015ftiriyoruz. Teknolojimiz ve ortakl\u0131klar\u0131m\u0131z size forex, hisse senetleri ve emtialar dahil olmak \u00fczere k\u00fcresel piyasalara eri\u015fim sa\u011flar. Bu, ortaya \u00e7\u0131kt\u0131klar\u0131nda yeni f\u0131rsatlardan yararlanabilece\u011finiz anlam\u0131na gelir. Platformumuz h\u0131zl\u0131d\u0131r, ger\u00e7ek zamanl\u0131 veri sa\u011flar ve yat\u0131r\u0131mc\u0131lar\u0131n ihtiya\u00e7 duydu\u011fu her \u015feye sahiptir. Bu, her seviyeden yat\u0131r\u0131mc\u0131n\u0131n kendinden emin hissetmesine ve ellerinden gelenin en &hellip;\" \/>\n<meta property=\"og:url\" content=\"https:\/\/www.quantumtradeglobal.com\/tr\/pazar-erisimi\/\" \/>\n<meta property=\"og:site_name\" content=\"QuantumTrade\" \/>\n<meta property=\"article:modified_time\" content=\"2025-10-15T09:32:28+00:00\" \/>\n<meta name=\"twitter:card\" content=\"summary_large_image\" \/>\n<meta name=\"twitter:label1\" content=\"Est. reading time\" \/>\n\t<meta name=\"twitter:data1\" content=\"1 dakika\" \/>\n<script type=\"application\/ld+json\" class=\"yoast-schema-graph\">{\"@context\":\"https:\/\/schema.org\",\"@graph\":[{\"@type\":\"WebPage\",\"@id\":\"https:\/\/www.quantumtradeglobal.com\/tr\/pazar-erisimi\/\",\"url\":\"https:\/\/www.quantumtradeglobal.com\/tr\/pazar-erisimi\/\",\"name\":\"Pazar Eri\u015fimi - QuantumTrade\",\"isPartOf\":{\"@id\":\"https:\/\/www.quantumtradeglobal.com\/tr\/#website\"},\"datePublished\":\"2024-07-27T13:18:48+00:00\",\"dateModified\":\"2025-10-15T09:32:28+00:00\",\"breadcrumb\":{\"@id\":\"https:\/\/www.quantumtradeglobal.com\/tr\/pazar-erisimi\/#breadcrumb\"},\"inLanguage\":\"tr\",\"potentialAction\":[{\"@type\":\"ReadAction\",\"target\":[\"https:\/\/www.quantumtradeglobal.com\/tr\/pazar-erisimi\/\"]}]},{\"@type\":\"BreadcrumbList\",\"@id\":\"https:\/\/www.quantumtradeglobal.com\/tr\/pazar-erisimi\/#breadcrumb\",\"itemListElement\":[{\"@type\":\"ListItem\",\"position\":1,\"name\":\"Home\",\"item\":\"https:\/\/www.quantumtradeglobal.com\/tr\/anasayfa\/\"},{\"@type\":\"ListItem\",\"position\":2,\"name\":\"Pazar Eri\u015fimi\"}]},{\"@type\":\"WebSite\",\"@id\":\"https:\/\/www.quantumtradeglobal.com\/tr\/#website\",\"url\":\"https:\/\/www.quantumtradeglobal.com\/tr\/\",\"name\":\"QuantumTrade\",\"description\":\"Global Markets\",\"potentialAction\":[{\"@type\":\"SearchAction\",\"target\":{\"@type\":\"EntryPoint\",\"urlTemplate\":\"https:\/\/www.quantumtradeglobal.com\/tr\/?s={search_term_string}\"},\"query-input\":{\"@type\":\"PropertyValueSpecification\",\"valueRequired\":true,\"valueName\":\"search_term_string\"}}],\"inLanguage\":\"tr\"}]}<\/script>\n<!-- \/ Yoast SEO Premium plugin. -->","yoast_head_json":{"title":"Pazar Eri\u015fimi - QuantumTrade","robots":{"index":"index","follow":"follow","max-snippet":"max-snippet:-1","max-image-preview":"max-image-preview:large","max-video-preview":"max-video-preview:-1"},"canonical":"https:\/\/www.quantumtradeglobal.com\/tr\/pazar-erisimi\/","og_locale":"tr_TR","og_type":"article","og_title":"Pazar Eri\u015fimi","og_description":"Pazar Eri\u015fimi QT&#8217;de ticaret yapma \u015feklinizi de\u011fi\u015ftiriyoruz. Teknolojimiz ve ortakl\u0131klar\u0131m\u0131z size forex, hisse senetleri ve emtialar dahil olmak \u00fczere k\u00fcresel piyasalara eri\u015fim sa\u011flar. Bu, ortaya \u00e7\u0131kt\u0131klar\u0131nda yeni f\u0131rsatlardan yararlanabilece\u011finiz anlam\u0131na gelir. Platformumuz h\u0131zl\u0131d\u0131r, ger\u00e7ek zamanl\u0131 veri sa\u011flar ve yat\u0131r\u0131mc\u0131lar\u0131n ihtiya\u00e7 duydu\u011fu her \u015feye sahiptir. Bu, her seviyeden yat\u0131r\u0131mc\u0131n\u0131n kendinden emin hissetmesine ve ellerinden gelenin en &hellip;","og_url":"https:\/\/www.quantumtradeglobal.com\/tr\/pazar-erisimi\/","og_site_name":"QuantumTrade","article_modified_time":"2025-10-15T09:32:28+00:00","twitter_card":"summary_large_image","twitter_misc":{"Est. reading time":"1 dakika"},"schema":{"@context":"https:\/\/schema.org","@graph":[{"@type":"WebPage","@id":"https:\/\/www.quantumtradeglobal.com\/tr\/pazar-erisimi\/","url":"https:\/\/www.quantumtradeglobal.com\/tr\/pazar-erisimi\/","name":"Pazar Eri\u015fimi - QuantumTrade","isPartOf":{"@id":"https:\/\/www.quantumtradeglobal.com\/tr\/#website"},"datePublished":"2024-07-27T13:18:48+00:00","dateModified":"2025-10-15T09:32:28+00:00","breadcrumb":{"@id":"https:\/\/www.quantumtradeglobal.com\/tr\/pazar-erisimi\/#breadcrumb"},"inLanguage":"tr","potentialAction":[{"@type":"ReadAction","target":["https:\/\/www.quantumtradeglobal.com\/tr\/pazar-erisimi\/"]}]},{"@type":"BreadcrumbList","@id":"https:\/\/www.quantumtradeglobal.com\/tr\/pazar-erisimi\/#breadcrumb","itemListElement":[{"@type":"ListItem","position":1,"name":"Home","item":"https:\/\/www.quantumtradeglobal.com\/tr\/anasayfa\/"},{"@type":"ListItem","position":2,"name":"Pazar Eri\u015fimi"}]},{"@type":"WebSite","@id":"https:\/\/www.quantumtradeglobal.com\/tr\/#website","url":"https:\/\/www.quantumtradeglobal.com\/tr\/","name":"QuantumTrade","description":"Global Markets","potentialAction":[{"@type":"SearchAction","target":{"@type":"EntryPoint","urlTemplate":"https:\/\/www.quantumtradeglobal.com\/tr\/?s={search_term_string}"},"query-input":{"@type":"PropertyValueSpecification","valueRequired":true,"valueName":"search_term_string"}}],"inLanguage":"tr"}]}},"featured_image_src":null,"featured_image_src_square":null,"_links":{"self":[{"href":"https:\/\/www.quantumtradeglobal.com\/tr\/wp-json\/wp\/v2\/pages\/1298","targetHints":{"allow":["GET"]}}],"collection":[{"href":"https:\/\/www.quantumtradeglobal.com\/tr\/wp-json\/wp\/v2\/pages"}],"about":[{"href":"https:\/\/www.quantumtradeglobal.com\/tr\/wp-json\/wp\/v2\/types\/page"}],"author":[{"embeddable":true,"href":"https:\/\/www.quantumtradeglobal.com\/tr\/wp-json\/wp\/v2\/users\/2"}],"replies":[{"embeddable":true,"href":"https:\/\/www.quantumtradeglobal.com\/tr\/wp-json\/wp\/v2\/comments?post=1298"}],"version-history":[{"count":0,"href":"https:\/\/www.quantumtradeglobal.com\/tr\/wp-json\/wp\/v2\/pages\/1298\/revisions"}],"wp:attachment":[{"href":"https:\/\/www.quantumtradeglobal.com\/tr\/wp-json\/wp\/v2\/media?parent=1298"}],"curies":[{"name":"wp","href":"https:\/\/api.w.org\/{rel}","templated":true}]}}