{"id":1316,"date":"2024-08-12T07:47:20","date_gmt":"2024-08-12T06:47:20","guid":{"rendered":"https:\/\/quantumtraddev.wpenginepowered.com\/ogrenme\/riskleri-anlayin\/"},"modified":"2025-06-07T04:21:46","modified_gmt":"2025-06-07T03:21:46","slug":"riskleri-anlayin","status":"publish","type":"page","link":"https:\/\/www.quantumtradeglobal.com\/tr\/ogrenme\/riskleri-anlayin\/","title":{"rendered":"Riskleri Anlay\u0131n"},"content":{"rendered":"\t\t<div data-elementor-type=\"wp-page\" data-elementor-id=\"1316\" class=\"elementor elementor-1316 elementor-163\" data-elementor-settings=\"{&quot;element_pack_global_tooltip_width&quot;:{&quot;unit&quot;:&quot;px&quot;,&quot;size&quot;:&quot;&quot;,&quot;sizes&quot;:[]},&quot;element_pack_global_tooltip_width_tablet&quot;:{&quot;unit&quot;:&quot;px&quot;,&quot;size&quot;:&quot;&quot;,&quot;sizes&quot;:[]},&quot;element_pack_global_tooltip_width_mobile&quot;:{&quot;unit&quot;:&quot;px&quot;,&quot;size&quot;:&quot;&quot;,&quot;sizes&quot;:[]},&quot;element_pack_global_tooltip_padding&quot;:{&quot;unit&quot;:&quot;px&quot;,&quot;top&quot;:&quot;&quot;,&quot;right&quot;:&quot;&quot;,&quot;bottom&quot;:&quot;&quot;,&quot;left&quot;:&quot;&quot;,&quot;isLinked&quot;:true},&quot;element_pack_global_tooltip_padding_tablet&quot;:{&quot;unit&quot;:&quot;px&quot;,&quot;top&quot;:&quot;&quot;,&quot;right&quot;:&quot;&quot;,&quot;bottom&quot;:&quot;&quot;,&quot;left&quot;:&quot;&quot;,&quot;isLinked&quot;:true},&quot;element_pack_global_tooltip_padding_mobile&quot;:{&quot;unit&quot;:&quot;px&quot;,&quot;top&quot;:&quot;&quot;,&quot;right&quot;:&quot;&quot;,&quot;bottom&quot;:&quot;&quot;,&quot;left&quot;:&quot;&quot;,&quot;isLinked&quot;:true},&quot;element_pack_global_tooltip_border_radius&quot;:{&quot;unit&quot;:&quot;px&quot;,&quot;top&quot;:&quot;&quot;,&quot;right&quot;:&quot;&quot;,&quot;bottom&quot;:&quot;&quot;,&quot;left&quot;:&quot;&quot;,&quot;isLinked&quot;:true},&quot;element_pack_global_tooltip_border_radius_tablet&quot;:{&quot;unit&quot;:&quot;px&quot;,&quot;top&quot;:&quot;&quot;,&quot;right&quot;:&quot;&quot;,&quot;bottom&quot;:&quot;&quot;,&quot;left&quot;:&quot;&quot;,&quot;isLinked&quot;:true},&quot;element_pack_global_tooltip_border_radius_mobile&quot;:{&quot;unit&quot;:&quot;px&quot;,&quot;top&quot;:&quot;&quot;,&quot;right&quot;:&quot;&quot;,&quot;bottom&quot;:&quot;&quot;,&quot;left&quot;:&quot;&quot;,&quot;isLinked&quot;:true}}\" data-elementor-post-type=\"page\">\n\t\t\t\t<div data-uael-partstyle=\"default\" data-uael-partcolor=\"\" data-uael-partopacity=\"\" data-uael-partdirection=\"bottom\" class=\"elementor-element elementor-element-dcdf747 uael-particle-yes e-flex e-con-boxed uael-particle-adv-no e-con e-parent\" data-id=\"dcdf747\" data-element_type=\"container\">\n\t\t\t\t\t<div class=\"e-con-inner\">\n\t\t\t\t<div class=\"elementor-element elementor-element-bda5e40 elementor-widget elementor-widget-heading\" data-id=\"bda5e40\" data-element_type=\"widget\" data-widget_type=\"heading.default\">\n\t\t\t\t<div class=\"elementor-widget-container\">\n\t\t\t\t\t<h1 class=\"elementor-heading-title elementor-size-default\">Riskleri Anlamak<\/h1>\t\t\t\t<\/div>\n\t\t\t\t<\/div>\n\t\t\t\t\t<\/div>\n\t\t\t\t<\/div>\n\t\t<header class=\"elementor-element elementor-element-748f800 e-flex e-con-boxed e-con e-parent\" data-id=\"748f800\" data-element_type=\"container\">\n\t\t\t\t\t<div class=\"e-con-inner\">\n\t\t\t\t<div class=\"elementor-element elementor-element-69c7e0c elementor-widget elementor-widget-image\" data-id=\"69c7e0c\" data-element_type=\"widget\" data-widget_type=\"image.default\">\n\t\t\t\t<div class=\"elementor-widget-container\">\n\t\t\t\t\t\t\t\t\t\t\t\t\t\t\t<img fetchpriority=\"high\" decoding=\"async\" width=\"1024\" height=\"563\" src=\"https:\/\/www.quantumtradeglobal.com\/wp-content\/uploads\/2024\/08\/dreamstime_xxl_324842554-crop-1024x563.jpg\" class=\"attachment-large size-large wp-image-1317\" alt=\"\" srcset=\"https:\/\/www.quantumtradeglobal.com\/wp-content\/uploads\/2024\/08\/dreamstime_xxl_324842554-crop-1024x563.jpg 1024w, https:\/\/www.quantumtradeglobal.com\/wp-content\/uploads\/2024\/08\/dreamstime_xxl_324842554-crop-300x165.jpg 300w, https:\/\/www.quantumtradeglobal.com\/wp-content\/uploads\/2024\/08\/dreamstime_xxl_324842554-crop-768x422.jpg 768w, https:\/\/www.quantumtradeglobal.com\/wp-content\/uploads\/2024\/08\/dreamstime_xxl_324842554-crop-1536x844.jpg 1536w, https:\/\/www.quantumtradeglobal.com\/wp-content\/uploads\/2024\/08\/dreamstime_xxl_324842554-crop-2048x1125.jpg 2048w, https:\/\/www.quantumtradeglobal.com\/wp-content\/uploads\/2024\/08\/dreamstime_xxl_324842554-crop-1200x659.jpg 1200w, https:\/\/www.quantumtradeglobal.com\/wp-content\/uploads\/2024\/08\/dreamstime_xxl_324842554-crop-1400x769.jpg 1400w\" sizes=\"(max-width: 1024px) 100vw, 1024px\" \/>\t\t\t\t\t\t\t\t\t\t\t\t\t\t\t<\/div>\n\t\t\t\t<\/div>\n\t\t\t\t<div class=\"elementor-element elementor-element-7301d33 elementor-widget elementor-widget-text-editor\" data-id=\"7301d33\" data-element_type=\"widget\" r1=\"\" data-widget_type=\"text-editor.default\">\n\t\t\t\t<div class=\"elementor-widget-container\">\n\t\t\t\t\t\t\t\t\t<blockquote><h2 style=\"text-align: left;\">Pozisyon Boyutu<\/h2><p><span style=\"font-size: 16px;\">Pozisyon Boyutland\u0131rma, finansal ticarette risk y\u00f6netiminin temel bir y\u00f6n\u00fcd\u00fcr. Genel portf\u00f6y ile ili\u015fkili olarak her bir spesifik ticarete tahsis edilecek sermaye miktar\u0131n\u0131n belirlenmesini i\u00e7erir.   <\/span><\/p><\/blockquote><ul><li><span style=\"background-color: transparent;\">Etkili pozisyon boyutland\u0131rma stratejileri aras\u0131nda, bir yat\u0131r\u0131mc\u0131n\u0131n toplam sermayesinin belirli bir y\u00fczdesini her bir i\u015fleme tahsis etti\u011fi sabit kesirli pozisyon boyutland\u0131rma yer al\u0131r. \u00d6rne\u011fin, 100.000 $\u201cl\u0131k bir portf\u00f6y\u00fcn %2\u201d sini riske atmak, her bir i\u015flem i\u00e7in 2.000 $ riske atmak anlam\u0131na gelir.   <\/span><\/li><li><span style=\"background-color: transparent;\">Di\u011fer bir y\u00f6ntem ise pozisyon b\u00fcy\u00fckl\u00fc\u011f\u00fcn\u00fc varl\u0131\u011f\u0131n volatilitesine g\u00f6re ayarlayan volatilite bazl\u0131 pozisyon boyutland\u0131rmas\u0131d\u0131r. Daha y\u00fcksek volatiliteye sahip varl\u0131klar riski s\u0131n\u0131rlamak i\u00e7in daha k\u00fc\u00e7\u00fck tahsisler al\u0131rken, daha az volatil varl\u0131klar daha b\u00fcy\u00fck tahsisler alabilir.   <\/span><\/li><li>\u0130leri d\u00fczey yat\u0131r\u0131mc\u0131lar, uzun vadeli servet art\u0131\u015f\u0131n\u0131 en \u00fcst d\u00fczeye \u00e7\u0131karmak i\u00e7in bir dizi bahsin optimum boyutunu hesaplayan matematiksel bir form\u00fcl olan Kelly Kriterini kullanabilir.<\/li><\/ul>\t\t\t\t\t\t\t\t<\/div>\n\t\t\t\t<\/div>\n\t\t\t\t<div class=\"elementor-element elementor-element-d8193f8 elementor-widget elementor-widget-text-editor\" data-id=\"d8193f8\" data-element_type=\"widget\" data-widget_type=\"text-editor.default\">\n\t\t\t\t<div class=\"elementor-widget-container\">\n\t\t\t\t\t\t\t\t\t<blockquote><h2><strong>Stop-Loss Emirleri<\/strong><\/h2><p>Zarar\u0131 Durdur Emirleri, al\u0131m sat\u0131mdaki potansiyel kay\u0131plar\u0131 s\u0131n\u0131rland\u0131rmak i\u00e7in kritik ara\u00e7lard\u0131r. Zarar\u0131 durdur emri, \u00f6nceden belirlenmi\u015f bir fiyata ula\u015ft\u0131\u011f\u0131nda bir varl\u0131\u011f\u0131 otomatik olarak satar veya sat\u0131n al\u0131r, b\u00f6ylece bir pozisyondaki zarar\u0131 s\u0131n\u0131rlar.   <\/p><\/blockquote><ul><li>Giri\u015f noktas\u0131ndan belirli bir fiyat seviyesinde veya y\u00fczdesinde belirlenen sabit zarar\u0131 durdur emirleri ve varl\u0131\u011f\u0131n fiyat\u0131yla birlikte hareket eden ve fiyat olumlu y\u00f6nde hareket ettik\u00e7e sabit bir mesafeyi koruyan takip eden zarar\u0131 durdur emirleri dahil olmak \u00fczere \u00e7e\u015fitli zarar\u0131 durdur emirleri vard\u0131r.  <\/li><li style=\"text-align: left;\">Zarar\u0131 durdur emirlerini etkili bir \u015fekilde yerle\u015ftirmek, genellikle teknik analiz kullanarak bunlar\u0131 uzun pozisyonlar i\u00e7in destek seviyelerinin hemen alt\u0131na veya k\u0131sa pozisyonlar i\u00e7in diren\u00e7 seviyelerinin hemen \u00fczerine koymay\u0131 i\u00e7erir. Duraklar\u0131, di\u011fer bir\u00e7ok t\u00fcccar\u0131n duraklar\u0131n\u0131 yerle\u015ftirebilece\u011fi bariz seviyelerde ayarlamaktan ka\u00e7\u0131nmak . <\/li><\/ul>\t\t\t\t\t\t\t\t<\/div>\n\t\t\t\t<\/div>\n\t\t\t\t<div class=\"elementor-element elementor-element-729b037 elementor-widget elementor-widget-text-editor\" data-id=\"729b037\" data-element_type=\"widget\" data-widget_type=\"text-editor.default\">\n\t\t\t\t<div class=\"elementor-widget-container\">\n\t\t\t\t\t\t\t\t\t<blockquote><h2><strong>Risk-\u00d6d\u00fcl Oran\u0131<\/strong><\/h2><p>Risk-\u00d6d\u00fcl Oran\u0131, bir ticaretin potansiyel k\u00e2r\u0131n\u0131 potansiyel zararla kar\u015f\u0131la\u015ft\u0131ran, ticarette \u00f6nemli bir \u00f6l\u00e7\u00fctt\u00fcr.  <\/p><\/blockquote><ul><li>Risk-\u00f6d\u00fcl oran\u0131n\u0131n hesaplanmas\u0131, riskin giri\u015f fiyat\u0131 ile zarar\u0131 durdurma fiyat\u0131 aras\u0131ndaki fark olarak ve \u00f6d\u00fcl\u00fcn giri\u015f fiyat\u0131 ile hedef fiyat aras\u0131ndaki fark olarak belirlenmesini i\u00e7erir. \u00d6rne\u011fin, bir hisse senedini 100 dolardan sat\u0131n al\u0131p zarar\u0131 durdurma fiyat\u0131 95 dolar (5 dolar risk) ve hedef fiyat 110 dolar (10 dolar \u00f6d\u00fcl) oldu\u011funda risk-\u00f6d\u00fcl oran\u0131 1:2 olur.   <\/li><li>Bu oran, yat\u0131r\u0131mc\u0131lar\u0131n potansiyel \u00f6d\u00fcl\u00fcn al\u0131nan riski hakl\u0131 \u00e7\u0131kar\u0131p \u00e7\u0131karmad\u0131\u011f\u0131n\u0131 de\u011ferlendirmelerine yard\u0131mc\u0131 olur. Genel olarak, en az 1:2 veya daha y\u00fcksek bir risk-\u00f6d\u00fcl oran\u0131n\u0131n hedeflenmesi tavsiye edilir, \u00e7\u00fcnk\u00fc daha y\u00fcksek oranlar potansiyel k\u00e2r ve risk aras\u0131nda daha uygun bir denge oldu\u011funu g\u00f6sterir. <\/li><\/ul>\t\t\t\t\t\t\t\t<\/div>\n\t\t\t\t<\/div>\n\t\t\t\t<div class=\"elementor-element elementor-element-b8fbb92 elementor-widget elementor-widget-text-editor\" data-id=\"b8fbb92\" data-element_type=\"widget\" data-widget_type=\"text-editor.default\">\n\t\t\t\t<div class=\"elementor-widget-container\">\n\t\t\t\t\t\t\t\t\t<blockquote><h2><strong>\u00c7e\u015fitlendirme<\/strong> <\/h2><p>\u00c7e\u015fitlendirme, tek bir varl\u0131\u011f\u0131n d\u00fc\u015f\u00fck performans\u0131n\u0131n portf\u00f6y\u00fcn geneli \u00fczerindeki etkisini azaltmak i\u00e7in yat\u0131r\u0131mlar\u0131 \u00e7e\u015fitli varl\u0131klara, sekt\u00f6rlere veya b\u00f6lgelere yaymay\u0131 i\u00e7eren bir stratejidir.  <\/p><\/blockquote><ul><li>Etkili \u00e7e\u015fitlendirme, hisse senetleri, tahviller, emtialar ve gayrimenkul gibi varl\u0131k s\u0131n\u0131flar\u0131n\u0131n bir kar\u0131\u015f\u0131m\u0131na yat\u0131r\u0131m yapmay\u0131 i\u00e7erir.  <\/li><li>Ayr\u0131ca, her bir varl\u0131k s\u0131n\u0131f\u0131 i\u00e7inde teknoloji, sa\u011fl\u0131k ve enerji gibi farkl\u0131 sekt\u00f6rler aras\u0131nda \u00e7e\u015fitlendirme yapmak riski daha da yayar.  <\/li><li>Co\u011frafi \u00e7e\u015fitlendirme, farkl\u0131 b\u00f6lgelere yat\u0131r\u0131m yaparak \u00fclkeye \u00f6zg\u00fc riskleri azaltmaya yard\u0131mc\u0131 olur. Birbirleriyle d\u00fc\u015f\u00fck korelasyona sahip, yani fiyatlar\u0131 birlikte hareket etmeyen varl\u0131klar\u0131n se\u00e7ilmesi, \u00e7e\u015fitlendirmenin faydalar\u0131n\u0131 art\u0131rarak daha dayan\u0131kl\u0131 bir portf\u00f6y elde edilmesini sa\u011flar. <\/li><\/ul>\t\t\t\t\t\t\t\t<\/div>\n\t\t\t\t<\/div>\n\t\t\t\t<div class=\"elementor-element elementor-element-205adf8 elementor-widget elementor-widget-text-editor\" data-id=\"205adf8\" data-element_type=\"widget\" data-widget_type=\"text-editor.default\">\n\t\t\t\t<div class=\"elementor-widget-container\">\n\t\t\t\t\t\t\t\t\t<blockquote><h2><strong>Kald\u0131ra\u00e7 Y\u00f6netimi<\/strong><\/h2><p>\u00d6d\u00fcn\u00e7 sermaye ile al\u0131m sat\u0131m yaparken Kald\u0131ra\u00e7 Y\u00f6netimi \u00e7ok \u00f6nemlidir. Kald\u0131ra\u00e7 kazan\u00e7lar\u0131 art\u0131rabilirken, kay\u0131plar\u0131 da b\u00fcy\u00fct\u00fcr. <\/p><\/blockquote><ul><li>Etkin kald\u0131ra\u00e7 y\u00f6netimi, \u00f6d\u00fcn\u00e7 al\u0131nan fonlar\u0131n kullan\u0131m\u0131n\u0131n riski a\u015f\u0131r\u0131 derecede art\u0131rmamas\u0131n\u0131 sa\u011flar. Kald\u0131rac\u0131 anlamak, y\u00fcksek kald\u0131ra\u00e7 kullan\u0131ld\u0131\u011f\u0131nda k\u00fc\u00e7\u00fck bir olumsuz fiyat hareketinin bile \u00f6nemli kay\u0131plara yol a\u00e7abilece\u011fini kabul etmeyi i\u00e7erir. \u00d6d\u00fcn\u00e7 al\u0131nan fonlar\u0131n kendi sermayenize oran\u0131 olan kald\u0131ra\u00e7 oran\u0131n\u0131n y\u00f6netilebilir seviyelerde tutulmas\u0131, y\u0131k\u0131c\u0131 kay\u0131plar\u0131n \u00f6nlenmesine yard\u0131mc\u0131 olur.    <\/li><li>Arac\u0131lar taraf\u0131ndan belirlenen teminat gerekliliklerinin fark\u0131nda olmak, varl\u0131klar\u0131n uygun olmayan fiyatlardan zorla sat\u0131labilece\u011fi teminat \u00e7a\u011fr\u0131lar\u0131ndan ka\u00e7\u0131nmak i\u00e7in \u00e7ok \u00f6nemlidir. Kald\u0131ra\u00e7l\u0131 pozisyonlar\u0131 korumak i\u00e7in zarar\u0131 durdur emirleri kullanmak ve kald\u0131rac\u0131 ihtiyatl\u0131 seviyelerde tutmak, riski etkin bir \u015fekilde y\u00f6netmek i\u00e7in hayati uygulamalard\u0131r. <\/li><\/ul>\t\t\t\t\t\t\t\t<\/div>\n\t\t\t\t<\/div>\n\t\t\t\t<div class=\"elementor-element elementor-element-86c4b7a elementor-widget elementor-widget-text-editor\" data-id=\"86c4b7a\" data-element_type=\"widget\" data-widget_type=\"text-editor.default\">\n\t\t\t\t<div class=\"elementor-widget-container\">\n\t\t\t\t\t\t\t\t\t<blockquote><h2><strong>Risk Tolerans\u0131<\/strong><\/h2><p>Risk Tolerans\u0131n\u0131n De\u011ferlendirilmesi, ki\u015finin potansiyel finansal kay\u0131plara katlanma yetene\u011fini ve isteklili\u011fini anlamak ve tan\u0131mlamakla ilgilidir.  <\/p><\/blockquote><ul><li>Bu, ya\u015f, mali durum ve yat\u0131r\u0131m hedefleri gibi ki\u015fisel fakt\u00f6rlerin dikkate al\u0131nmas\u0131n\u0131 i\u00e7erir. Daha gen\u00e7 yat\u0131r\u0131mc\u0131lar, kay\u0131plar\u0131 telafi etmek i\u00e7in daha fazla zamana sahip olduklar\u0131ndan daha y\u00fcksek risk tolerans\u0131na sahip olabilirken, istikrarl\u0131 geliri ve \u00f6nemli miktarda birikimi olanlar daha fazla risk almay\u0131 g\u00f6ze alabilirler. Uzun vadeli yat\u0131r\u0131m hedefleri genellikle k\u0131sa vadeli hedeflere k\u0131yasla daha y\u00fcksek risk tolerans\u0131na izin verir.    <\/li><li>Psikolojik fakt\u00f6rler de \u00f6nemli bir rol oynar; \u00f6nemli bir stres veya panik olmadan ne kadar mali kayba katlan\u0131labilece\u011fini anlamak \u00e7ok \u00f6nemlidir. Ticaret deneyimi, piyasa dalgalanmalar\u0131na a\u015final\u0131k nedeniyle risk tolerans\u0131n\u0131 art\u0131rabilir.   <\/li><li>Anketler ve sim\u00fclasyonlar gibi de\u011ferlendirme ara\u00e7lar\u0131n\u0131n kullan\u0131lmas\u0131, risk tolerans\u0131n\u0131n do\u011fru bir \u015fekilde \u00f6l\u00e7\u00fclmesine ve bilin\u00e7li al\u0131m sat\u0131m kararlar\u0131 al\u0131nmas\u0131na yard\u0131mc\u0131 olabilir.<\/li><\/ul>\t\t\t\t\t\t\t\t<\/div>\n\t\t\t\t<\/div>\n\t\t\t\t\t<\/div>\n\t\t\t\t<\/header>\n\t\t\t\t<\/div>\n\t\t","protected":false},"excerpt":{"rendered":"<p>Riskleri Anlamak Pozisyon Boyutu Pozisyon Boyutland\u0131rma, finansal ticarette risk y\u00f6netiminin temel bir y\u00f6n\u00fcd\u00fcr. Genel portf\u00f6y ile ili\u015fkili olarak her bir spesifik ticarete tahsis edilecek sermaye miktar\u0131n\u0131n belirlenmesini i\u00e7erir. Etkili pozisyon boyutland\u0131rma stratejileri aras\u0131nda, bir yat\u0131r\u0131mc\u0131n\u0131n toplam sermayesinin belirli bir y\u00fczdesini her bir i\u015fleme tahsis etti\u011fi sabit kesirli pozisyon boyutland\u0131rma yer al\u0131r. \u00d6rne\u011fin, 100.000 $\u201cl\u0131k bir &hellip;<\/p>\n","protected":false},"author":3,"featured_media":0,"parent":1297,"menu_order":1,"comment_status":"closed","ping_status":"closed","template":"","meta":{"_genesis_block_theme_hide_title":false,"footnotes":""},"class_list":["post-1316","page","type-page","status-publish","hentry","post","without-featured-image"],"yoast_head":"<!-- This site is optimized with the Yoast SEO Premium plugin v23.0 (Yoast SEO v26.2) - https:\/\/yoast.com\/wordpress\/plugins\/seo\/ -->\n<title>Riskleri Anlay\u0131n - QuantumTrade<\/title>\n<meta name=\"robots\" content=\"index, follow, max-snippet:-1, max-image-preview:large, max-video-preview:-1\" \/>\n<link rel=\"canonical\" href=\"https:\/\/www.quantumtradeglobal.com\/tr\/ogrenme\/riskleri-anlayin\/\" \/>\n<meta property=\"og:locale\" content=\"tr_TR\" \/>\n<meta property=\"og:type\" content=\"article\" \/>\n<meta property=\"og:title\" content=\"Riskleri Anlay\u0131n\" \/>\n<meta property=\"og:description\" content=\"Riskleri Anlamak Pozisyon Boyutu Pozisyon Boyutland\u0131rma, finansal ticarette risk y\u00f6netiminin temel bir y\u00f6n\u00fcd\u00fcr. Genel portf\u00f6y ile ili\u015fkili olarak her bir spesifik ticarete tahsis edilecek sermaye miktar\u0131n\u0131n belirlenmesini i\u00e7erir. Etkili pozisyon boyutland\u0131rma stratejileri aras\u0131nda, bir yat\u0131r\u0131mc\u0131n\u0131n toplam sermayesinin belirli bir y\u00fczdesini her bir i\u015fleme tahsis etti\u011fi sabit kesirli pozisyon boyutland\u0131rma yer al\u0131r. \u00d6rne\u011fin, 100.000 $\u201cl\u0131k bir &hellip;\" \/>\n<meta property=\"og:url\" content=\"https:\/\/www.quantumtradeglobal.com\/tr\/ogrenme\/riskleri-anlayin\/\" \/>\n<meta property=\"og:site_name\" content=\"QuantumTrade\" \/>\n<meta property=\"article:modified_time\" content=\"2025-06-07T03:21:46+00:00\" \/>\n<meta property=\"og:image\" content=\"https:\/\/www.quantumtradeglobal.com\/wp-content\/uploads\/2024\/08\/dreamstime_xxl_324842554-crop-scaled.jpg\" \/>\n\t<meta property=\"og:image:width\" content=\"2560\" \/>\n\t<meta property=\"og:image:height\" content=\"1407\" \/>\n\t<meta property=\"og:image:type\" content=\"image\/jpeg\" \/>\n<meta name=\"twitter:card\" content=\"summary_large_image\" \/>\n<meta name=\"twitter:label1\" content=\"Est. reading time\" \/>\n\t<meta name=\"twitter:data1\" content=\"5 dakika\" \/>\n<script type=\"application\/ld+json\" class=\"yoast-schema-graph\">{\"@context\":\"https:\/\/schema.org\",\"@graph\":[{\"@type\":\"WebPage\",\"@id\":\"https:\/\/www.quantumtradeglobal.com\/tr\/ogrenme\/riskleri-anlayin\/\",\"url\":\"https:\/\/www.quantumtradeglobal.com\/tr\/ogrenme\/riskleri-anlayin\/\",\"name\":\"Riskleri Anlay\u0131n - QuantumTrade\",\"isPartOf\":{\"@id\":\"https:\/\/www.quantumtradeglobal.com\/tr\/#website\"},\"primaryImageOfPage\":{\"@id\":\"https:\/\/www.quantumtradeglobal.com\/tr\/ogrenme\/riskleri-anlayin\/#primaryimage\"},\"image\":{\"@id\":\"https:\/\/www.quantumtradeglobal.com\/tr\/ogrenme\/riskleri-anlayin\/#primaryimage\"},\"thumbnailUrl\":\"https:\/\/www.quantumtradeglobal.com\/wp-content\/uploads\/2024\/08\/dreamstime_xxl_324842554-crop-1024x563.jpg\",\"datePublished\":\"2024-08-12T06:47:20+00:00\",\"dateModified\":\"2025-06-07T03:21:46+00:00\",\"breadcrumb\":{\"@id\":\"https:\/\/www.quantumtradeglobal.com\/tr\/ogrenme\/riskleri-anlayin\/#breadcrumb\"},\"inLanguage\":\"tr\",\"potentialAction\":[{\"@type\":\"ReadAction\",\"target\":[\"https:\/\/www.quantumtradeglobal.com\/tr\/ogrenme\/riskleri-anlayin\/\"]}]},{\"@type\":\"ImageObject\",\"inLanguage\":\"tr\",\"@id\":\"https:\/\/www.quantumtradeglobal.com\/tr\/ogrenme\/riskleri-anlayin\/#primaryimage\",\"url\":\"https:\/\/www.quantumtradeglobal.com\/wp-content\/uploads\/2024\/08\/dreamstime_xxl_324842554-crop-1024x563.jpg\",\"contentUrl\":\"https:\/\/www.quantumtradeglobal.com\/wp-content\/uploads\/2024\/08\/dreamstime_xxl_324842554-crop-1024x563.jpg\"},{\"@type\":\"BreadcrumbList\",\"@id\":\"https:\/\/www.quantumtradeglobal.com\/tr\/ogrenme\/riskleri-anlayin\/#breadcrumb\",\"itemListElement\":[{\"@type\":\"ListItem\",\"position\":1,\"name\":\"Home\",\"item\":\"https:\/\/www.quantumtradeglobal.com\/tr\/anasayfa\/\"},{\"@type\":\"ListItem\",\"position\":2,\"name\":\"\u00d6\u011frenme\",\"item\":\"https:\/\/www.quantumtradeglobal.com\/tr\/ogrenme\/\"},{\"@type\":\"ListItem\",\"position\":3,\"name\":\"\u00d6\u011frenme\"}]},{\"@type\":\"WebSite\",\"@id\":\"https:\/\/www.quantumtradeglobal.com\/tr\/#website\",\"url\":\"https:\/\/www.quantumtradeglobal.com\/tr\/\",\"name\":\"QuantumTrade\",\"description\":\"Global Markets\",\"potentialAction\":[{\"@type\":\"SearchAction\",\"target\":{\"@type\":\"EntryPoint\",\"urlTemplate\":\"https:\/\/www.quantumtradeglobal.com\/tr\/?s={search_term_string}\"},\"query-input\":{\"@type\":\"PropertyValueSpecification\",\"valueRequired\":true,\"valueName\":\"search_term_string\"}}],\"inLanguage\":\"tr\"}]}<\/script>\n<!-- \/ Yoast SEO Premium plugin. -->","yoast_head_json":{"title":"Riskleri Anlay\u0131n - QuantumTrade","robots":{"index":"index","follow":"follow","max-snippet":"max-snippet:-1","max-image-preview":"max-image-preview:large","max-video-preview":"max-video-preview:-1"},"canonical":"https:\/\/www.quantumtradeglobal.com\/tr\/ogrenme\/riskleri-anlayin\/","og_locale":"tr_TR","og_type":"article","og_title":"Riskleri Anlay\u0131n","og_description":"Riskleri Anlamak Pozisyon Boyutu Pozisyon Boyutland\u0131rma, finansal ticarette risk y\u00f6netiminin temel bir y\u00f6n\u00fcd\u00fcr. Genel portf\u00f6y ile ili\u015fkili olarak her bir spesifik ticarete tahsis edilecek sermaye miktar\u0131n\u0131n belirlenmesini i\u00e7erir. Etkili pozisyon boyutland\u0131rma stratejileri aras\u0131nda, bir yat\u0131r\u0131mc\u0131n\u0131n toplam sermayesinin belirli bir y\u00fczdesini her bir i\u015fleme tahsis etti\u011fi sabit kesirli pozisyon boyutland\u0131rma yer al\u0131r. \u00d6rne\u011fin, 100.000 $\u201cl\u0131k bir &hellip;","og_url":"https:\/\/www.quantumtradeglobal.com\/tr\/ogrenme\/riskleri-anlayin\/","og_site_name":"QuantumTrade","article_modified_time":"2025-06-07T03:21:46+00:00","og_image":[{"width":2560,"height":1407,"url":"https:\/\/www.quantumtradeglobal.com\/wp-content\/uploads\/2024\/08\/dreamstime_xxl_324842554-crop-scaled.jpg","type":"image\/jpeg"}],"twitter_card":"summary_large_image","twitter_misc":{"Est. reading time":"5 dakika"},"schema":{"@context":"https:\/\/schema.org","@graph":[{"@type":"WebPage","@id":"https:\/\/www.quantumtradeglobal.com\/tr\/ogrenme\/riskleri-anlayin\/","url":"https:\/\/www.quantumtradeglobal.com\/tr\/ogrenme\/riskleri-anlayin\/","name":"Riskleri Anlay\u0131n - QuantumTrade","isPartOf":{"@id":"https:\/\/www.quantumtradeglobal.com\/tr\/#website"},"primaryImageOfPage":{"@id":"https:\/\/www.quantumtradeglobal.com\/tr\/ogrenme\/riskleri-anlayin\/#primaryimage"},"image":{"@id":"https:\/\/www.quantumtradeglobal.com\/tr\/ogrenme\/riskleri-anlayin\/#primaryimage"},"thumbnailUrl":"https:\/\/www.quantumtradeglobal.com\/wp-content\/uploads\/2024\/08\/dreamstime_xxl_324842554-crop-1024x563.jpg","datePublished":"2024-08-12T06:47:20+00:00","dateModified":"2025-06-07T03:21:46+00:00","breadcrumb":{"@id":"https:\/\/www.quantumtradeglobal.com\/tr\/ogrenme\/riskleri-anlayin\/#breadcrumb"},"inLanguage":"tr","potentialAction":[{"@type":"ReadAction","target":["https:\/\/www.quantumtradeglobal.com\/tr\/ogrenme\/riskleri-anlayin\/"]}]},{"@type":"ImageObject","inLanguage":"tr","@id":"https:\/\/www.quantumtradeglobal.com\/tr\/ogrenme\/riskleri-anlayin\/#primaryimage","url":"https:\/\/www.quantumtradeglobal.com\/wp-content\/uploads\/2024\/08\/dreamstime_xxl_324842554-crop-1024x563.jpg","contentUrl":"https:\/\/www.quantumtradeglobal.com\/wp-content\/uploads\/2024\/08\/dreamstime_xxl_324842554-crop-1024x563.jpg"},{"@type":"BreadcrumbList","@id":"https:\/\/www.quantumtradeglobal.com\/tr\/ogrenme\/riskleri-anlayin\/#breadcrumb","itemListElement":[{"@type":"ListItem","position":1,"name":"Home","item":"https:\/\/www.quantumtradeglobal.com\/tr\/anasayfa\/"},{"@type":"ListItem","position":2,"name":"\u00d6\u011frenme","item":"https:\/\/www.quantumtradeglobal.com\/tr\/ogrenme\/"},{"@type":"ListItem","position":3,"name":"\u00d6\u011frenme"}]},{"@type":"WebSite","@id":"https:\/\/www.quantumtradeglobal.com\/tr\/#website","url":"https:\/\/www.quantumtradeglobal.com\/tr\/","name":"QuantumTrade","description":"Global Markets","potentialAction":[{"@type":"SearchAction","target":{"@type":"EntryPoint","urlTemplate":"https:\/\/www.quantumtradeglobal.com\/tr\/?s={search_term_string}"},"query-input":{"@type":"PropertyValueSpecification","valueRequired":true,"valueName":"search_term_string"}}],"inLanguage":"tr"}]}},"featured_image_src":null,"featured_image_src_square":null,"_links":{"self":[{"href":"https:\/\/www.quantumtradeglobal.com\/tr\/wp-json\/wp\/v2\/pages\/1316","targetHints":{"allow":["GET"]}}],"collection":[{"href":"https:\/\/www.quantumtradeglobal.com\/tr\/wp-json\/wp\/v2\/pages"}],"about":[{"href":"https:\/\/www.quantumtradeglobal.com\/tr\/wp-json\/wp\/v2\/types\/page"}],"author":[{"embeddable":true,"href":"https:\/\/www.quantumtradeglobal.com\/tr\/wp-json\/wp\/v2\/users\/3"}],"replies":[{"embeddable":true,"href":"https:\/\/www.quantumtradeglobal.com\/tr\/wp-json\/wp\/v2\/comments?post=1316"}],"version-history":[{"count":0,"href":"https:\/\/www.quantumtradeglobal.com\/tr\/wp-json\/wp\/v2\/pages\/1316\/revisions"}],"up":[{"embeddable":true,"href":"https:\/\/www.quantumtradeglobal.com\/tr\/wp-json\/wp\/v2\/pages\/1297"}],"wp:attachment":[{"href":"https:\/\/www.quantumtradeglobal.com\/tr\/wp-json\/wp\/v2\/media?parent=1316"}],"curies":[{"name":"wp","href":"https:\/\/api.w.org\/{rel}","templated":true}]}}