{"id":1146,"date":"2025-06-05T16:22:17","date_gmt":"2025-06-05T15:22:17","guid":{"rendered":"https:\/\/quantumtraddev.wpenginepowered.com\/cong-cu-giao-dich\/lich-giao-dich-ngay-le\/"},"modified":"2026-03-07T16:26:54","modified_gmt":"2026-03-07T15:26:54","slug":"lich-giao-dich-ngay-le","status":"publish","type":"page","link":"https:\/\/www.quantumtradeglobal.com\/vi\/cong-cu-giao-dich\/lich-giao-dich-ngay-le\/","title":{"rendered":"L\u1ecbch giao d\u1ecbch ng\u00e0y l\u1ec5"},"content":{"rendered":"\t\t<div data-elementor-type=\"wp-page\" data-elementor-id=\"1146\" class=\"elementor elementor-1146 elementor-1140\" data-elementor-settings=\"{&quot;element_pack_global_tooltip_width&quot;:{&quot;unit&quot;:&quot;px&quot;,&quot;size&quot;:&quot;&quot;,&quot;sizes&quot;:[]},&quot;element_pack_global_tooltip_width_tablet&quot;:{&quot;unit&quot;:&quot;px&quot;,&quot;size&quot;:&quot;&quot;,&quot;sizes&quot;:[]},&quot;element_pack_global_tooltip_width_mobile&quot;:{&quot;unit&quot;:&quot;px&quot;,&quot;size&quot;:&quot;&quot;,&quot;sizes&quot;:[]},&quot;element_pack_global_tooltip_padding&quot;:{&quot;unit&quot;:&quot;px&quot;,&quot;top&quot;:&quot;&quot;,&quot;right&quot;:&quot;&quot;,&quot;bottom&quot;:&quot;&quot;,&quot;left&quot;:&quot;&quot;,&quot;isLinked&quot;:true},&quot;element_pack_global_tooltip_padding_tablet&quot;:{&quot;unit&quot;:&quot;px&quot;,&quot;top&quot;:&quot;&quot;,&quot;right&quot;:&quot;&quot;,&quot;bottom&quot;:&quot;&quot;,&quot;left&quot;:&quot;&quot;,&quot;isLinked&quot;:true},&quot;element_pack_global_tooltip_padding_mobile&quot;:{&quot;unit&quot;:&quot;px&quot;,&quot;top&quot;:&quot;&quot;,&quot;right&quot;:&quot;&quot;,&quot;bottom&quot;:&quot;&quot;,&quot;left&quot;:&quot;&quot;,&quot;isLinked&quot;:true},&quot;element_pack_global_tooltip_border_radius&quot;:{&quot;unit&quot;:&quot;px&quot;,&quot;top&quot;:&quot;&quot;,&quot;right&quot;:&quot;&quot;,&quot;bottom&quot;:&quot;&quot;,&quot;left&quot;:&quot;&quot;,&quot;isLinked&quot;:true},&quot;element_pack_global_tooltip_border_radius_tablet&quot;:{&quot;unit&quot;:&quot;px&quot;,&quot;top&quot;:&quot;&quot;,&quot;right&quot;:&quot;&quot;,&quot;bottom&quot;:&quot;&quot;,&quot;left&quot;:&quot;&quot;,&quot;isLinked&quot;:true},&quot;element_pack_global_tooltip_border_radius_mobile&quot;:{&quot;unit&quot;:&quot;px&quot;,&quot;top&quot;:&quot;&quot;,&quot;right&quot;:&quot;&quot;,&quot;bottom&quot;:&quot;&quot;,&quot;left&quot;:&quot;&quot;,&quot;isLinked&quot;:true}}\" data-elementor-post-type=\"page\">\n\t\t\t\t<div class=\"elementor-element elementor-element-87f1f2c e-flex e-con-boxed e-con e-parent\" data-id=\"87f1f2c\" data-element_type=\"container\">\n\t\t\t\t\t<div class=\"e-con-inner\">\n\t\t\t\t<div class=\"elementor-element elementor-element-a5e7c3a elementor-widget elementor-widget-heading\" data-id=\"a5e7c3a\" data-element_type=\"widget\" data-widget_type=\"heading.default\">\n\t\t\t\t<div class=\"elementor-widget-container\">\n\t\t\t\t\t<h2 class=\"elementor-heading-title elementor-size-default\">Gi\u1edd giao d\u1ecbch ng\u00e0y l\u1ec5<\/h2>\t\t\t\t<\/div>\n\t\t\t\t<\/div>\n\t\t\t\t<div class=\"elementor-element elementor-element-6facd59 elementor-widget elementor-widget-text-editor\" data-id=\"6facd59\" data-element_type=\"widget\" data-widget_type=\"text-editor.default\">\n\t\t\t\t<div class=\"elementor-widget-container\">\n\t\t\t\t\t\t\t\t\t<p>Xin l\u01b0u \u00fd r\u1eb1ng do c\u00e1c ng\u00e0y l\u1ec5, gi\u1edd giao d\u1ecbch c\u1ee7a c\u00e1c s\u1ea3n ph\u1ea9m kh\u00e1c nhau s\u1ebd c\u00f3 s\u1ef1 thay \u0111\u1ed5i. T\u1ea5t c\u1ea3 c\u00e1c th\u1eddi gian sau \u0111\u00e2y \u0111\u1ec1u \u0111\u01b0\u1ee3c hi\u1ec3n th\u1ecb theo gi\u1edd GMT. B\u1ea1n c\u0169ng c\u1ea7n l\u01b0u \u00fd r\u1eb1ng gi\u1edd m\u00e1y ch\u1ee7 c\u1ee7a ch\u00fang t\u00f4i l\u00e0 GMT+1 v\u00e0o m\u00f9a \u0111\u00f4ng v\u00e0 GMT+2 v\u00e0o m\u00f9a h\u00e8. Th\u00f4ng th\u01b0\u1eddng, ch\u00fang t\u00f4i s\u1ebd chuy\u1ec3n sang gi\u1edd ti\u1ebft ki\u1ec7m \u00e1nh s\u00e1ng ban ng\u00e0y theo gi\u1edd m\u00f9a h\u00e8 c\u1ee7a M\u1ef9. Vui l\u00f2ng lu\u00f4n tham kh\u1ea3o n\u1ec1n t\u1ea3ng giao d\u1ecbch \u0111\u1ec3 bi\u1ebft gi\u1edd giao d\u1ecbch m\u1edbi nh\u1ea5t.<br>    <\/p>\t\t\t\t\t\t\t\t<\/div>\n\t\t\t\t<\/div>\n\t\t\t\t\t<\/div>\n\t\t\t\t<\/div>\n\t\t<div class=\"elementor-element elementor-element-6f82c32 e-flex e-con-boxed e-con e-parent\" data-id=\"6f82c32\" data-element_type=\"container\">\n\t\t\t\t\t<div class=\"e-con-inner\">\n\t\t\t\t<div class=\"elementor-element elementor-element-7fddca5 elementor-widget elementor-widget-shortcode\" data-id=\"7fddca5\" data-element_type=\"widget\" data-widget_type=\"shortcode.default\">\n\t\t\t\t<div class=\"elementor-widget-container\">\n\t\t\t\t\t\t\t<div class=\"elementor-shortcode\"><iframe src=\"https:\/\/www.quantumtradeglobal.com\/wp-content\/plugins\/holiday-plugin\/widget\/holiday-widget.html?symbol=&#038;api_url=\" \r\n                    width=\"800px\" \r\n                    height=\"500px\" \r\n                    frameborder=\"0\" \r\n                    scrolling=\"yes\"\r\n                    style=\"border: none; overflow: hidden;\">\r\n            <\/iframe><\/div>\n\t\t\t\t\t\t<\/div>\n\t\t\t\t<\/div>\n\t\t\t\t\t<\/div>\n\t\t\t\t<\/div>\n\t\t\t\t<\/div>\n\t\t","protected":false},"excerpt":{"rendered":"<p>Gi\u1edd giao d\u1ecbch ng\u00e0y l\u1ec5 Xin l\u01b0u \u00fd r\u1eb1ng do c\u00e1c ng\u00e0y l\u1ec5, gi\u1edd giao d\u1ecbch c\u1ee7a c\u00e1c s\u1ea3n ph\u1ea9m kh\u00e1c nhau s\u1ebd c\u00f3 s\u1ef1 thay \u0111\u1ed5i. T\u1ea5t c\u1ea3 c\u00e1c th\u1eddi gian sau \u0111\u00e2y \u0111\u1ec1u \u0111\u01b0\u1ee3c hi\u1ec3n th\u1ecb theo gi\u1edd GMT. B\u1ea1n c\u0169ng c\u1ea7n l\u01b0u \u00fd r\u1eb1ng gi\u1edd m\u00e1y ch\u1ee7 c\u1ee7a ch\u00fang t\u00f4i l\u00e0 GMT+1 &hellip;<\/p>\n","protected":false},"author":3,"featured_media":0,"parent":847,"menu_order":0,"comment_status":"closed","ping_status":"closed","template":"","meta":{"_genesis_block_theme_hide_title":false,"footnotes":""},"class_list":["post-1146","page","type-page","status-publish","hentry","post","without-featured-image"],"yoast_head":"<!-- This site is optimized with the Yoast SEO Premium plugin v23.0 (Yoast SEO v26.2) - https:\/\/yoast.com\/wordpress\/plugins\/seo\/ -->\n<title>L\u1ecbch giao d\u1ecbch ng\u00e0y l\u1ec5 - QuantumTrade<\/title>\n<meta name=\"robots\" content=\"index, follow, max-snippet:-1, max-image-preview:large, max-video-preview:-1\" \/>\n<link rel=\"canonical\" href=\"https:\/\/www.quantumtradeglobal.com\/vi\/cong-cu-giao-dich\/lich-giao-dich-ngay-le\/\" \/>\n<meta property=\"og:locale\" content=\"vi_VN\" \/>\n<meta property=\"og:type\" content=\"article\" \/>\n<meta property=\"og:title\" content=\"L\u1ecbch giao d\u1ecbch ng\u00e0y l\u1ec5\" \/>\n<meta property=\"og:description\" content=\"Gi\u1edd giao d\u1ecbch ng\u00e0y l\u1ec5 Xin l\u01b0u \u00fd r\u1eb1ng do c\u00e1c ng\u00e0y l\u1ec5, gi\u1edd giao d\u1ecbch c\u1ee7a c\u00e1c s\u1ea3n ph\u1ea9m kh\u00e1c nhau s\u1ebd c\u00f3 s\u1ef1 thay \u0111\u1ed5i. T\u1ea5t c\u1ea3 c\u00e1c th\u1eddi gian sau \u0111\u00e2y \u0111\u1ec1u \u0111\u01b0\u1ee3c hi\u1ec3n th\u1ecb theo gi\u1edd GMT. B\u1ea1n c\u0169ng c\u1ea7n l\u01b0u \u00fd r\u1eb1ng gi\u1edd m\u00e1y ch\u1ee7 c\u1ee7a ch\u00fang t\u00f4i l\u00e0 GMT+1 &hellip;\" \/>\n<meta property=\"og:url\" content=\"https:\/\/www.quantumtradeglobal.com\/vi\/cong-cu-giao-dich\/lich-giao-dich-ngay-le\/\" \/>\n<meta property=\"og:site_name\" content=\"QuantumTrade\" \/>\n<meta property=\"article:modified_time\" content=\"2026-03-07T15:26:54+00:00\" \/>\n<meta name=\"twitter:card\" content=\"summary_large_image\" \/>\n<meta name=\"twitter:label1\" content=\"Est. reading time\" \/>\n\t<meta name=\"twitter:data1\" content=\"1 minute\" \/>\n<script type=\"application\/ld+json\" class=\"yoast-schema-graph\">{\"@context\":\"https:\/\/schema.org\",\"@graph\":[{\"@type\":\"WebPage\",\"@id\":\"https:\/\/www.quantumtradeglobal.com\/vi\/cong-cu-giao-dich\/lich-giao-dich-ngay-le\/\",\"url\":\"https:\/\/www.quantumtradeglobal.com\/vi\/cong-cu-giao-dich\/lich-giao-dich-ngay-le\/\",\"name\":\"L\u1ecbch giao d\u1ecbch ng\u00e0y l\u1ec5 - QuantumTrade\",\"isPartOf\":{\"@id\":\"https:\/\/www.quantumtradeglobal.com\/vi\/#website\"},\"datePublished\":\"2025-06-05T15:22:17+00:00\",\"dateModified\":\"2026-03-07T15:26:54+00:00\",\"breadcrumb\":{\"@id\":\"https:\/\/www.quantumtradeglobal.com\/vi\/cong-cu-giao-dich\/lich-giao-dich-ngay-le\/#breadcrumb\"},\"inLanguage\":\"vi-VN\",\"potentialAction\":[{\"@type\":\"ReadAction\",\"target\":[\"https:\/\/www.quantumtradeglobal.com\/vi\/cong-cu-giao-dich\/lich-giao-dich-ngay-le\/\"]}]},{\"@type\":\"BreadcrumbList\",\"@id\":\"https:\/\/www.quantumtradeglobal.com\/vi\/cong-cu-giao-dich\/lich-giao-dich-ngay-le\/#breadcrumb\",\"itemListElement\":[{\"@type\":\"ListItem\",\"position\":1,\"name\":\"Home\",\"item\":\"https:\/\/www.quantumtradeglobal.com\/vi\/trang-chu\/\"},{\"@type\":\"ListItem\",\"position\":2,\"name\":\"H\u1ecdc h\u1ecfi\",\"item\":\"https:\/\/www.quantumtradeglobal.com\/vi\/cong-cu-giao-dich\/\"},{\"@type\":\"ListItem\",\"position\":3,\"name\":\"L\u1ecbch giao d\u1ecbch ng\u00e0y l\u1ec5\"}]},{\"@type\":\"WebSite\",\"@id\":\"https:\/\/www.quantumtradeglobal.com\/vi\/#website\",\"url\":\"https:\/\/www.quantumtradeglobal.com\/vi\/\",\"name\":\"QuantumTrade\",\"description\":\"Global Markets\",\"potentialAction\":[{\"@type\":\"SearchAction\",\"target\":{\"@type\":\"EntryPoint\",\"urlTemplate\":\"https:\/\/www.quantumtradeglobal.com\/vi\/?s={search_term_string}\"},\"query-input\":{\"@type\":\"PropertyValueSpecification\",\"valueRequired\":true,\"valueName\":\"search_term_string\"}}],\"inLanguage\":\"vi-VN\"}]}<\/script>\n<!-- \/ Yoast SEO Premium plugin. -->","yoast_head_json":{"title":"L\u1ecbch giao d\u1ecbch ng\u00e0y l\u1ec5 - QuantumTrade","robots":{"index":"index","follow":"follow","max-snippet":"max-snippet:-1","max-image-preview":"max-image-preview:large","max-video-preview":"max-video-preview:-1"},"canonical":"https:\/\/www.quantumtradeglobal.com\/vi\/cong-cu-giao-dich\/lich-giao-dich-ngay-le\/","og_locale":"vi_VN","og_type":"article","og_title":"L\u1ecbch giao d\u1ecbch ng\u00e0y l\u1ec5","og_description":"Gi\u1edd giao d\u1ecbch ng\u00e0y l\u1ec5 Xin l\u01b0u \u00fd r\u1eb1ng do c\u00e1c ng\u00e0y l\u1ec5, gi\u1edd giao d\u1ecbch c\u1ee7a c\u00e1c s\u1ea3n ph\u1ea9m kh\u00e1c nhau s\u1ebd c\u00f3 s\u1ef1 thay \u0111\u1ed5i. T\u1ea5t c\u1ea3 c\u00e1c th\u1eddi gian sau \u0111\u00e2y \u0111\u1ec1u \u0111\u01b0\u1ee3c hi\u1ec3n th\u1ecb theo gi\u1edd GMT. B\u1ea1n c\u0169ng c\u1ea7n l\u01b0u \u00fd r\u1eb1ng gi\u1edd m\u00e1y ch\u1ee7 c\u1ee7a ch\u00fang t\u00f4i l\u00e0 GMT+1 &hellip;","og_url":"https:\/\/www.quantumtradeglobal.com\/vi\/cong-cu-giao-dich\/lich-giao-dich-ngay-le\/","og_site_name":"QuantumTrade","article_modified_time":"2026-03-07T15:26:54+00:00","twitter_card":"summary_large_image","twitter_misc":{"Est. reading time":"1 minute"},"schema":{"@context":"https:\/\/schema.org","@graph":[{"@type":"WebPage","@id":"https:\/\/www.quantumtradeglobal.com\/vi\/cong-cu-giao-dich\/lich-giao-dich-ngay-le\/","url":"https:\/\/www.quantumtradeglobal.com\/vi\/cong-cu-giao-dich\/lich-giao-dich-ngay-le\/","name":"L\u1ecbch giao d\u1ecbch ng\u00e0y l\u1ec5 - QuantumTrade","isPartOf":{"@id":"https:\/\/www.quantumtradeglobal.com\/vi\/#website"},"datePublished":"2025-06-05T15:22:17+00:00","dateModified":"2026-03-07T15:26:54+00:00","breadcrumb":{"@id":"https:\/\/www.quantumtradeglobal.com\/vi\/cong-cu-giao-dich\/lich-giao-dich-ngay-le\/#breadcrumb"},"inLanguage":"vi-VN","potentialAction":[{"@type":"ReadAction","target":["https:\/\/www.quantumtradeglobal.com\/vi\/cong-cu-giao-dich\/lich-giao-dich-ngay-le\/"]}]},{"@type":"BreadcrumbList","@id":"https:\/\/www.quantumtradeglobal.com\/vi\/cong-cu-giao-dich\/lich-giao-dich-ngay-le\/#breadcrumb","itemListElement":[{"@type":"ListItem","position":1,"name":"Home","item":"https:\/\/www.quantumtradeglobal.com\/vi\/trang-chu\/"},{"@type":"ListItem","position":2,"name":"H\u1ecdc h\u1ecfi","item":"https:\/\/www.quantumtradeglobal.com\/vi\/cong-cu-giao-dich\/"},{"@type":"ListItem","position":3,"name":"L\u1ecbch giao d\u1ecbch ng\u00e0y l\u1ec5"}]},{"@type":"WebSite","@id":"https:\/\/www.quantumtradeglobal.com\/vi\/#website","url":"https:\/\/www.quantumtradeglobal.com\/vi\/","name":"QuantumTrade","description":"Global Markets","potentialAction":[{"@type":"SearchAction","target":{"@type":"EntryPoint","urlTemplate":"https:\/\/www.quantumtradeglobal.com\/vi\/?s={search_term_string}"},"query-input":{"@type":"PropertyValueSpecification","valueRequired":true,"valueName":"search_term_string"}}],"inLanguage":"vi-VN"}]}},"featured_image_src":null,"featured_image_src_square":null,"_links":{"self":[{"href":"https:\/\/www.quantumtradeglobal.com\/vi\/wp-json\/wp\/v2\/pages\/1146","targetHints":{"allow":["GET"]}}],"collection":[{"href":"https:\/\/www.quantumtradeglobal.com\/vi\/wp-json\/wp\/v2\/pages"}],"about":[{"href":"https:\/\/www.quantumtradeglobal.com\/vi\/wp-json\/wp\/v2\/types\/page"}],"author":[{"embeddable":true,"href":"https:\/\/www.quantumtradeglobal.com\/vi\/wp-json\/wp\/v2\/users\/3"}],"replies":[{"embeddable":true,"href":"https:\/\/www.quantumtradeglobal.com\/vi\/wp-json\/wp\/v2\/comments?post=1146"}],"version-history":[{"count":0,"href":"https:\/\/www.quantumtradeglobal.com\/vi\/wp-json\/wp\/v2\/pages\/1146\/revisions"}],"up":[{"embeddable":true,"href":"https:\/\/www.quantumtradeglobal.com\/vi\/wp-json\/wp\/v2\/pages\/847"}],"wp:attachment":[{"href":"https:\/\/www.quantumtradeglobal.com\/vi\/wp-json\/wp\/v2\/media?parent=1146"}],"curies":[{"name":"wp","href":"https:\/\/api.w.org\/{rel}","templated":true}]}}