{"id":828,"date":"2024-08-15T07:27:20","date_gmt":"2024-08-15T06:27:20","guid":{"rendered":"https:\/\/quantumtraddev.wpenginepowered.com\/co-phan\/"},"modified":"2025-10-15T08:13:19","modified_gmt":"2025-10-15T07:13:19","slug":"co-phan","status":"publish","type":"page","link":"https:\/\/www.quantumtradeglobal.com\/vi\/tiep-can-thi-truong\/co-phan\/","title":{"rendered":"C\u1ed5 ph\u1ea7n"},"content":{"rendered":"\t\t<div data-elementor-type=\"wp-page\" data-elementor-id=\"828\" class=\"elementor elementor-828 elementor-172\" data-elementor-settings=\"{&quot;element_pack_global_tooltip_width&quot;:{&quot;unit&quot;:&quot;px&quot;,&quot;size&quot;:&quot;&quot;,&quot;sizes&quot;:[]},&quot;element_pack_global_tooltip_width_tablet&quot;:{&quot;unit&quot;:&quot;px&quot;,&quot;size&quot;:&quot;&quot;,&quot;sizes&quot;:[]},&quot;element_pack_global_tooltip_width_mobile&quot;:{&quot;unit&quot;:&quot;px&quot;,&quot;size&quot;:&quot;&quot;,&quot;sizes&quot;:[]},&quot;element_pack_global_tooltip_padding&quot;:{&quot;unit&quot;:&quot;px&quot;,&quot;top&quot;:&quot;&quot;,&quot;right&quot;:&quot;&quot;,&quot;bottom&quot;:&quot;&quot;,&quot;left&quot;:&quot;&quot;,&quot;isLinked&quot;:true},&quot;element_pack_global_tooltip_padding_tablet&quot;:{&quot;unit&quot;:&quot;px&quot;,&quot;top&quot;:&quot;&quot;,&quot;right&quot;:&quot;&quot;,&quot;bottom&quot;:&quot;&quot;,&quot;left&quot;:&quot;&quot;,&quot;isLinked&quot;:true},&quot;element_pack_global_tooltip_padding_mobile&quot;:{&quot;unit&quot;:&quot;px&quot;,&quot;top&quot;:&quot;&quot;,&quot;right&quot;:&quot;&quot;,&quot;bottom&quot;:&quot;&quot;,&quot;left&quot;:&quot;&quot;,&quot;isLinked&quot;:true},&quot;element_pack_global_tooltip_border_radius&quot;:{&quot;unit&quot;:&quot;px&quot;,&quot;top&quot;:&quot;&quot;,&quot;right&quot;:&quot;&quot;,&quot;bottom&quot;:&quot;&quot;,&quot;left&quot;:&quot;&quot;,&quot;isLinked&quot;:true},&quot;element_pack_global_tooltip_border_radius_tablet&quot;:{&quot;unit&quot;:&quot;px&quot;,&quot;top&quot;:&quot;&quot;,&quot;right&quot;:&quot;&quot;,&quot;bottom&quot;:&quot;&quot;,&quot;left&quot;:&quot;&quot;,&quot;isLinked&quot;:true},&quot;element_pack_global_tooltip_border_radius_mobile&quot;:{&quot;unit&quot;:&quot;px&quot;,&quot;top&quot;:&quot;&quot;,&quot;right&quot;:&quot;&quot;,&quot;bottom&quot;:&quot;&quot;,&quot;left&quot;:&quot;&quot;,&quot;isLinked&quot;:true}}\" data-elementor-post-type=\"page\">\n\t\t\t\t<div class=\"elementor-element elementor-element-2098d04 e-con-full e-flex e-con e-parent\" data-id=\"2098d04\" data-element_type=\"container\">\n\t\t\t\t<div class=\"elementor-element elementor-element-9970f27 elementor-widget elementor-widget-template\" data-id=\"9970f27\" data-element_type=\"widget\" data-widget_type=\"template.default\">\n\t\t\t\t<div class=\"elementor-widget-container\">\n\t\t\t\t\t\t\t<div class=\"elementor-template\">\n\t\t\t\t\t<div data-elementor-type=\"container\" data-elementor-id=\"60\" class=\"elementor elementor-60\" data-elementor-post-type=\"elementor_library\">\n\t\t\t\t<div class=\"elementor-element elementor-element-44ac8a0 e-flex e-con-boxed e-con e-parent\" data-id=\"44ac8a0\" data-element_type=\"container\" data-settings=\"{&quot;background_background&quot;:&quot;classic&quot;}\">\n\t\t\t\t\t<div class=\"e-con-inner\">\n\t\t\t\t<div class=\"elementor-element elementor-element-c5bf1fd elementor-widget elementor-widget-breadcrumbs\" data-id=\"c5bf1fd\" data-element_type=\"widget\" data-widget_type=\"breadcrumbs.default\">\n\t\t\t\t<div class=\"elementor-widget-container\">\n\t\t\t\t\t<p id=\"breadcrumbs\"><span><span><a href=\"https:\/\/www.quantumtradeglobal.com\/vi\/trang-chu\/\">Home<\/a><\/span><\/span><\/p>\t\t\t\t<\/div>\n\t\t\t\t<\/div>\n\t\t\t\t\t<\/div>\n\t\t\t\t<\/div>\n\t\t\t\t<\/div>\n\t\t\t\t<\/div>\n\t\t\t\t\t\t<\/div>\n\t\t\t\t<\/div>\n\t\t\t\t<\/div>\n\t\t<div data-uael-partstyle=\"default\" data-uael-partcolor=\"\" data-uael-partopacity=\"\" data-uael-partdirection=\"bottom\" class=\"elementor-element elementor-element-dcdf747 uael-particle-yes e-flex e-con-boxed uael-particle-adv-no e-con e-parent\" data-id=\"dcdf747\" data-element_type=\"container\">\n\t\t\t\t\t<div class=\"e-con-inner\">\n\t\t\t\t<div class=\"elementor-element elementor-element-bda5e40 elementor-widget elementor-widget-heading\" data-id=\"bda5e40\" data-element_type=\"widget\" data-widget_type=\"heading.default\">\n\t\t\t\t<div class=\"elementor-widget-container\">\n\t\t\t\t\t<h1 class=\"elementor-heading-title elementor-size-default\">C\u1ed5 ph\u1ea7n<\/h1>\t\t\t\t<\/div>\n\t\t\t\t<\/div>\n\t\t\t\t<div class=\"elementor-element elementor-element-16904ba elementor-widget__width-inherit elementor-widget elementor-widget-text-editor\" data-id=\"16904ba\" data-element_type=\"widget\" data-widget_type=\"text-editor.default\">\n\t\t\t\t<div class=\"elementor-widget-container\">\n\t\t\t\t\t\t\t\t\t<p>C\u1ed5 phi\u1ebfu v\u00e0 tr\u00e1i phi\u1ebfu l\u00e0 m\u1ed9t lo\u1ea1i ch\u1ee9ng kho\u00e1n, \u0111\u01b0\u1ee3c \u0111\u1ecbnh ngh\u0129a l\u00e0 m\u1ed9t ph\u1ea7n quy\u1ec1n s\u1edf h\u1eefu trong m\u1ed9t c\u00f4ng ty, th\u01b0\u1eddng l\u00e0 c\u00f4ng ty \u0111\u01b0\u1ee3c ni\u00eam y\u1ebft c\u00f4ng khai. L\u00e0 m\u1ed9t c\u1ed5 \u0111\u00f4ng, ng\u01b0\u1eddi ta c\u00f3 quy\u1ec1n h\u01b0\u1edfng m\u1ed9t ph\u1ea7n thu nh\u1eadp v\u00e0 t\u00e0i s\u1ea3n c\u1ee7a c\u00f4ng ty, m\u1ed9t s\u1ed1 quy\u1ec1n bi\u1ec3u quy\u1ebft v\u00e0 m\u1ed9t kho\u1ea3n thanh to\u00e1n c\u1ed5 t\u1ee9c, n\u1ebfu c\u00f3 tuy\u00ean b\u1ed1 tr\u1ea3 c\u1ed5 t\u1ee9c c\u1ee7a c\u00f4ng ty. Khi c\u00f4ng ty \u0111\u01b0\u1ee3c qu\u1ea3n l\u00fd hi\u1ec7u qu\u1ea3 v\u00e0 ho\u1ea1t \u0111\u1ed9ng t\u1ed1t, k\u1ef3 v\u1ecdng l\u00e0 gi\u00e1 c\u1ed5 phi\u1ebfu c\u1ee7a c\u00f4ng ty s\u1ebd t\u0103ng, d\u1eabn \u0111\u1ebfn l\u1ee3i nhu\u1eadn v\u1ed1n cho c\u1ed5 \u0111\u00f4ng. C\u1ed5 phi\u1ebfu v\u00e0 tr\u00e1i phi\u1ebfu ch\u1ee7 y\u1ebfu \u0111\u01b0\u1ee3c giao d\u1ecbch tr\u00ean c\u00e1c s\u00e0n giao d\u1ecbch ch\u1ee9ng kho\u00e1n.   <\/p>\t\t\t\t\t\t\t\t<\/div>\n\t\t\t\t<\/div>\n\t\t\t\t\t<\/div>\n\t\t\t\t<\/div>\n\t\t<div class=\"elementor-element elementor-element-74b61f4 e-flex e-con-boxed e-con e-parent\" data-id=\"74b61f4\" data-element_type=\"container\">\n\t\t\t\t\t<div class=\"e-con-inner\">\n\t\t<div class=\"elementor-element elementor-element-ac7001c e-con-full e-flex e-con e-child\" data-id=\"ac7001c\" data-element_type=\"container\">\n\t\t\t\t<div class=\"elementor-element elementor-element-401b911 elementor-widget elementor-widget-shortcode\" data-id=\"401b911\" data-element_type=\"widget\" data-widget_type=\"shortcode.default\">\n\t\t\t\t<div class=\"elementor-widget-container\">\n\t\t\t\t\t\t\t<div class=\"elementor-shortcode\"><iframe src=\"https:\/\/www.quantumtradeglobal.com\/wp-content\/plugins\/quotes-plugin\/widget\/quotes-widget.html?symbol=NVDA.US%2CTSLA.US%2CCOIN.US%2CNFLX.US\" \r\n                    width=\"200px\" \r\n                    height=\"1600px\" \r\n                    frameborder=\"0\" \r\n                    scrolling=\"no\"\r\n                    style=\"border: none; overflow: hidden;\">\r\n            <\/iframe><\/div>\n\t\t\t\t\t\t<\/div>\n\t\t\t\t<\/div>\n\t\t\t\t<\/div>\n\t\t<div class=\"elementor-element elementor-element-f017b93 e-con-full e-flex e-con e-child\" data-id=\"f017b93\" data-element_type=\"container\">\n\t\t<div class=\"elementor-element elementor-element-1e551dd e-flex e-con-boxed e-con e-child\" data-id=\"1e551dd\" data-element_type=\"container\">\n\t\t\t\t\t<div class=\"e-con-inner\">\n\t\t\t\t<div class=\"elementor-element elementor-element-8f8f538 elementor-widget elementor-widget-image\" data-id=\"8f8f538\" data-element_type=\"widget\" data-widget_type=\"image.default\">\n\t\t\t\t<div class=\"elementor-widget-container\">\n\t\t\t\t\t\t\t\t\t\t\t\t\t\t\t<img fetchpriority=\"high\" decoding=\"async\" width=\"1024\" height=\"750\" src=\"https:\/\/www.quantumtradeglobal.com\/wp-content\/uploads\/2024\/08\/dreamstime_xxl_324842554-1024x750.jpg\" class=\"attachment-large size-large wp-image-878\" alt=\"\" srcset=\"https:\/\/www.quantumtradeglobal.com\/wp-content\/uploads\/2024\/08\/dreamstime_xxl_324842554-1024x750.jpg 1024w, https:\/\/www.quantumtradeglobal.com\/wp-content\/uploads\/2024\/08\/dreamstime_xxl_324842554-300x220.jpg 300w, https:\/\/www.quantumtradeglobal.com\/wp-content\/uploads\/2024\/08\/dreamstime_xxl_324842554-768x562.jpg 768w, https:\/\/www.quantumtradeglobal.com\/wp-content\/uploads\/2024\/08\/dreamstime_xxl_324842554-1536x1125.jpg 1536w, https:\/\/www.quantumtradeglobal.com\/wp-content\/uploads\/2024\/08\/dreamstime_xxl_324842554-2048x1499.jpg 2048w, https:\/\/www.quantumtradeglobal.com\/wp-content\/uploads\/2024\/08\/dreamstime_xxl_324842554-1200x879.jpg 1200w, https:\/\/www.quantumtradeglobal.com\/wp-content\/uploads\/2024\/08\/dreamstime_xxl_324842554-1400x1025.jpg 1400w\" sizes=\"(max-width: 1024px) 100vw, 1024px\" \/>\t\t\t\t\t\t\t\t\t\t\t\t\t\t\t<\/div>\n\t\t\t\t<\/div>\n\t\t\t\t\t<\/div>\n\t\t\t\t<\/div>\n\t\t<div class=\"elementor-element elementor-element-e3fb546 e-con-full e-flex e-con e-child\" data-id=\"e3fb546\" data-element_type=\"container\">\n\t\t\t\t<div class=\"elementor-element elementor-element-9ea82d6 elementor-widget elementor-widget-heading\" data-id=\"9ea82d6\" data-element_type=\"widget\" data-widget_type=\"heading.default\">\n\t\t\t\t<div class=\"elementor-widget-container\">\n\t\t\t\t\t<h2 class=\"elementor-heading-title elementor-size-default\">T\u1ea1i sao n\u00ean giao d\u1ecbch v\u1edbi QT?<\/h2>\t\t\t\t<\/div>\n\t\t\t\t<\/div>\n\t\t\t\t<div class=\"elementor-element elementor-element-61dcd93 elementor-widget elementor-widget-text-editor\" data-id=\"61dcd93\" data-element_type=\"widget\" data-widget_type=\"text-editor.default\">\n\t\t\t\t<div class=\"elementor-widget-container\">\n\t\t\t\t\t\t\t\t\t<p>V\u1edbi QT, b\u1ea1n c\u00f3 th\u1ec3 t\u1eadn d\u1ee5ng c\u1ea3 c\u00e1c t\u00ean c\u1ed5 phi\u1ebfu CFD ri\u00eang l\u1ebb \u0111ang gi\u1ea3m v\u00e0 t\u0103ng m\u00e0 ch\u00fang t\u00f4i cung c\u1ea5p, cho ph\u00e9p b\u1ea1n m\u1edf r\u1ed9ng tr\u00ed t\u01b0\u1edfng t\u01b0\u1ee3ng \u0111\u1ea7u t\u01b0 v\u00e0 t\u0103ng s\u1ed1 l\u01b0\u1ee3ng c\u01a1 h\u1ed9i giao d\u1ecbch.<\/p>\t\t\t\t\t\t\t\t<\/div>\n\t\t\t\t<\/div>\n\t\t\t\t<div class=\"elementor-element elementor-element-1175c64 elementor-widget elementor-widget-heading\" data-id=\"1175c64\" data-element_type=\"widget\" data-widget_type=\"heading.default\">\n\t\t\t\t<div class=\"elementor-widget-container\">\n\t\t\t\t\t<h2 class=\"elementor-heading-title elementor-size-default\">B\u01a1 ph\u1ebft<\/h2>\t\t\t\t<\/div>\n\t\t\t\t<\/div>\n\t\t\t\t<div class=\"elementor-element elementor-element-624402f elementor-widget elementor-widget-text-editor\" data-id=\"624402f\" data-element_type=\"widget\" data-widget_type=\"text-editor.default\">\n\t\t\t\t<div class=\"elementor-widget-container\">\n\t\t\t\t\t\t\t\t\t<p>Ch\u00eanh l\u1ec7ch trong giao d\u1ecbch t\u00e0i ch\u00ednh l\u00e0 ch\u00eanh l\u1ec7ch gi\u1eefa gi\u00e1 ch\u00e0o mua (gi\u00e1 m\u00e0 ng\u01b0\u1eddi mua s\u1eb5n s\u00e0ng tr\u1ea3) v\u00e0 gi\u00e1 ch\u00e0o b\u00e1n (gi\u00e1 m\u00e0 ng\u01b0\u1eddi b\u00e1n y\u00eau c\u1ea7u) cho m\u1ed9t c\u00f4ng c\u1ee5 t\u00e0i ch\u00ednh, th\u01b0\u1eddng \u0111\u01b0\u1ee3c \u0111o b\u1eb1ng pip ho\u1eb7c \u0111i\u1ec3m. N\u00f3 th\u1ec3 hi\u1ec7n chi ph\u00ed giao d\u1ecbch. Ch\u00eanh l\u1ec7ch c\u00f3 th\u1ec3 t\u0103ng khi th\u1ecb tr\u01b0\u1eddng c\u00f3 m\u1ee9c thanh kho\u1ea3n th\u1ea5p h\u01a1n. \u0110i\u1ec1u n\u00e0y c\u00f3 th\u1ec3 k\u00e9o d\u00e0i cho \u0111\u1ebfn khi m\u1ee9c thanh kho\u1ea3n \u0111\u01b0\u1ee3c kh\u00f4i ph\u1ee5c.   <\/p><div>Ch\u00eanh l\u1ec7ch h\u1eb9p h\u01a1n cho th\u1ea5y t\u00ednh thanh kho\u1ea3n cao h\u01a1n v\u00e0 chi ph\u00ed giao d\u1ecbch th\u1ea5p h\u01a1n, gi\u00fap d\u1ec5 d\u00e0ng v\u00e0o v\u00e0 tho\u00e1t kh\u1ecfi c\u00e1c v\u1ecb th\u1ebf c\u00f3 l\u00e3i, trong khi ch\u00eanh l\u1ec7ch r\u1ed9ng h\u01a1n c\u00f3 th\u1ec3 b\u00e1o hi\u1ec7u t\u00ednh thanh kho\u1ea3n th\u1ea5p h\u01a1n ho\u1eb7c bi\u1ebfn \u0111\u1ed9ng cao h\u01a1n, l\u00e0m t\u0103ng chi ph\u00ed v\u00e0 c\u00f3 kh\u1ea3 n\u0103ng \u1ea3nh h\u01b0\u1edfng \u0111\u1ebfn l\u1ee3i nhu\u1eadn giao d\u1ecbch. Hi\u1ec3u \u0111\u01b0\u1ee3c ch\u00eanh l\u1ec7ch l\u00e0 r\u1ea5t quan tr\u1ecdng \u0111\u1ed1i v\u1edbi c\u00e1c nh\u00e0 giao d\u1ecbch \u0111\u1ec3 qu\u1ea3n l\u00fd chi ph\u00ed v\u00e0 t\u1ed1i \u01b0u h\u00f3a c\u00e1c chi\u1ebfn l\u01b0\u1ee3c. <\/div>\t\t\t\t\t\t\t\t<\/div>\n\t\t\t\t<\/div>\n\t\t\t\t<div class=\"elementor-element elementor-element-62b027e elementor-widget elementor-widget-heading\" data-id=\"62b027e\" data-element_type=\"widget\" data-widget_type=\"heading.default\">\n\t\t\t\t<div class=\"elementor-widget-container\">\n\t\t\t\t\t<h2 class=\"elementor-heading-title elementor-size-default\">Ho\u00e1n \u0111\u1ed5i<\/h2>\t\t\t\t<\/div>\n\t\t\t\t<\/div>\n\t\t\t\t<div class=\"elementor-element elementor-element-43bb81d elementor-widget elementor-widget-text-editor\" data-id=\"43bb81d\" data-element_type=\"widget\" data-widget_type=\"text-editor.default\">\n\t\t\t\t<div class=\"elementor-widget-container\">\n\t\t\t\t\t\t\t\t\t<p><span style=\"font-size: 16px;\">Swap l\u00e0 m\u1ed9t lo\u1ea1i hoa h\u1ed3ng \u00e1p d\u1ee5ng cho c\u00e1c v\u1ecb th\u1ebf giao d\u1ecbch \u0111\u01b0\u1ee3c gi\u1eef qua \u0111\u00eam. Th\u00f4ng th\u01b0\u1eddng v\u00e0o th\u1ee9 T\u01b0, t\u1ef7 l\u1ec7 swap g\u1ea5p ba \u0111\u01b0\u1ee3c \u00e1p d\u1ee5ng cho c\u00e1c v\u1ecb th\u1ebf \u0111\u1ec3 t\u00ednh \u0111\u1ebfn vi\u1ec7c \u0111\u00f3ng c\u1eeda th\u1ecb tr\u01b0\u1eddng v\u00e0o cu\u1ed1i tu\u1ea7n khi kh\u00f4ng t\u00ednh ph\u00ed swap. <\/span><\/p><p>N\u1ebfu b\u1ea1n l\u00e0 c\u01b0 d\u00e2n c\u1ee7a m\u1ed9t qu\u1ed1c gia H\u1ed3i gi\u00e1o, t\u1ea5t c\u1ea3 c\u00e1c t\u00e0i kho\u1ea3n \u0111\u1ec1u t\u1ef1 \u0111\u1ed9ng \u0111\u01b0\u1ee3c mi\u1ec5n ph\u00ed ho\u00e1n \u0111\u1ed5i.<\/p>\t\t\t\t\t\t\t\t<\/div>\n\t\t\t\t<\/div>\n\t\t\t\t<\/div>\n\t\t\t\t<\/div>\n\t\t\t\t\t<\/div>\n\t\t\t\t<\/div>\n\t\t\t\t<\/div>\n\t\t","protected":false},"excerpt":{"rendered":"<p>C\u1ed5 ph\u1ea7n C\u1ed5 phi\u1ebfu v\u00e0 tr\u00e1i phi\u1ebfu l\u00e0 m\u1ed9t lo\u1ea1i ch\u1ee9ng kho\u00e1n, \u0111\u01b0\u1ee3c \u0111\u1ecbnh ngh\u0129a l\u00e0 m\u1ed9t ph\u1ea7n quy\u1ec1n s\u1edf h\u1eefu trong m\u1ed9t c\u00f4ng ty, th\u01b0\u1eddng l\u00e0 c\u00f4ng ty \u0111\u01b0\u1ee3c ni\u00eam y\u1ebft c\u00f4ng khai. L\u00e0 m\u1ed9t c\u1ed5 \u0111\u00f4ng, ng\u01b0\u1eddi ta c\u00f3 quy\u1ec1n h\u01b0\u1edfng m\u1ed9t ph\u1ea7n thu nh\u1eadp v\u00e0 t\u00e0i s\u1ea3n c\u1ee7a c\u00f4ng ty, m\u1ed9t s\u1ed1 &hellip;<\/p>\n","protected":false},"author":3,"featured_media":0,"parent":846,"menu_order":0,"comment_status":"closed","ping_status":"closed","template":"elementor_header_footer","meta":{"_genesis_block_theme_hide_title":false,"footnotes":""},"class_list":["post-828","page","type-page","status-publish","hentry","post","without-featured-image"],"yoast_head":"<!-- This site is optimized with the Yoast SEO Premium plugin v23.0 (Yoast SEO v26.2) - https:\/\/yoast.com\/wordpress\/plugins\/seo\/ -->\n<title>C\u1ed5 ph\u1ea7n - QuantumTrade<\/title>\n<meta name=\"robots\" content=\"index, follow, max-snippet:-1, max-image-preview:large, max-video-preview:-1\" \/>\n<link rel=\"canonical\" href=\"https:\/\/www.quantumtradeglobal.com\/vi\/tiep-can-thi-truong\/co-phan\/\" \/>\n<meta property=\"og:locale\" content=\"vi_VN\" \/>\n<meta property=\"og:type\" content=\"article\" \/>\n<meta property=\"og:title\" content=\"C\u1ed5 ph\u1ea7n\" \/>\n<meta property=\"og:description\" content=\"C\u1ed5 ph\u1ea7n C\u1ed5 phi\u1ebfu v\u00e0 tr\u00e1i phi\u1ebfu l\u00e0 m\u1ed9t lo\u1ea1i ch\u1ee9ng kho\u00e1n, \u0111\u01b0\u1ee3c \u0111\u1ecbnh ngh\u0129a l\u00e0 m\u1ed9t ph\u1ea7n quy\u1ec1n s\u1edf h\u1eefu trong m\u1ed9t c\u00f4ng ty, th\u01b0\u1eddng l\u00e0 c\u00f4ng ty \u0111\u01b0\u1ee3c ni\u00eam y\u1ebft c\u00f4ng khai. L\u00e0 m\u1ed9t c\u1ed5 \u0111\u00f4ng, ng\u01b0\u1eddi ta c\u00f3 quy\u1ec1n h\u01b0\u1edfng m\u1ed9t ph\u1ea7n thu nh\u1eadp v\u00e0 t\u00e0i s\u1ea3n c\u1ee7a c\u00f4ng ty, m\u1ed9t s\u1ed1 &hellip;\" \/>\n<meta property=\"og:url\" content=\"https:\/\/www.quantumtradeglobal.com\/vi\/tiep-can-thi-truong\/co-phan\/\" \/>\n<meta property=\"og:site_name\" content=\"QuantumTrade\" \/>\n<meta property=\"article:modified_time\" content=\"2025-10-15T07:13:19+00:00\" \/>\n<meta property=\"og:image\" content=\"https:\/\/www.quantumtradeglobal.com\/wp-content\/uploads\/2024\/08\/dreamstime_xxl_324842554-scaled.jpg\" \/>\n\t<meta property=\"og:image:width\" content=\"2560\" \/>\n\t<meta property=\"og:image:height\" content=\"1874\" \/>\n\t<meta property=\"og:image:type\" content=\"image\/jpeg\" \/>\n<meta name=\"twitter:card\" content=\"summary_large_image\" \/>\n<meta name=\"twitter:label1\" content=\"Est. reading time\" \/>\n\t<meta name=\"twitter:data1\" content=\"3 minutes\" \/>\n<script type=\"application\/ld+json\" class=\"yoast-schema-graph\">{\"@context\":\"https:\/\/schema.org\",\"@graph\":[{\"@type\":\"WebPage\",\"@id\":\"https:\/\/www.quantumtradeglobal.com\/vi\/tiep-can-thi-truong\/co-phan\/\",\"url\":\"https:\/\/www.quantumtradeglobal.com\/vi\/tiep-can-thi-truong\/co-phan\/\",\"name\":\"C\u1ed5 ph\u1ea7n - QuantumTrade\",\"isPartOf\":{\"@id\":\"https:\/\/www.quantumtradeglobal.com\/vi\/#website\"},\"primaryImageOfPage\":{\"@id\":\"https:\/\/www.quantumtradeglobal.com\/vi\/tiep-can-thi-truong\/co-phan\/#primaryimage\"},\"image\":{\"@id\":\"https:\/\/www.quantumtradeglobal.com\/vi\/tiep-can-thi-truong\/co-phan\/#primaryimage\"},\"thumbnailUrl\":\"https:\/\/www.quantumtradeglobal.com\/wp-content\/uploads\/2024\/08\/dreamstime_xxl_324842554-1024x750.jpg\",\"datePublished\":\"2024-08-15T06:27:20+00:00\",\"dateModified\":\"2025-10-15T07:13:19+00:00\",\"breadcrumb\":{\"@id\":\"https:\/\/www.quantumtradeglobal.com\/vi\/tiep-can-thi-truong\/co-phan\/#breadcrumb\"},\"inLanguage\":\"vi-VN\",\"potentialAction\":[{\"@type\":\"ReadAction\",\"target\":[\"https:\/\/www.quantumtradeglobal.com\/vi\/tiep-can-thi-truong\/co-phan\/\"]}]},{\"@type\":\"ImageObject\",\"inLanguage\":\"vi-VN\",\"@id\":\"https:\/\/www.quantumtradeglobal.com\/vi\/tiep-can-thi-truong\/co-phan\/#primaryimage\",\"url\":\"https:\/\/www.quantumtradeglobal.com\/wp-content\/uploads\/2024\/08\/dreamstime_xxl_324842554-1024x750.jpg\",\"contentUrl\":\"https:\/\/www.quantumtradeglobal.com\/wp-content\/uploads\/2024\/08\/dreamstime_xxl_324842554-1024x750.jpg\"},{\"@type\":\"BreadcrumbList\",\"@id\":\"https:\/\/www.quantumtradeglobal.com\/vi\/tiep-can-thi-truong\/co-phan\/#breadcrumb\",\"itemListElement\":[{\"@type\":\"ListItem\",\"position\":1,\"name\":\"Home\",\"item\":\"https:\/\/www.quantumtradeglobal.com\/vi\/trang-chu\/\"},{\"@type\":\"ListItem\",\"position\":2,\"name\":\"Ti\u1ebfp c\u1eadn th\u1ecb tr\u01b0\u1eddng\",\"item\":\"https:\/\/www.quantumtradeglobal.com\/vi\/tiep-can-thi-truong\/\"},{\"@type\":\"ListItem\",\"position\":3,\"name\":\"H\u1ecdc h\u1ecfi\"}]},{\"@type\":\"WebSite\",\"@id\":\"https:\/\/www.quantumtradeglobal.com\/vi\/#website\",\"url\":\"https:\/\/www.quantumtradeglobal.com\/vi\/\",\"name\":\"QuantumTrade\",\"description\":\"Global Markets\",\"potentialAction\":[{\"@type\":\"SearchAction\",\"target\":{\"@type\":\"EntryPoint\",\"urlTemplate\":\"https:\/\/www.quantumtradeglobal.com\/vi\/?s={search_term_string}\"},\"query-input\":{\"@type\":\"PropertyValueSpecification\",\"valueRequired\":true,\"valueName\":\"search_term_string\"}}],\"inLanguage\":\"vi-VN\"}]}<\/script>\n<!-- \/ Yoast SEO Premium plugin. -->","yoast_head_json":{"title":"C\u1ed5 ph\u1ea7n - QuantumTrade","robots":{"index":"index","follow":"follow","max-snippet":"max-snippet:-1","max-image-preview":"max-image-preview:large","max-video-preview":"max-video-preview:-1"},"canonical":"https:\/\/www.quantumtradeglobal.com\/vi\/tiep-can-thi-truong\/co-phan\/","og_locale":"vi_VN","og_type":"article","og_title":"C\u1ed5 ph\u1ea7n","og_description":"C\u1ed5 ph\u1ea7n C\u1ed5 phi\u1ebfu v\u00e0 tr\u00e1i phi\u1ebfu l\u00e0 m\u1ed9t lo\u1ea1i ch\u1ee9ng kho\u00e1n, \u0111\u01b0\u1ee3c \u0111\u1ecbnh ngh\u0129a l\u00e0 m\u1ed9t ph\u1ea7n quy\u1ec1n s\u1edf h\u1eefu trong m\u1ed9t c\u00f4ng ty, th\u01b0\u1eddng l\u00e0 c\u00f4ng ty \u0111\u01b0\u1ee3c ni\u00eam y\u1ebft c\u00f4ng khai. L\u00e0 m\u1ed9t c\u1ed5 \u0111\u00f4ng, ng\u01b0\u1eddi ta c\u00f3 quy\u1ec1n h\u01b0\u1edfng m\u1ed9t ph\u1ea7n thu nh\u1eadp v\u00e0 t\u00e0i s\u1ea3n c\u1ee7a c\u00f4ng ty, m\u1ed9t s\u1ed1 &hellip;","og_url":"https:\/\/www.quantumtradeglobal.com\/vi\/tiep-can-thi-truong\/co-phan\/","og_site_name":"QuantumTrade","article_modified_time":"2025-10-15T07:13:19+00:00","og_image":[{"width":2560,"height":1874,"url":"https:\/\/www.quantumtradeglobal.com\/wp-content\/uploads\/2024\/08\/dreamstime_xxl_324842554-scaled.jpg","type":"image\/jpeg"}],"twitter_card":"summary_large_image","twitter_misc":{"Est. reading time":"3 minutes"},"schema":{"@context":"https:\/\/schema.org","@graph":[{"@type":"WebPage","@id":"https:\/\/www.quantumtradeglobal.com\/vi\/tiep-can-thi-truong\/co-phan\/","url":"https:\/\/www.quantumtradeglobal.com\/vi\/tiep-can-thi-truong\/co-phan\/","name":"C\u1ed5 ph\u1ea7n - QuantumTrade","isPartOf":{"@id":"https:\/\/www.quantumtradeglobal.com\/vi\/#website"},"primaryImageOfPage":{"@id":"https:\/\/www.quantumtradeglobal.com\/vi\/tiep-can-thi-truong\/co-phan\/#primaryimage"},"image":{"@id":"https:\/\/www.quantumtradeglobal.com\/vi\/tiep-can-thi-truong\/co-phan\/#primaryimage"},"thumbnailUrl":"https:\/\/www.quantumtradeglobal.com\/wp-content\/uploads\/2024\/08\/dreamstime_xxl_324842554-1024x750.jpg","datePublished":"2024-08-15T06:27:20+00:00","dateModified":"2025-10-15T07:13:19+00:00","breadcrumb":{"@id":"https:\/\/www.quantumtradeglobal.com\/vi\/tiep-can-thi-truong\/co-phan\/#breadcrumb"},"inLanguage":"vi-VN","potentialAction":[{"@type":"ReadAction","target":["https:\/\/www.quantumtradeglobal.com\/vi\/tiep-can-thi-truong\/co-phan\/"]}]},{"@type":"ImageObject","inLanguage":"vi-VN","@id":"https:\/\/www.quantumtradeglobal.com\/vi\/tiep-can-thi-truong\/co-phan\/#primaryimage","url":"https:\/\/www.quantumtradeglobal.com\/wp-content\/uploads\/2024\/08\/dreamstime_xxl_324842554-1024x750.jpg","contentUrl":"https:\/\/www.quantumtradeglobal.com\/wp-content\/uploads\/2024\/08\/dreamstime_xxl_324842554-1024x750.jpg"},{"@type":"BreadcrumbList","@id":"https:\/\/www.quantumtradeglobal.com\/vi\/tiep-can-thi-truong\/co-phan\/#breadcrumb","itemListElement":[{"@type":"ListItem","position":1,"name":"Home","item":"https:\/\/www.quantumtradeglobal.com\/vi\/trang-chu\/"},{"@type":"ListItem","position":2,"name":"Ti\u1ebfp c\u1eadn th\u1ecb tr\u01b0\u1eddng","item":"https:\/\/www.quantumtradeglobal.com\/vi\/tiep-can-thi-truong\/"},{"@type":"ListItem","position":3,"name":"H\u1ecdc h\u1ecfi"}]},{"@type":"WebSite","@id":"https:\/\/www.quantumtradeglobal.com\/vi\/#website","url":"https:\/\/www.quantumtradeglobal.com\/vi\/","name":"QuantumTrade","description":"Global Markets","potentialAction":[{"@type":"SearchAction","target":{"@type":"EntryPoint","urlTemplate":"https:\/\/www.quantumtradeglobal.com\/vi\/?s={search_term_string}"},"query-input":{"@type":"PropertyValueSpecification","valueRequired":true,"valueName":"search_term_string"}}],"inLanguage":"vi-VN"}]}},"featured_image_src":null,"featured_image_src_square":null,"_links":{"self":[{"href":"https:\/\/www.quantumtradeglobal.com\/vi\/wp-json\/wp\/v2\/pages\/828","targetHints":{"allow":["GET"]}}],"collection":[{"href":"https:\/\/www.quantumtradeglobal.com\/vi\/wp-json\/wp\/v2\/pages"}],"about":[{"href":"https:\/\/www.quantumtradeglobal.com\/vi\/wp-json\/wp\/v2\/types\/page"}],"author":[{"embeddable":true,"href":"https:\/\/www.quantumtradeglobal.com\/vi\/wp-json\/wp\/v2\/users\/3"}],"replies":[{"embeddable":true,"href":"https:\/\/www.quantumtradeglobal.com\/vi\/wp-json\/wp\/v2\/comments?post=828"}],"version-history":[{"count":0,"href":"https:\/\/www.quantumtradeglobal.com\/vi\/wp-json\/wp\/v2\/pages\/828\/revisions"}],"up":[{"embeddable":true,"href":"https:\/\/www.quantumtradeglobal.com\/vi\/wp-json\/wp\/v2\/pages\/846"}],"wp:attachment":[{"href":"https:\/\/www.quantumtradeglobal.com\/vi\/wp-json\/wp\/v2\/media?parent=828"}],"curies":[{"name":"wp","href":"https:\/\/api.w.org\/{rel}","templated":true}]}}