{"id":837,"date":"2024-08-15T07:27:11","date_gmt":"2024-08-15T06:27:11","guid":{"rendered":"https:\/\/quantumtraddev.wpenginepowered.com\/ngoai-hoi\/"},"modified":"2025-10-15T08:29:49","modified_gmt":"2025-10-15T07:29:49","slug":"ngoai-hoi","status":"publish","type":"page","link":"https:\/\/www.quantumtradeglobal.com\/vi\/tiep-can-thi-truong\/ngoai-hoi\/","title":{"rendered":"Ngo\u1ea1i h\u1ed1i"},"content":{"rendered":"\t\t<div data-elementor-type=\"wp-page\" data-elementor-id=\"837\" class=\"elementor elementor-837 elementor-171\" data-elementor-settings=\"{&quot;element_pack_global_tooltip_width&quot;:{&quot;unit&quot;:&quot;px&quot;,&quot;size&quot;:&quot;&quot;,&quot;sizes&quot;:[]},&quot;element_pack_global_tooltip_width_tablet&quot;:{&quot;unit&quot;:&quot;px&quot;,&quot;size&quot;:&quot;&quot;,&quot;sizes&quot;:[]},&quot;element_pack_global_tooltip_width_mobile&quot;:{&quot;unit&quot;:&quot;px&quot;,&quot;size&quot;:&quot;&quot;,&quot;sizes&quot;:[]},&quot;element_pack_global_tooltip_padding&quot;:{&quot;unit&quot;:&quot;px&quot;,&quot;top&quot;:&quot;&quot;,&quot;right&quot;:&quot;&quot;,&quot;bottom&quot;:&quot;&quot;,&quot;left&quot;:&quot;&quot;,&quot;isLinked&quot;:true},&quot;element_pack_global_tooltip_padding_tablet&quot;:{&quot;unit&quot;:&quot;px&quot;,&quot;top&quot;:&quot;&quot;,&quot;right&quot;:&quot;&quot;,&quot;bottom&quot;:&quot;&quot;,&quot;left&quot;:&quot;&quot;,&quot;isLinked&quot;:true},&quot;element_pack_global_tooltip_padding_mobile&quot;:{&quot;unit&quot;:&quot;px&quot;,&quot;top&quot;:&quot;&quot;,&quot;right&quot;:&quot;&quot;,&quot;bottom&quot;:&quot;&quot;,&quot;left&quot;:&quot;&quot;,&quot;isLinked&quot;:true},&quot;element_pack_global_tooltip_border_radius&quot;:{&quot;unit&quot;:&quot;px&quot;,&quot;top&quot;:&quot;&quot;,&quot;right&quot;:&quot;&quot;,&quot;bottom&quot;:&quot;&quot;,&quot;left&quot;:&quot;&quot;,&quot;isLinked&quot;:true},&quot;element_pack_global_tooltip_border_radius_tablet&quot;:{&quot;unit&quot;:&quot;px&quot;,&quot;top&quot;:&quot;&quot;,&quot;right&quot;:&quot;&quot;,&quot;bottom&quot;:&quot;&quot;,&quot;left&quot;:&quot;&quot;,&quot;isLinked&quot;:true},&quot;element_pack_global_tooltip_border_radius_mobile&quot;:{&quot;unit&quot;:&quot;px&quot;,&quot;top&quot;:&quot;&quot;,&quot;right&quot;:&quot;&quot;,&quot;bottom&quot;:&quot;&quot;,&quot;left&quot;:&quot;&quot;,&quot;isLinked&quot;:true}}\" data-elementor-post-type=\"page\">\n\t\t\t\t<div class=\"elementor-element elementor-element-2098d04 e-con-full e-flex e-con e-parent\" data-id=\"2098d04\" data-element_type=\"container\">\n\t\t\t\t<div class=\"elementor-element elementor-element-9970f27 elementor-widget elementor-widget-template\" data-id=\"9970f27\" data-element_type=\"widget\" data-widget_type=\"template.default\">\n\t\t\t\t<div class=\"elementor-widget-container\">\n\t\t\t\t\t\t\t<div class=\"elementor-template\">\n\t\t\t\t\t<div data-elementor-type=\"container\" data-elementor-id=\"60\" class=\"elementor elementor-60\" data-elementor-post-type=\"elementor_library\">\n\t\t\t\t<div class=\"elementor-element elementor-element-44ac8a0 e-flex e-con-boxed e-con e-parent\" data-id=\"44ac8a0\" data-element_type=\"container\" data-settings=\"{&quot;background_background&quot;:&quot;classic&quot;}\">\n\t\t\t\t\t<div class=\"e-con-inner\">\n\t\t\t\t<div class=\"elementor-element elementor-element-c5bf1fd elementor-widget elementor-widget-breadcrumbs\" data-id=\"c5bf1fd\" data-element_type=\"widget\" data-widget_type=\"breadcrumbs.default\">\n\t\t\t\t<div class=\"elementor-widget-container\">\n\t\t\t\t\t<p id=\"breadcrumbs\"><span><span><a href=\"https:\/\/www.quantumtradeglobal.com\/vi\/trang-chu\/\">Home<\/a><\/span><\/span><\/p>\t\t\t\t<\/div>\n\t\t\t\t<\/div>\n\t\t\t\t\t<\/div>\n\t\t\t\t<\/div>\n\t\t\t\t<\/div>\n\t\t\t\t<\/div>\n\t\t\t\t\t\t<\/div>\n\t\t\t\t<\/div>\n\t\t\t\t<\/div>\n\t\t<div data-uael-partstyle=\"default\" data-uael-partcolor=\"\" data-uael-partopacity=\"\" data-uael-partdirection=\"bottom\" class=\"elementor-element elementor-element-dcdf747 uael-particle-yes e-flex e-con-boxed uael-particle-adv-no e-con e-parent\" data-id=\"dcdf747\" data-element_type=\"container\">\n\t\t\t\t\t<div class=\"e-con-inner\">\n\t\t\t\t<div class=\"elementor-element elementor-element-bda5e40 elementor-widget elementor-widget-heading\" data-id=\"bda5e40\" data-element_type=\"widget\" data-widget_type=\"heading.default\">\n\t\t\t\t<div class=\"elementor-widget-container\">\n\t\t\t\t\t<h1 class=\"elementor-heading-title elementor-size-default\">Ngo\u1ea1i h\u1ed1i<\/h1>\t\t\t\t<\/div>\n\t\t\t\t<\/div>\n\t\t\t\t<div class=\"elementor-element elementor-element-16904ba elementor-widget__width-inherit elementor-widget elementor-widget-text-editor\" data-id=\"16904ba\" data-element_type=\"widget\" data-widget_type=\"text-editor.default\">\n\t\t\t\t<div class=\"elementor-widget-container\">\n\t\t\t\t\t\t\t\t\t<p>Th\u1ecb tr\u01b0\u1eddng ngo\u1ea1i h\u1ed1i l\u00e0 th\u1ecb tr\u01b0\u1eddng t\u00e0i ch\u00ednh l\u1edbn nh\u1ea5t th\u1ebf gi\u1edbi v\u1edbi h\u01a1n 7,5 ngh\u00ecn t\u1ef7 \u0111\u00f4 la (theo kh\u1ea3o s\u00e1t c\u1ee7a Ng\u00e2n h\u00e0ng Thanh to\u00e1n Qu\u1ed1c t\u1ebf n\u0103m 2022) \u0111\u01b0\u1ee3c giao d\u1ecbch m\u1ed7i ng\u00e0y. Th\u1ecb tr\u01b0\u1eddng m\u1edf c\u1eeda 24 gi\u1edd m\u1ed9t ng\u00e0y, 5 ng\u00e0y m\u1ed9t tu\u1ea7n. <\/p>\t\t\t\t\t\t\t\t<\/div>\n\t\t\t\t<\/div>\n\t\t\t\t\t<\/div>\n\t\t\t\t<\/div>\n\t\t<div class=\"elementor-element elementor-element-74b61f4 e-flex e-con-boxed e-con e-parent\" data-id=\"74b61f4\" data-element_type=\"container\">\n\t\t\t\t\t<div class=\"e-con-inner\">\n\t\t<div class=\"elementor-element elementor-element-ac7001c e-con-full e-flex e-con e-child\" data-id=\"ac7001c\" data-element_type=\"container\">\n\t\t\t\t<div class=\"elementor-element elementor-element-e204bf1 elementor-widget elementor-widget-shortcode\" data-id=\"e204bf1\" data-element_type=\"widget\" data-widget_type=\"shortcode.default\">\n\t\t\t\t<div class=\"elementor-widget-container\">\n\t\t\t\t\t\t\t<div class=\"elementor-shortcode\"><iframe src=\"https:\/\/www.quantumtradeglobal.com\/wp-content\/plugins\/quotes-plugin\/widget\/quotes-widget.html?symbol=USDJPY%2CEURUSD%2CAUDUSD%2CUSDCHF\" \r\n                    width=\"200px\" \r\n                    height=\"1600px\" \r\n                    frameborder=\"0\" \r\n                    scrolling=\"no\"\r\n                    style=\"border: none; overflow: hidden;\">\r\n            <\/iframe><\/div>\n\t\t\t\t\t\t<\/div>\n\t\t\t\t<\/div>\n\t\t\t\t<\/div>\n\t\t<div class=\"elementor-element elementor-element-f017b93 e-con-full e-flex e-con e-child\" data-id=\"f017b93\" data-element_type=\"container\">\n\t\t<div class=\"elementor-element elementor-element-1e551dd e-flex e-con-boxed e-con e-child\" data-id=\"1e551dd\" data-element_type=\"container\">\n\t\t\t\t\t<div class=\"e-con-inner\">\n\t\t\t\t<div class=\"elementor-element elementor-element-f883bee elementor-widget elementor-widget-image\" data-id=\"f883bee\" data-element_type=\"widget\" data-widget_type=\"image.default\">\n\t\t\t\t<div class=\"elementor-widget-container\">\n\t\t\t\t\t\t\t\t\t\t\t\t\t\t\t<img fetchpriority=\"high\" decoding=\"async\" width=\"1024\" height=\"750\" src=\"https:\/\/www.quantumtradeglobal.com\/wp-content\/uploads\/2024\/08\/dreamstime_xxl_324843542-1024x750.jpg\" class=\"attachment-large size-large wp-image-874\" alt=\"\" srcset=\"https:\/\/www.quantumtradeglobal.com\/wp-content\/uploads\/2024\/08\/dreamstime_xxl_324843542-1024x750.jpg 1024w, https:\/\/www.quantumtradeglobal.com\/wp-content\/uploads\/2024\/08\/dreamstime_xxl_324843542-300x220.jpg 300w, https:\/\/www.quantumtradeglobal.com\/wp-content\/uploads\/2024\/08\/dreamstime_xxl_324843542-768x562.jpg 768w, https:\/\/www.quantumtradeglobal.com\/wp-content\/uploads\/2024\/08\/dreamstime_xxl_324843542-1536x1125.jpg 1536w, https:\/\/www.quantumtradeglobal.com\/wp-content\/uploads\/2024\/08\/dreamstime_xxl_324843542-2048x1499.jpg 2048w, https:\/\/www.quantumtradeglobal.com\/wp-content\/uploads\/2024\/08\/dreamstime_xxl_324843542-1200x879.jpg 1200w, https:\/\/www.quantumtradeglobal.com\/wp-content\/uploads\/2024\/08\/dreamstime_xxl_324843542-1400x1025.jpg 1400w\" sizes=\"(max-width: 1024px) 100vw, 1024px\" \/>\t\t\t\t\t\t\t\t\t\t\t\t\t\t\t<\/div>\n\t\t\t\t<\/div>\n\t\t\t\t\t<\/div>\n\t\t\t\t<\/div>\n\t\t<div class=\"elementor-element elementor-element-e3fb546 e-con-full e-flex e-con e-child\" data-id=\"e3fb546\" data-element_type=\"container\">\n\t\t\t\t<div class=\"elementor-element elementor-element-9ea82d6 elementor-widget elementor-widget-heading\" data-id=\"9ea82d6\" data-element_type=\"widget\" data-widget_type=\"heading.default\">\n\t\t\t\t<div class=\"elementor-widget-container\">\n\t\t\t\t\t<h2 class=\"elementor-heading-title elementor-size-default\">T\u1ea1i sao n\u00ean giao d\u1ecbch v\u1edbi QT?<\/h2>\t\t\t\t<\/div>\n\t\t\t\t<\/div>\n\t\t\t\t<div class=\"elementor-element elementor-element-61dcd93 elementor-widget elementor-widget-text-editor\" data-id=\"61dcd93\" data-element_type=\"widget\" data-widget_type=\"text-editor.default\">\n\t\t\t\t<div class=\"elementor-widget-container\">\n\t\t\t\t\t\t\t\t\t<p>Gi\u1ea3m thi\u1ec3u chi ph\u00ed giao d\u1ecbch c\u1ee7a b\u1ea1n ngay c\u1ea3 khi gi\u00e1 c\u1ea3 bi\u1ebfn \u0111\u1ed9ng. \u0110\u01b0\u1ee3c h\u01b0\u1edfng l\u1ee3i t\u1eeb m\u1ee9c ch\u00eanh l\u1ec7ch th\u1ea5p v\u00e0 \u1ed5n \u0111\u1ecbnh, ngay c\u1ea3 trong th\u1eddi gian c\u00f3 tin t\u1ee9c th\u1ecb tr\u01b0\u1eddng v\u00e0 s\u1ef1 ki\u1ec7n kinh t\u1ebf c\u00f3 t\u00e1c \u0111\u1ed9ng l\u1edbn. <\/p><p>Th\u1ef1c hi\u1ec7n l\u1ec7nh c\u1ee7a b\u1ea1n trong v\u00e0i mili gi\u00e2y tr\u00ean n\u1ec1n t\u1ea3ng MT5.<\/p>\t\t\t\t\t\t\t\t<\/div>\n\t\t\t\t<\/div>\n\t\t\t\t<div class=\"elementor-element elementor-element-1175c64 elementor-widget elementor-widget-heading\" data-id=\"1175c64\" data-element_type=\"widget\" data-widget_type=\"heading.default\">\n\t\t\t\t<div class=\"elementor-widget-container\">\n\t\t\t\t\t<h2 class=\"elementor-heading-title elementor-size-default\">B\u01a1 ph\u1ebft<\/h2>\t\t\t\t<\/div>\n\t\t\t\t<\/div>\n\t\t\t\t<div class=\"elementor-element elementor-element-624402f elementor-widget elementor-widget-text-editor\" data-id=\"624402f\" data-element_type=\"widget\" data-widget_type=\"text-editor.default\">\n\t\t\t\t<div class=\"elementor-widget-container\">\n\t\t\t\t\t\t\t\t\t<p>Ch\u00eanh l\u1ec7ch trong giao d\u1ecbch t\u00e0i ch\u00ednh l\u00e0 ch\u00eanh l\u1ec7ch gi\u1eefa gi\u00e1 ch\u00e0o mua (gi\u00e1 m\u00e0 ng\u01b0\u1eddi mua s\u1eb5n s\u00e0ng tr\u1ea3) v\u00e0 gi\u00e1 ch\u00e0o b\u00e1n (gi\u00e1 m\u00e0 ng\u01b0\u1eddi b\u00e1n y\u00eau c\u1ea7u) cho m\u1ed9t c\u00f4ng c\u1ee5 t\u00e0i ch\u00ednh, th\u01b0\u1eddng \u0111\u01b0\u1ee3c \u0111o b\u1eb1ng pip ho\u1eb7c \u0111i\u1ec3m. N\u00f3 th\u1ec3 hi\u1ec7n chi ph\u00ed giao d\u1ecbch. Ch\u00eanh l\u1ec7ch c\u00f3 th\u1ec3 t\u0103ng khi th\u1ecb tr\u01b0\u1eddng c\u00f3 m\u1ee9c thanh kho\u1ea3n th\u1ea5p h\u01a1n. \u0110i\u1ec1u n\u00e0y c\u00f3 th\u1ec3 k\u00e9o d\u00e0i cho \u0111\u1ebfn khi m\u1ee9c thanh kho\u1ea3n \u0111\u01b0\u1ee3c kh\u00f4i ph\u1ee5c.   <\/p><div>Ch\u00eanh l\u1ec7ch h\u1eb9p h\u01a1n cho th\u1ea5y t\u00ednh thanh kho\u1ea3n cao h\u01a1n v\u00e0 chi ph\u00ed giao d\u1ecbch th\u1ea5p h\u01a1n, gi\u00fap d\u1ec5 d\u00e0ng v\u00e0o v\u00e0 tho\u00e1t kh\u1ecfi c\u00e1c v\u1ecb th\u1ebf c\u00f3 l\u00e3i, trong khi ch\u00eanh l\u1ec7ch r\u1ed9ng h\u01a1n c\u00f3 th\u1ec3 b\u00e1o hi\u1ec7u t\u00ednh thanh kho\u1ea3n th\u1ea5p h\u01a1n ho\u1eb7c bi\u1ebfn \u0111\u1ed9ng cao h\u01a1n, l\u00e0m t\u0103ng chi ph\u00ed v\u00e0 c\u00f3 kh\u1ea3 n\u0103ng \u1ea3nh h\u01b0\u1edfng \u0111\u1ebfn l\u1ee3i nhu\u1eadn giao d\u1ecbch. Hi\u1ec3u \u0111\u01b0\u1ee3c ch\u00eanh l\u1ec7ch l\u00e0 r\u1ea5t quan tr\u1ecdng \u0111\u1ed1i v\u1edbi c\u00e1c nh\u00e0 giao d\u1ecbch \u0111\u1ec3 qu\u1ea3n l\u00fd chi ph\u00ed v\u00e0 t\u1ed1i \u01b0u h\u00f3a c\u00e1c chi\u1ebfn l\u01b0\u1ee3c. <\/div>\t\t\t\t\t\t\t\t<\/div>\n\t\t\t\t<\/div>\n\t\t\t\t<div class=\"elementor-element elementor-element-62b027e elementor-widget elementor-widget-heading\" data-id=\"62b027e\" data-element_type=\"widget\" data-widget_type=\"heading.default\">\n\t\t\t\t<div class=\"elementor-widget-container\">\n\t\t\t\t\t<h2 class=\"elementor-heading-title elementor-size-default\">Ho\u00e1n \u0111\u1ed5i<\/h2>\t\t\t\t<\/div>\n\t\t\t\t<\/div>\n\t\t\t\t<div class=\"elementor-element elementor-element-43bb81d elementor-widget elementor-widget-text-editor\" data-id=\"43bb81d\" data-element_type=\"widget\" data-widget_type=\"text-editor.default\">\n\t\t\t\t<div class=\"elementor-widget-container\">\n\t\t\t\t\t\t\t\t\t<p>Swap l\u00e0 m\u1ed9t lo\u1ea1i hoa h\u1ed3ng \u00e1p d\u1ee5ng cho c\u00e1c v\u1ecb th\u1ebf giao d\u1ecbch \u0111\u01b0\u1ee3c gi\u1eef qua \u0111\u00eam. Th\u00f4ng th\u01b0\u1eddng v\u00e0o th\u1ee9 T\u01b0, t\u1ef7 l\u1ec7 swap g\u1ea5p ba \u0111\u01b0\u1ee3c \u00e1p d\u1ee5ng cho c\u00e1c v\u1ecb th\u1ebf \u0111\u1ec3 t\u00ednh \u0111\u1ebfn vi\u1ec7c \u0111\u00f3ng c\u1eeda th\u1ecb tr\u01b0\u1eddng v\u00e0o cu\u1ed1i tu\u1ea7n khi kh\u00f4ng t\u00ednh ph\u00ed swap. <\/p>\t\t\t\t\t\t\t\t<\/div>\n\t\t\t\t<\/div>\n\t\t\t\t<div class=\"elementor-element elementor-element-21a7635 elementor-widget elementor-widget-heading\" data-id=\"21a7635\" data-element_type=\"widget\" data-widget_type=\"heading.default\">\n\t\t\t\t<div class=\"elementor-widget-container\">\n\t\t\t\t\t<h2 class=\"elementor-heading-title elementor-size-default\">L\u1ec1<\/h2>\t\t\t\t<\/div>\n\t\t\t\t<\/div>\n\t\t\t\t<div class=\"elementor-element elementor-element-4a61fae elementor-widget elementor-widget-text-editor\" data-id=\"4a61fae\" data-element_type=\"widget\" data-widget_type=\"text-editor.default\">\n\t\t\t\t<div class=\"elementor-widget-container\">\n\t\t\t\t\t\t\t\t\t<p>Y\u00eau c\u1ea7u k\u00fd qu\u1ef9 cho t\u00e0i kho\u1ea3n c\u1ee7a b\u1ea1n ph\u1ee5 thu\u1ed9c v\u00e0o l\u01b0\u1ee3ng \u0111\u00f2n b\u1ea9y b\u1ea1n s\u1eed d\u1ee5ng. Thay \u0111\u1ed5i \u0111\u00f2n b\u1ea9y s\u1ebd khi\u1ebfn y\u00eau c\u1ea7u k\u00fd qu\u1ef9 thay \u0111\u1ed5i. C\u0169ng gi\u1ed1ng nh\u01b0 ch\u00eanh l\u1ec7ch gi\u00e1 c\u00f3 th\u1ec3 thay \u0111\u1ed5i t\u00f9y thu\u1ed9c v\u00e0o \u0111i\u1ec1u ki\u1ec7n th\u1ecb tr\u01b0\u1eddng, l\u01b0\u1ee3ng \u0111\u00f2n b\u1ea9y kh\u1ea3 d\u1ee5ng cho b\u1ea1n c\u0169ng c\u00f3 th\u1ec3 thay \u0111\u1ed5i.  <\/p><p> <\/p>\t\t\t\t\t\t\t\t<\/div>\n\t\t\t\t<\/div>\n\t\t\t\t<\/div>\n\t\t\t\t<\/div>\n\t\t\t\t\t<\/div>\n\t\t\t\t<\/div>\n\t\t\t\t<\/div>\n\t\t","protected":false},"excerpt":{"rendered":"<p>Ngo\u1ea1i h\u1ed1i Th\u1ecb tr\u01b0\u1eddng ngo\u1ea1i h\u1ed1i l\u00e0 th\u1ecb tr\u01b0\u1eddng t\u00e0i ch\u00ednh l\u1edbn nh\u1ea5t th\u1ebf gi\u1edbi v\u1edbi h\u01a1n 7,5 ngh\u00ecn t\u1ef7 \u0111\u00f4 la (theo kh\u1ea3o s\u00e1t c\u1ee7a Ng\u00e2n h\u00e0ng Thanh to\u00e1n Qu\u1ed1c t\u1ebf n\u0103m 2022) \u0111\u01b0\u1ee3c giao d\u1ecbch m\u1ed7i ng\u00e0y. Th\u1ecb tr\u01b0\u1eddng m\u1edf c\u1eeda 24 gi\u1edd m\u1ed9t ng\u00e0y, 5 ng\u00e0y m\u1ed9t tu\u1ea7n. T\u1ea1i sao n\u00ean giao &hellip;<\/p>\n","protected":false},"author":3,"featured_media":0,"parent":846,"menu_order":0,"comment_status":"closed","ping_status":"closed","template":"elementor_header_footer","meta":{"_genesis_block_theme_hide_title":false,"footnotes":""},"class_list":["post-837","page","type-page","status-publish","hentry","post","without-featured-image"],"yoast_head":"<!-- This site is optimized with the Yoast SEO Premium plugin v23.0 (Yoast SEO v26.2) - https:\/\/yoast.com\/wordpress\/plugins\/seo\/ -->\n<title>Ngo\u1ea1i h\u1ed1i - QuantumTrade<\/title>\n<meta name=\"robots\" content=\"index, follow, max-snippet:-1, max-image-preview:large, max-video-preview:-1\" \/>\n<link rel=\"canonical\" href=\"https:\/\/www.quantumtradeglobal.com\/vi\/tiep-can-thi-truong\/ngoai-hoi\/\" \/>\n<meta property=\"og:locale\" content=\"vi_VN\" \/>\n<meta property=\"og:type\" content=\"article\" \/>\n<meta property=\"og:title\" content=\"Ngo\u1ea1i h\u1ed1i\" \/>\n<meta property=\"og:description\" content=\"Ngo\u1ea1i h\u1ed1i Th\u1ecb tr\u01b0\u1eddng ngo\u1ea1i h\u1ed1i l\u00e0 th\u1ecb tr\u01b0\u1eddng t\u00e0i ch\u00ednh l\u1edbn nh\u1ea5t th\u1ebf gi\u1edbi v\u1edbi h\u01a1n 7,5 ngh\u00ecn t\u1ef7 \u0111\u00f4 la (theo kh\u1ea3o s\u00e1t c\u1ee7a Ng\u00e2n h\u00e0ng Thanh to\u00e1n Qu\u1ed1c t\u1ebf n\u0103m 2022) \u0111\u01b0\u1ee3c giao d\u1ecbch m\u1ed7i ng\u00e0y. Th\u1ecb tr\u01b0\u1eddng m\u1edf c\u1eeda 24 gi\u1edd m\u1ed9t ng\u00e0y, 5 ng\u00e0y m\u1ed9t tu\u1ea7n. T\u1ea1i sao n\u00ean giao &hellip;\" \/>\n<meta property=\"og:url\" content=\"https:\/\/www.quantumtradeglobal.com\/vi\/tiep-can-thi-truong\/ngoai-hoi\/\" \/>\n<meta property=\"og:site_name\" content=\"QuantumTrade\" \/>\n<meta property=\"article:modified_time\" content=\"2025-10-15T07:29:49+00:00\" \/>\n<meta property=\"og:image\" content=\"https:\/\/www.quantumtradeglobal.com\/wp-content\/uploads\/2024\/08\/dreamstime_xxl_324843542-scaled.jpg\" \/>\n\t<meta property=\"og:image:width\" content=\"2560\" \/>\n\t<meta property=\"og:image:height\" content=\"1874\" \/>\n\t<meta property=\"og:image:type\" content=\"image\/jpeg\" \/>\n<meta name=\"twitter:card\" content=\"summary_large_image\" \/>\n<meta name=\"twitter:label1\" content=\"Est. reading time\" \/>\n\t<meta name=\"twitter:data1\" content=\"3 minutes\" \/>\n<script type=\"application\/ld+json\" class=\"yoast-schema-graph\">{\"@context\":\"https:\/\/schema.org\",\"@graph\":[{\"@type\":\"WebPage\",\"@id\":\"https:\/\/www.quantumtradeglobal.com\/vi\/tiep-can-thi-truong\/ngoai-hoi\/\",\"url\":\"https:\/\/www.quantumtradeglobal.com\/vi\/tiep-can-thi-truong\/ngoai-hoi\/\",\"name\":\"Ngo\u1ea1i h\u1ed1i - QuantumTrade\",\"isPartOf\":{\"@id\":\"https:\/\/www.quantumtradeglobal.com\/vi\/#website\"},\"primaryImageOfPage\":{\"@id\":\"https:\/\/www.quantumtradeglobal.com\/vi\/tiep-can-thi-truong\/ngoai-hoi\/#primaryimage\"},\"image\":{\"@id\":\"https:\/\/www.quantumtradeglobal.com\/vi\/tiep-can-thi-truong\/ngoai-hoi\/#primaryimage\"},\"thumbnailUrl\":\"https:\/\/www.quantumtradeglobal.com\/wp-content\/uploads\/2024\/08\/dreamstime_xxl_324843542-1024x750.jpg\",\"datePublished\":\"2024-08-15T06:27:11+00:00\",\"dateModified\":\"2025-10-15T07:29:49+00:00\",\"breadcrumb\":{\"@id\":\"https:\/\/www.quantumtradeglobal.com\/vi\/tiep-can-thi-truong\/ngoai-hoi\/#breadcrumb\"},\"inLanguage\":\"vi-VN\",\"potentialAction\":[{\"@type\":\"ReadAction\",\"target\":[\"https:\/\/www.quantumtradeglobal.com\/vi\/tiep-can-thi-truong\/ngoai-hoi\/\"]}]},{\"@type\":\"ImageObject\",\"inLanguage\":\"vi-VN\",\"@id\":\"https:\/\/www.quantumtradeglobal.com\/vi\/tiep-can-thi-truong\/ngoai-hoi\/#primaryimage\",\"url\":\"https:\/\/www.quantumtradeglobal.com\/wp-content\/uploads\/2024\/08\/dreamstime_xxl_324843542-1024x750.jpg\",\"contentUrl\":\"https:\/\/www.quantumtradeglobal.com\/wp-content\/uploads\/2024\/08\/dreamstime_xxl_324843542-1024x750.jpg\"},{\"@type\":\"BreadcrumbList\",\"@id\":\"https:\/\/www.quantumtradeglobal.com\/vi\/tiep-can-thi-truong\/ngoai-hoi\/#breadcrumb\",\"itemListElement\":[{\"@type\":\"ListItem\",\"position\":1,\"name\":\"Home\",\"item\":\"https:\/\/www.quantumtradeglobal.com\/vi\/trang-chu\/\"},{\"@type\":\"ListItem\",\"position\":2,\"name\":\"Ti\u1ebfp c\u1eadn th\u1ecb tr\u01b0\u1eddng\",\"item\":\"https:\/\/www.quantumtradeglobal.com\/vi\/tiep-can-thi-truong\/\"},{\"@type\":\"ListItem\",\"position\":3,\"name\":\"H\u1ecdc h\u1ecfi\"}]},{\"@type\":\"WebSite\",\"@id\":\"https:\/\/www.quantumtradeglobal.com\/vi\/#website\",\"url\":\"https:\/\/www.quantumtradeglobal.com\/vi\/\",\"name\":\"QuantumTrade\",\"description\":\"Global Markets\",\"potentialAction\":[{\"@type\":\"SearchAction\",\"target\":{\"@type\":\"EntryPoint\",\"urlTemplate\":\"https:\/\/www.quantumtradeglobal.com\/vi\/?s={search_term_string}\"},\"query-input\":{\"@type\":\"PropertyValueSpecification\",\"valueRequired\":true,\"valueName\":\"search_term_string\"}}],\"inLanguage\":\"vi-VN\"}]}<\/script>\n<!-- \/ Yoast SEO Premium plugin. -->","yoast_head_json":{"title":"Ngo\u1ea1i h\u1ed1i - QuantumTrade","robots":{"index":"index","follow":"follow","max-snippet":"max-snippet:-1","max-image-preview":"max-image-preview:large","max-video-preview":"max-video-preview:-1"},"canonical":"https:\/\/www.quantumtradeglobal.com\/vi\/tiep-can-thi-truong\/ngoai-hoi\/","og_locale":"vi_VN","og_type":"article","og_title":"Ngo\u1ea1i h\u1ed1i","og_description":"Ngo\u1ea1i h\u1ed1i Th\u1ecb tr\u01b0\u1eddng ngo\u1ea1i h\u1ed1i l\u00e0 th\u1ecb tr\u01b0\u1eddng t\u00e0i ch\u00ednh l\u1edbn nh\u1ea5t th\u1ebf gi\u1edbi v\u1edbi h\u01a1n 7,5 ngh\u00ecn t\u1ef7 \u0111\u00f4 la (theo kh\u1ea3o s\u00e1t c\u1ee7a Ng\u00e2n h\u00e0ng Thanh to\u00e1n Qu\u1ed1c t\u1ebf n\u0103m 2022) \u0111\u01b0\u1ee3c giao d\u1ecbch m\u1ed7i ng\u00e0y. Th\u1ecb tr\u01b0\u1eddng m\u1edf c\u1eeda 24 gi\u1edd m\u1ed9t ng\u00e0y, 5 ng\u00e0y m\u1ed9t tu\u1ea7n. T\u1ea1i sao n\u00ean giao &hellip;","og_url":"https:\/\/www.quantumtradeglobal.com\/vi\/tiep-can-thi-truong\/ngoai-hoi\/","og_site_name":"QuantumTrade","article_modified_time":"2025-10-15T07:29:49+00:00","og_image":[{"width":2560,"height":1874,"url":"https:\/\/www.quantumtradeglobal.com\/wp-content\/uploads\/2024\/08\/dreamstime_xxl_324843542-scaled.jpg","type":"image\/jpeg"}],"twitter_card":"summary_large_image","twitter_misc":{"Est. reading time":"3 minutes"},"schema":{"@context":"https:\/\/schema.org","@graph":[{"@type":"WebPage","@id":"https:\/\/www.quantumtradeglobal.com\/vi\/tiep-can-thi-truong\/ngoai-hoi\/","url":"https:\/\/www.quantumtradeglobal.com\/vi\/tiep-can-thi-truong\/ngoai-hoi\/","name":"Ngo\u1ea1i h\u1ed1i - QuantumTrade","isPartOf":{"@id":"https:\/\/www.quantumtradeglobal.com\/vi\/#website"},"primaryImageOfPage":{"@id":"https:\/\/www.quantumtradeglobal.com\/vi\/tiep-can-thi-truong\/ngoai-hoi\/#primaryimage"},"image":{"@id":"https:\/\/www.quantumtradeglobal.com\/vi\/tiep-can-thi-truong\/ngoai-hoi\/#primaryimage"},"thumbnailUrl":"https:\/\/www.quantumtradeglobal.com\/wp-content\/uploads\/2024\/08\/dreamstime_xxl_324843542-1024x750.jpg","datePublished":"2024-08-15T06:27:11+00:00","dateModified":"2025-10-15T07:29:49+00:00","breadcrumb":{"@id":"https:\/\/www.quantumtradeglobal.com\/vi\/tiep-can-thi-truong\/ngoai-hoi\/#breadcrumb"},"inLanguage":"vi-VN","potentialAction":[{"@type":"ReadAction","target":["https:\/\/www.quantumtradeglobal.com\/vi\/tiep-can-thi-truong\/ngoai-hoi\/"]}]},{"@type":"ImageObject","inLanguage":"vi-VN","@id":"https:\/\/www.quantumtradeglobal.com\/vi\/tiep-can-thi-truong\/ngoai-hoi\/#primaryimage","url":"https:\/\/www.quantumtradeglobal.com\/wp-content\/uploads\/2024\/08\/dreamstime_xxl_324843542-1024x750.jpg","contentUrl":"https:\/\/www.quantumtradeglobal.com\/wp-content\/uploads\/2024\/08\/dreamstime_xxl_324843542-1024x750.jpg"},{"@type":"BreadcrumbList","@id":"https:\/\/www.quantumtradeglobal.com\/vi\/tiep-can-thi-truong\/ngoai-hoi\/#breadcrumb","itemListElement":[{"@type":"ListItem","position":1,"name":"Home","item":"https:\/\/www.quantumtradeglobal.com\/vi\/trang-chu\/"},{"@type":"ListItem","position":2,"name":"Ti\u1ebfp c\u1eadn th\u1ecb tr\u01b0\u1eddng","item":"https:\/\/www.quantumtradeglobal.com\/vi\/tiep-can-thi-truong\/"},{"@type":"ListItem","position":3,"name":"H\u1ecdc h\u1ecfi"}]},{"@type":"WebSite","@id":"https:\/\/www.quantumtradeglobal.com\/vi\/#website","url":"https:\/\/www.quantumtradeglobal.com\/vi\/","name":"QuantumTrade","description":"Global Markets","potentialAction":[{"@type":"SearchAction","target":{"@type":"EntryPoint","urlTemplate":"https:\/\/www.quantumtradeglobal.com\/vi\/?s={search_term_string}"},"query-input":{"@type":"PropertyValueSpecification","valueRequired":true,"valueName":"search_term_string"}}],"inLanguage":"vi-VN"}]}},"featured_image_src":null,"featured_image_src_square":null,"_links":{"self":[{"href":"https:\/\/www.quantumtradeglobal.com\/vi\/wp-json\/wp\/v2\/pages\/837","targetHints":{"allow":["GET"]}}],"collection":[{"href":"https:\/\/www.quantumtradeglobal.com\/vi\/wp-json\/wp\/v2\/pages"}],"about":[{"href":"https:\/\/www.quantumtradeglobal.com\/vi\/wp-json\/wp\/v2\/types\/page"}],"author":[{"embeddable":true,"href":"https:\/\/www.quantumtradeglobal.com\/vi\/wp-json\/wp\/v2\/users\/3"}],"replies":[{"embeddable":true,"href":"https:\/\/www.quantumtradeglobal.com\/vi\/wp-json\/wp\/v2\/comments?post=837"}],"version-history":[{"count":0,"href":"https:\/\/www.quantumtradeglobal.com\/vi\/wp-json\/wp\/v2\/pages\/837\/revisions"}],"up":[{"embeddable":true,"href":"https:\/\/www.quantumtradeglobal.com\/vi\/wp-json\/wp\/v2\/pages\/846"}],"wp:attachment":[{"href":"https:\/\/www.quantumtradeglobal.com\/vi\/wp-json\/wp\/v2\/media?parent=837"}],"curies":[{"name":"wp","href":"https:\/\/api.w.org\/{rel}","templated":true}]}}