{"id":838,"date":"2024-08-15T07:26:52","date_gmt":"2024-08-15T07:26:52","guid":{"rendered":"https:\/\/quantumtraddev.wpenginepowered.com\/cfd-la-gi\/"},"modified":"2025-05-24T05:57:32","modified_gmt":"2025-05-24T05:57:32","slug":"cfd-la-gi","status":"publish","type":"page","link":"https:\/\/www.quantumtradeglobal.com\/vi\/hoc-hoi\/cfd-la-gi\/","title":{"rendered":"CFD l\u00e0 g\u00ec"},"content":{"rendered":"\t\t<div data-elementor-type=\"wp-page\" data-elementor-id=\"838\" class=\"elementor elementor-838 elementor-166\" data-elementor-settings=\"{&quot;element_pack_global_tooltip_width&quot;:{&quot;unit&quot;:&quot;px&quot;,&quot;size&quot;:&quot;&quot;,&quot;sizes&quot;:[]},&quot;element_pack_global_tooltip_width_tablet&quot;:{&quot;unit&quot;:&quot;px&quot;,&quot;size&quot;:&quot;&quot;,&quot;sizes&quot;:[]},&quot;element_pack_global_tooltip_width_mobile&quot;:{&quot;unit&quot;:&quot;px&quot;,&quot;size&quot;:&quot;&quot;,&quot;sizes&quot;:[]},&quot;element_pack_global_tooltip_padding&quot;:{&quot;unit&quot;:&quot;px&quot;,&quot;top&quot;:&quot;&quot;,&quot;right&quot;:&quot;&quot;,&quot;bottom&quot;:&quot;&quot;,&quot;left&quot;:&quot;&quot;,&quot;isLinked&quot;:true},&quot;element_pack_global_tooltip_padding_tablet&quot;:{&quot;unit&quot;:&quot;px&quot;,&quot;top&quot;:&quot;&quot;,&quot;right&quot;:&quot;&quot;,&quot;bottom&quot;:&quot;&quot;,&quot;left&quot;:&quot;&quot;,&quot;isLinked&quot;:true},&quot;element_pack_global_tooltip_padding_mobile&quot;:{&quot;unit&quot;:&quot;px&quot;,&quot;top&quot;:&quot;&quot;,&quot;right&quot;:&quot;&quot;,&quot;bottom&quot;:&quot;&quot;,&quot;left&quot;:&quot;&quot;,&quot;isLinked&quot;:true},&quot;element_pack_global_tooltip_border_radius&quot;:{&quot;unit&quot;:&quot;px&quot;,&quot;top&quot;:&quot;&quot;,&quot;right&quot;:&quot;&quot;,&quot;bottom&quot;:&quot;&quot;,&quot;left&quot;:&quot;&quot;,&quot;isLinked&quot;:true},&quot;element_pack_global_tooltip_border_radius_tablet&quot;:{&quot;unit&quot;:&quot;px&quot;,&quot;top&quot;:&quot;&quot;,&quot;right&quot;:&quot;&quot;,&quot;bottom&quot;:&quot;&quot;,&quot;left&quot;:&quot;&quot;,&quot;isLinked&quot;:true},&quot;element_pack_global_tooltip_border_radius_mobile&quot;:{&quot;unit&quot;:&quot;px&quot;,&quot;top&quot;:&quot;&quot;,&quot;right&quot;:&quot;&quot;,&quot;bottom&quot;:&quot;&quot;,&quot;left&quot;:&quot;&quot;,&quot;isLinked&quot;:true}}\" data-elementor-post-type=\"page\">\n\t\t\t\t<div class=\"elementor-element elementor-element-2098d04 e-con-full e-flex e-con e-parent\" data-id=\"2098d04\" data-element_type=\"container\">\n\t\t\t\t<div class=\"elementor-element elementor-element-9970f27 elementor-widget elementor-widget-template\" data-id=\"9970f27\" data-element_type=\"widget\" data-widget_type=\"template.default\">\n\t\t\t\t<div class=\"elementor-widget-container\">\n\t\t\t\t\t\t\t<div class=\"elementor-template\">\n\t\t\t\t\t<div data-elementor-type=\"container\" data-elementor-id=\"60\" class=\"elementor elementor-60\" data-elementor-post-type=\"elementor_library\">\n\t\t\t\t<div class=\"elementor-element elementor-element-44ac8a0 e-flex e-con-boxed e-con e-parent\" data-id=\"44ac8a0\" data-element_type=\"container\" data-settings=\"{&quot;background_background&quot;:&quot;classic&quot;}\">\n\t\t\t\t\t<div class=\"e-con-inner\">\n\t\t\t\t<div class=\"elementor-element elementor-element-c5bf1fd elementor-widget elementor-widget-breadcrumbs\" data-id=\"c5bf1fd\" data-element_type=\"widget\" data-widget_type=\"breadcrumbs.default\">\n\t\t\t\t<div class=\"elementor-widget-container\">\n\t\t\t\t\t<p id=\"breadcrumbs\"><span><span><a href=\"https:\/\/www.quantumtradeglobal.com\/vi\/trang-chu\/\">Home<\/a><\/span><\/span><\/p>\t\t\t\t<\/div>\n\t\t\t\t<\/div>\n\t\t\t\t\t<\/div>\n\t\t\t\t<\/div>\n\t\t\t\t<\/div>\n\t\t\t\t<\/div>\n\t\t\t\t\t\t<\/div>\n\t\t\t\t<\/div>\n\t\t\t\t<\/div>\n\t\t<div data-uael-partstyle=\"default\" data-uael-partcolor=\"\" data-uael-partopacity=\"\" data-uael-partdirection=\"bottom\" class=\"elementor-element elementor-element-dcdf747 uael-particle-yes e-flex e-con-boxed uael-particle-adv-no e-con e-parent\" data-id=\"dcdf747\" data-element_type=\"container\">\n\t\t\t\t\t<div class=\"e-con-inner\">\n\t\t\t\t<div class=\"elementor-element elementor-element-bda5e40 elementor-widget elementor-widget-heading\" data-id=\"bda5e40\" data-element_type=\"widget\" data-widget_type=\"heading.default\">\n\t\t\t\t<div class=\"elementor-widget-container\">\n\t\t\t\t\t<h1 class=\"elementor-heading-title elementor-size-default\">CFD l\u00e0 g\u00ec?<\/h1>\t\t\t\t<\/div>\n\t\t\t\t<\/div>\n\t\t\t\t\t<\/div>\n\t\t\t\t<\/div>\n\t\t<div class=\"elementor-element elementor-element-6d8ed44 e-flex e-con-boxed e-con e-parent\" data-id=\"6d8ed44\" data-element_type=\"container\">\n\t\t\t\t\t<div class=\"e-con-inner\">\n\t\t\t\t<div class=\"elementor-element elementor-element-1bc78e7 elementor-widget elementor-widget-text-editor\" data-id=\"1bc78e7\" data-element_type=\"widget\" data-widget_type=\"text-editor.default\">\n\t\t\t\t<div class=\"elementor-widget-container\">\n\t\t\t\t\t\t\t\t\t<p><span style=\"font-size: 16px; color: #272c30;\">H\u1ee3p \u0111\u1ed3ng ch\u00eanh l\u1ec7ch (CFD) l\u00e0 m\u1ed9t c\u00f4ng c\u1ee5 t\u00e0i ch\u00ednh cho ph\u00e9p giao d\u1ecbch gi\u00e1 t\u00e0i s\u1ea3n m\u00e0 kh\u00f4ng c\u1ea7n s\u1edf h\u1eefu tr\u1ef1c ti\u1ebfp t\u00e0i s\u1ea3n c\u01a1 s\u1edf. CFD c\u00f3 th\u1ec3 \u0111\u01b0\u1ee3c s\u1eed d\u1ee5ng \u0111\u1ec3 \u0111\u1ea7u c\u01a1 v\u00e0o bi\u1ebfn \u0111\u1ed9ng c\u1ee7a nhi\u1ec1u lo\u1ea1i t\u00e0i s\u1ea3n kh\u00e1c nhau, bao g\u1ed3m c\u1ed5 phi\u1ebfu, h\u00e0ng h\u00f3a v\u00e0 ti\u1ec1n t\u1ec7. <\/span><\/p><p><span style=\"font-size: 16px;\">Sau \u0111\u00e2y l\u00e0 l\u1eddi gi\u1ea3i th\u00edch v\u1ec1 c\u01a1 ch\u1ebf giao d\u1ecbch CFD.<\/span><\/p><ul><li>M\u1edf m\u1ed9t v\u1ecb tr\u00ed:<\/li><\/ul><p>Mua (Go Long): Trong tr\u01b0\u1eddng h\u1ee3p nh\u00e0 \u0111\u1ea7u t\u01b0 d\u1ef1 \u0111o\u00e1n gi\u00e1 t\u00e0i s\u1ea3n s\u1ebd t\u0103ng<\/p><p>B\u00e1n (b\u00e1n kh\u1ed1ng). Trong tr\u01b0\u1eddng h\u1ee3p nh\u00e0 \u0111\u1ea7u t\u01b0 d\u1ef1 \u0111o\u00e1n gi\u00e1 t\u00e0i s\u1ea3n s\u1ebd gi\u1ea3m. <\/p><ul><li>\u0110\u00f2n b\u1ea9y:<\/li><\/ul><p>\u0110\u00f2n b\u1ea9y cho ph\u00e9p ki\u1ec3m so\u00e1t m\u1ed9t v\u1ecb th\u1ebf l\u1edbn h\u01a1n v\u1edbi s\u1ed1 v\u1ed1n nh\u1ecf h\u01a1n. V\u00ed d\u1ee5, m\u1ed9t kho\u1ea3n ti\u1ec1n 100 \u0111\u00f4 la c\u00f3 th\u1ec3 \u0111\u01b0\u1ee3c s\u1eed d\u1ee5ng \u0111\u1ec3 ki\u1ec3m so\u00e1t m\u1ed9t giao d\u1ecbch c\u00f3 gi\u00e1 tr\u1ecb 1.000 \u0111\u00f4 la. C\u1ea7n l\u01b0u \u00fd r\u1eb1ng trong khi \u0111\u00f2n b\u1ea9y c\u00f3 kh\u1ea3 n\u0103ng khu\u1ebfch \u0111\u1ea1i l\u1ee3i nhu\u1eadn, n\u00f3 c\u0169ng c\u00f3 th\u1ec3 khu\u1ebfch \u0111\u1ea1i thua l\u1ed7.  <\/p><ul><li>L\u00e3i v\u00e0 l\u1ed7:<\/li><\/ul><p>Trong tr\u01b0\u1eddng h\u1ee3p mua v\u00e0o v\u00e0 gi\u00e1 t\u0103ng sau \u0111\u00f3, nh\u00e0 \u0111\u1ea7u t\u01b0 s\u1ebd t\u00edch l\u0169y \u0111\u01b0\u1ee3c l\u1ee3i nhu\u1eadn thu \u0111\u01b0\u1ee3c. Trong tr\u01b0\u1eddng h\u1ee3p b\u00e1n ra v\u00e0 gi\u00e1 gi\u1ea3m sau \u0111\u00f3, nh\u00e0 \u0111\u1ea7u t\u01b0 s\u1ebd nh\u1eadn \u0111\u01b0\u1ee3c kho\u1ea3n l\u00e3i b\u1eb1ng v\u1edbi ch\u00eanh l\u1ec7ch gi\u1eefa gi\u00e1 b\u00e1n v\u00e0 gi\u00e1 hi\u1ec7n t\u1ea1i. Ng\u01b0\u1ee3c l\u1ea1i, n\u1ebfu nh\u00e0 \u0111\u1ea7u t\u01b0 mua m\u1ed9t t\u00e0i s\u1ea3n v\u00e0 gi\u00e1 sau \u0111\u00f3 gi\u1ea3m, nh\u00e0 \u0111\u1ea7u t\u01b0 s\u1ebd ph\u1ea3i ch\u1ecbu kho\u1ea3n l\u1ed7 b\u1eb1ng v\u1edbi ch\u00eanh l\u1ec7ch gi\u1eefa gi\u00e1 mua v\u00e0 gi\u00e1 hi\u1ec7n t\u1ea1i.    <\/p>\t\t\t\t\t\t\t\t<\/div>\n\t\t\t\t<\/div>\n\t\t\t\t<div class=\"elementor-element elementor-element-eb21041 elementor-widget elementor-widget-image\" data-id=\"eb21041\" data-element_type=\"widget\" data-widget_type=\"image.default\">\n\t\t\t\t<div class=\"elementor-widget-container\">\n\t\t\t\t\t\t\t\t\t\t\t\t\t\t\t<img fetchpriority=\"high\" decoding=\"async\" width=\"1024\" height=\"750\" src=\"https:\/\/www.quantumtradeglobal.com\/wp-content\/uploads\/2024\/08\/dreamstime_xxl_324843343-1024x750.jpg\" class=\"attachment-large size-large wp-image-875\" alt=\"\" srcset=\"https:\/\/www.quantumtradeglobal.com\/wp-content\/uploads\/2024\/08\/dreamstime_xxl_324843343-1024x750.jpg 1024w, https:\/\/www.quantumtradeglobal.com\/wp-content\/uploads\/2024\/08\/dreamstime_xxl_324843343-300x220.jpg 300w, https:\/\/www.quantumtradeglobal.com\/wp-content\/uploads\/2024\/08\/dreamstime_xxl_324843343-768x562.jpg 768w, https:\/\/www.quantumtradeglobal.com\/wp-content\/uploads\/2024\/08\/dreamstime_xxl_324843343-1536x1125.jpg 1536w, https:\/\/www.quantumtradeglobal.com\/wp-content\/uploads\/2024\/08\/dreamstime_xxl_324843343-2048x1499.jpg 2048w, https:\/\/www.quantumtradeglobal.com\/wp-content\/uploads\/2024\/08\/dreamstime_xxl_324843343-1200x879.jpg 1200w, https:\/\/www.quantumtradeglobal.com\/wp-content\/uploads\/2024\/08\/dreamstime_xxl_324843343-1400x1025.jpg 1400w\" sizes=\"(max-width: 1024px) 100vw, 1024px\" \/>\t\t\t\t\t\t\t\t\t\t\t\t\t\t\t<\/div>\n\t\t\t\t<\/div>\n\t\t\t\t<div class=\"elementor-element elementor-element-600d25d elementor-widget__width-initial elementor-widget elementor-widget-text-editor\" data-id=\"600d25d\" data-element_type=\"widget\" data-widget_type=\"text-editor.default\">\n\t\t\t\t<div class=\"elementor-widget-container\">\n\t\t\t\t\t\t\t\t\t<p>\u01afu \u0111i\u1ec3m v\u00e0 r\u1ee7i ro c\u1ee7a CFD<\/p><p>C\u00f3 th\u1ec3 ki\u1ebfm l\u1ee3i nhu\u1eadn t\u1eeb c\u1ea3 bi\u1ebfn \u0111\u1ed9ng th\u1ecb tr\u01b0\u1eddng t\u0103ng v\u00e0 gi\u1ea3m. C\u00f3 th\u1ec3 t\u1ea1o ra l\u1ee3i nhu\u1eadn b\u1ea5t k\u1ec3 th\u1ecb tr\u01b0\u1eddng \u0111ang trong qu\u1ef9 \u0111\u1ea1o t\u0103ng hay gi\u1ea3m. <\/p><ul><li>Ti\u1ebfp c\u1eadn th\u1ecb tr\u01b0\u1eddng to\u00e0n c\u1ea7u: CFD cho ph\u00e9p ti\u1ebfp c\u1eadn nhi\u1ec1u th\u1ecb tr\u01b0\u1eddng v\u00e0 t\u00e0i s\u1ea3n \u0111a d\u1ea1ng.<\/li><\/ul><p>\u0110\u00f2n b\u1ea9y \u0111\u01b0\u1ee3c \u0111\u1ecbnh ngh\u0129a l\u00e0 vi\u1ec7c s\u1eed d\u1ee5ng v\u1ed1n vay \u0111\u1ec3 khu\u1ebfch \u0111\u1ea1i l\u1ee3i nhu\u1eadn ho\u1eb7c thua l\u1ed7 ti\u1ec1m n\u0103ng c\u1ee7a m\u1ed9t kho\u1ea3n \u0111\u1ea7u t\u01b0. C\u00f3 th\u1ec3 giao d\u1ecbch c\u00e1c v\u1ecb th\u1ebf l\u1edbn h\u01a1n v\u1edbi kho\u1ea3n \u0111\u1ea7u t\u01b0 ban \u0111\u1ea7u nh\u1ecf h\u01a1n. <\/p><p>C\u00e1c r\u1ee7i ro ti\u1ec1m \u1ea9n li\u00ean quan \u0111\u1ebfn CFD nh\u01b0 sau:<\/p><ul><li>T\u1ed5n th\u1ea5t gia t\u0103ng: Vi\u1ec7c s\u1eed d\u1ee5ng \u0111\u00f2n b\u1ea9y c\u00f3 th\u1ec3 d\u1eabn \u0111\u1ebfn t\u1ed5n th\u1ea5t \u0111\u00e1ng k\u1ec3, c\u00f3 th\u1ec3 v\u01b0\u1ee3t qu\u00e1 s\u1ed1 ti\u1ec1n \u0111\u1ea7u t\u01b0 ban \u0111\u1ea7u.<\/li><li>Bi\u1ebfn \u0111\u1ed9ng th\u1ecb tr\u01b0\u1eddng: Gi\u00e1 c\u1ea3 thay \u0111\u1ed5i nhanh ch\u00f3ng c\u00f3 th\u1ec3 d\u1eabn \u0111\u1ebfn t\u1ed5n th\u1ea5t \u0111\u00e1ng k\u1ec3.<\/li><li>R\u1ee7i ro \u0111\u1ed1i t\u00e1c: V\u00ec CFD l\u00e0 s\u1ea3n ph\u1ea9m giao d\u1ecbch kh\u00f4ng c\u1ea7n k\u00ea \u0111\u01a1n n\u00ean s\u1ef1 \u1ed5n \u0111\u1ecbnh t\u00e0i ch\u00ednh c\u1ee7a nh\u00e0 m\u00f4i gi\u1edbi l\u00e0 y\u1ebfu t\u1ed1 quan tr\u1ecdng.<\/li><\/ul><p>CFD l\u00e0 c\u00f4ng c\u1ee5 giao d\u1ecbch \u0111a n\u0103ng cho ph\u00e9p \u0111\u1ea7u c\u01a1 v\u00e0o bi\u1ebfn \u0111\u1ed9ng gi\u00e1 m\u00e0 kh\u00f4ng c\u1ea7n s\u1edf h\u1eefu t\u00e0i s\u1ea3n. Ch\u00fang cung c\u1ea5p c\u01a1 h\u1ed9i ki\u1ebfm l\u1eddi trong nhi\u1ec1u \u0111i\u1ec1u ki\u1ec7n th\u1ecb tr\u01b0\u1eddng kh\u00e1c nhau b\u1eb1ng c\u00e1ch s\u1eed d\u1ee5ng \u0111\u00f2n b\u1ea9y, nh\u01b0ng c\u0169ng \u0111i k\u00e8m v\u1edbi r\u1ee7i ro \u0111\u00e1ng k\u1ec3. \u0110i\u1ec1u c\u1ea7n thi\u1ebft l\u00e0 ph\u1ea3i qu\u1ea3n l\u00fd r\u1ee7i ro hi\u1ec7u qu\u1ea3 v\u00e0 hi\u1ec3u r\u00f5 c\u00e1ch th\u1ee9c ho\u1ea1t \u0111\u1ed9ng c\u1ee7a CFD \u0111\u1ec3 giao d\u1ecbch th\u00e0nh c\u00f4ng.  <\/p>\t\t\t\t\t\t\t\t<\/div>\n\t\t\t\t<\/div>\n\t\t\t\t\t<\/div>\n\t\t\t\t<\/div>\n\t\t\t\t<\/div>\n\t\t","protected":false},"excerpt":{"rendered":"<p>CFD l\u00e0 g\u00ec? H\u1ee3p \u0111\u1ed3ng ch\u00eanh l\u1ec7ch (CFD) l\u00e0 m\u1ed9t c\u00f4ng c\u1ee5 t\u00e0i ch\u00ednh cho ph\u00e9p giao d\u1ecbch gi\u00e1 t\u00e0i s\u1ea3n m\u00e0 kh\u00f4ng c\u1ea7n s\u1edf h\u1eefu tr\u1ef1c ti\u1ebfp t\u00e0i s\u1ea3n c\u01a1 s\u1edf. CFD c\u00f3 th\u1ec3 \u0111\u01b0\u1ee3c s\u1eed d\u1ee5ng \u0111\u1ec3 \u0111\u1ea7u c\u01a1 v\u00e0o bi\u1ebfn \u0111\u1ed9ng c\u1ee7a nhi\u1ec1u lo\u1ea1i t\u00e0i s\u1ea3n kh\u00e1c nhau, bao g\u1ed3m c\u1ed5 phi\u1ebfu, &hellip;<\/p>\n","protected":false},"author":3,"featured_media":0,"parent":845,"menu_order":0,"comment_status":"closed","ping_status":"closed","template":"elementor_header_footer","meta":{"_genesis_block_theme_hide_title":false,"footnotes":""},"class_list":["post-838","page","type-page","status-publish","hentry","post","without-featured-image"],"yoast_head":"<!-- This site is optimized with the Yoast SEO Premium plugin v23.0 (Yoast SEO v26.2) - https:\/\/yoast.com\/wordpress\/plugins\/seo\/ -->\n<title>CFD l\u00e0 g\u00ec - QuantumTrade<\/title>\n<meta name=\"robots\" content=\"index, follow, max-snippet:-1, max-image-preview:large, max-video-preview:-1\" \/>\n<link rel=\"canonical\" href=\"https:\/\/www.quantumtradeglobal.com\/vi\/hoc-hoi\/cfd-la-gi\/\" \/>\n<meta property=\"og:locale\" content=\"vi_VN\" \/>\n<meta property=\"og:type\" content=\"article\" \/>\n<meta property=\"og:title\" content=\"CFD l\u00e0 g\u00ec\" \/>\n<meta property=\"og:description\" content=\"CFD l\u00e0 g\u00ec? H\u1ee3p \u0111\u1ed3ng ch\u00eanh l\u1ec7ch (CFD) l\u00e0 m\u1ed9t c\u00f4ng c\u1ee5 t\u00e0i ch\u00ednh cho ph\u00e9p giao d\u1ecbch gi\u00e1 t\u00e0i s\u1ea3n m\u00e0 kh\u00f4ng c\u1ea7n s\u1edf h\u1eefu tr\u1ef1c ti\u1ebfp t\u00e0i s\u1ea3n c\u01a1 s\u1edf. CFD c\u00f3 th\u1ec3 \u0111\u01b0\u1ee3c s\u1eed d\u1ee5ng \u0111\u1ec3 \u0111\u1ea7u c\u01a1 v\u00e0o bi\u1ebfn \u0111\u1ed9ng c\u1ee7a nhi\u1ec1u lo\u1ea1i t\u00e0i s\u1ea3n kh\u00e1c nhau, bao g\u1ed3m c\u1ed5 phi\u1ebfu, &hellip;\" \/>\n<meta property=\"og:url\" content=\"https:\/\/www.quantumtradeglobal.com\/vi\/hoc-hoi\/cfd-la-gi\/\" \/>\n<meta property=\"og:site_name\" content=\"QuantumTrade\" \/>\n<meta property=\"article:modified_time\" content=\"2025-05-24T05:57:32+00:00\" \/>\n<meta property=\"og:image\" content=\"https:\/\/www.quantumtradeglobal.com\/wp-content\/uploads\/2024\/08\/dreamstime_xxl_324843343-scaled.jpg\" \/>\n\t<meta property=\"og:image:width\" content=\"2560\" \/>\n\t<meta property=\"og:image:height\" content=\"1874\" \/>\n\t<meta property=\"og:image:type\" content=\"image\/jpeg\" \/>\n<meta name=\"twitter:card\" content=\"summary_large_image\" \/>\n<meta name=\"twitter:label1\" content=\"Est. reading time\" \/>\n\t<meta name=\"twitter:data1\" content=\"4 minutes\" \/>\n<script type=\"application\/ld+json\" class=\"yoast-schema-graph\">{\"@context\":\"https:\/\/schema.org\",\"@graph\":[{\"@type\":\"WebPage\",\"@id\":\"https:\/\/www.quantumtradeglobal.com\/vi\/hoc-hoi\/cfd-la-gi\/\",\"url\":\"https:\/\/www.quantumtradeglobal.com\/vi\/hoc-hoi\/cfd-la-gi\/\",\"name\":\"CFD l\u00e0 g\u00ec - QuantumTrade\",\"isPartOf\":{\"@id\":\"https:\/\/www.quantumtradeglobal.com\/vi\/#website\"},\"primaryImageOfPage\":{\"@id\":\"https:\/\/www.quantumtradeglobal.com\/vi\/hoc-hoi\/cfd-la-gi\/#primaryimage\"},\"image\":{\"@id\":\"https:\/\/www.quantumtradeglobal.com\/vi\/hoc-hoi\/cfd-la-gi\/#primaryimage\"},\"thumbnailUrl\":\"https:\/\/www.quantumtradeglobal.com\/wp-content\/uploads\/2024\/08\/dreamstime_xxl_324843343-1024x750.jpg\",\"datePublished\":\"2024-08-15T07:26:52+00:00\",\"dateModified\":\"2025-05-24T05:57:32+00:00\",\"breadcrumb\":{\"@id\":\"https:\/\/www.quantumtradeglobal.com\/vi\/hoc-hoi\/cfd-la-gi\/#breadcrumb\"},\"inLanguage\":\"vi-VN\",\"potentialAction\":[{\"@type\":\"ReadAction\",\"target\":[\"https:\/\/www.quantumtradeglobal.com\/vi\/hoc-hoi\/cfd-la-gi\/\"]}]},{\"@type\":\"ImageObject\",\"inLanguage\":\"vi-VN\",\"@id\":\"https:\/\/www.quantumtradeglobal.com\/vi\/hoc-hoi\/cfd-la-gi\/#primaryimage\",\"url\":\"https:\/\/www.quantumtradeglobal.com\/wp-content\/uploads\/2024\/08\/dreamstime_xxl_324843343-1024x750.jpg\",\"contentUrl\":\"https:\/\/www.quantumtradeglobal.com\/wp-content\/uploads\/2024\/08\/dreamstime_xxl_324843343-1024x750.jpg\"},{\"@type\":\"BreadcrumbList\",\"@id\":\"https:\/\/www.quantumtradeglobal.com\/vi\/hoc-hoi\/cfd-la-gi\/#breadcrumb\",\"itemListElement\":[{\"@type\":\"ListItem\",\"position\":1,\"name\":\"Home\",\"item\":\"https:\/\/www.quantumtradeglobal.com\/vi\/trang-chu\/\"},{\"@type\":\"ListItem\",\"position\":2,\"name\":\"H\u1ecdc h\u1ecfi\",\"item\":\"https:\/\/www.quantumtradeglobal.com\/vi\/hoc-hoi\/\"},{\"@type\":\"ListItem\",\"position\":3,\"name\":\"H\u1ecdc h\u1ecfi\"}]},{\"@type\":\"WebSite\",\"@id\":\"https:\/\/www.quantumtradeglobal.com\/vi\/#website\",\"url\":\"https:\/\/www.quantumtradeglobal.com\/vi\/\",\"name\":\"QuantumTrade\",\"description\":\"Global Markets\",\"potentialAction\":[{\"@type\":\"SearchAction\",\"target\":{\"@type\":\"EntryPoint\",\"urlTemplate\":\"https:\/\/www.quantumtradeglobal.com\/vi\/?s={search_term_string}\"},\"query-input\":{\"@type\":\"PropertyValueSpecification\",\"valueRequired\":true,\"valueName\":\"search_term_string\"}}],\"inLanguage\":\"vi-VN\"}]}<\/script>\n<!-- \/ Yoast SEO Premium plugin. -->","yoast_head_json":{"title":"CFD l\u00e0 g\u00ec - QuantumTrade","robots":{"index":"index","follow":"follow","max-snippet":"max-snippet:-1","max-image-preview":"max-image-preview:large","max-video-preview":"max-video-preview:-1"},"canonical":"https:\/\/www.quantumtradeglobal.com\/vi\/hoc-hoi\/cfd-la-gi\/","og_locale":"vi_VN","og_type":"article","og_title":"CFD l\u00e0 g\u00ec","og_description":"CFD l\u00e0 g\u00ec? H\u1ee3p \u0111\u1ed3ng ch\u00eanh l\u1ec7ch (CFD) l\u00e0 m\u1ed9t c\u00f4ng c\u1ee5 t\u00e0i ch\u00ednh cho ph\u00e9p giao d\u1ecbch gi\u00e1 t\u00e0i s\u1ea3n m\u00e0 kh\u00f4ng c\u1ea7n s\u1edf h\u1eefu tr\u1ef1c ti\u1ebfp t\u00e0i s\u1ea3n c\u01a1 s\u1edf. CFD c\u00f3 th\u1ec3 \u0111\u01b0\u1ee3c s\u1eed d\u1ee5ng \u0111\u1ec3 \u0111\u1ea7u c\u01a1 v\u00e0o bi\u1ebfn \u0111\u1ed9ng c\u1ee7a nhi\u1ec1u lo\u1ea1i t\u00e0i s\u1ea3n kh\u00e1c nhau, bao g\u1ed3m c\u1ed5 phi\u1ebfu, &hellip;","og_url":"https:\/\/www.quantumtradeglobal.com\/vi\/hoc-hoi\/cfd-la-gi\/","og_site_name":"QuantumTrade","article_modified_time":"2025-05-24T05:57:32+00:00","og_image":[{"width":2560,"height":1874,"url":"https:\/\/www.quantumtradeglobal.com\/wp-content\/uploads\/2024\/08\/dreamstime_xxl_324843343-scaled.jpg","type":"image\/jpeg"}],"twitter_card":"summary_large_image","twitter_misc":{"Est. reading time":"4 minutes"},"schema":{"@context":"https:\/\/schema.org","@graph":[{"@type":"WebPage","@id":"https:\/\/www.quantumtradeglobal.com\/vi\/hoc-hoi\/cfd-la-gi\/","url":"https:\/\/www.quantumtradeglobal.com\/vi\/hoc-hoi\/cfd-la-gi\/","name":"CFD l\u00e0 g\u00ec - QuantumTrade","isPartOf":{"@id":"https:\/\/www.quantumtradeglobal.com\/vi\/#website"},"primaryImageOfPage":{"@id":"https:\/\/www.quantumtradeglobal.com\/vi\/hoc-hoi\/cfd-la-gi\/#primaryimage"},"image":{"@id":"https:\/\/www.quantumtradeglobal.com\/vi\/hoc-hoi\/cfd-la-gi\/#primaryimage"},"thumbnailUrl":"https:\/\/www.quantumtradeglobal.com\/wp-content\/uploads\/2024\/08\/dreamstime_xxl_324843343-1024x750.jpg","datePublished":"2024-08-15T07:26:52+00:00","dateModified":"2025-05-24T05:57:32+00:00","breadcrumb":{"@id":"https:\/\/www.quantumtradeglobal.com\/vi\/hoc-hoi\/cfd-la-gi\/#breadcrumb"},"inLanguage":"vi-VN","potentialAction":[{"@type":"ReadAction","target":["https:\/\/www.quantumtradeglobal.com\/vi\/hoc-hoi\/cfd-la-gi\/"]}]},{"@type":"ImageObject","inLanguage":"vi-VN","@id":"https:\/\/www.quantumtradeglobal.com\/vi\/hoc-hoi\/cfd-la-gi\/#primaryimage","url":"https:\/\/www.quantumtradeglobal.com\/wp-content\/uploads\/2024\/08\/dreamstime_xxl_324843343-1024x750.jpg","contentUrl":"https:\/\/www.quantumtradeglobal.com\/wp-content\/uploads\/2024\/08\/dreamstime_xxl_324843343-1024x750.jpg"},{"@type":"BreadcrumbList","@id":"https:\/\/www.quantumtradeglobal.com\/vi\/hoc-hoi\/cfd-la-gi\/#breadcrumb","itemListElement":[{"@type":"ListItem","position":1,"name":"Home","item":"https:\/\/www.quantumtradeglobal.com\/vi\/trang-chu\/"},{"@type":"ListItem","position":2,"name":"H\u1ecdc h\u1ecfi","item":"https:\/\/www.quantumtradeglobal.com\/vi\/hoc-hoi\/"},{"@type":"ListItem","position":3,"name":"H\u1ecdc h\u1ecfi"}]},{"@type":"WebSite","@id":"https:\/\/www.quantumtradeglobal.com\/vi\/#website","url":"https:\/\/www.quantumtradeglobal.com\/vi\/","name":"QuantumTrade","description":"Global Markets","potentialAction":[{"@type":"SearchAction","target":{"@type":"EntryPoint","urlTemplate":"https:\/\/www.quantumtradeglobal.com\/vi\/?s={search_term_string}"},"query-input":{"@type":"PropertyValueSpecification","valueRequired":true,"valueName":"search_term_string"}}],"inLanguage":"vi-VN"}]}},"featured_image_src":null,"featured_image_src_square":null,"_links":{"self":[{"href":"https:\/\/www.quantumtradeglobal.com\/vi\/wp-json\/wp\/v2\/pages\/838","targetHints":{"allow":["GET"]}}],"collection":[{"href":"https:\/\/www.quantumtradeglobal.com\/vi\/wp-json\/wp\/v2\/pages"}],"about":[{"href":"https:\/\/www.quantumtradeglobal.com\/vi\/wp-json\/wp\/v2\/types\/page"}],"author":[{"embeddable":true,"href":"https:\/\/www.quantumtradeglobal.com\/vi\/wp-json\/wp\/v2\/users\/3"}],"replies":[{"embeddable":true,"href":"https:\/\/www.quantumtradeglobal.com\/vi\/wp-json\/wp\/v2\/comments?post=838"}],"version-history":[{"count":0,"href":"https:\/\/www.quantumtradeglobal.com\/vi\/wp-json\/wp\/v2\/pages\/838\/revisions"}],"up":[{"embeddable":true,"href":"https:\/\/www.quantumtradeglobal.com\/vi\/wp-json\/wp\/v2\/pages\/845"}],"wp:attachment":[{"href":"https:\/\/www.quantumtradeglobal.com\/vi\/wp-json\/wp\/v2\/media?parent=838"}],"curies":[{"name":"wp","href":"https:\/\/api.w.org\/{rel}","templated":true}]}}