{"id":844,"date":"2024-07-27T11:49:15","date_gmt":"2024-07-27T11:49:15","guid":{"rendered":"https:\/\/quantumtraddev.wpenginepowered.com\/lich-kinh-te\/"},"modified":"2025-05-24T05:57:40","modified_gmt":"2025-05-24T05:57:40","slug":"lich-kinh-te","status":"publish","type":"page","link":"https:\/\/www.quantumtradeglobal.com\/vi\/hoc-hoi\/lich-kinh-te\/","title":{"rendered":"L\u1ecbch kinh t\u1ebf"},"content":{"rendered":"\t\t<div data-elementor-type=\"wp-page\" data-elementor-id=\"844\" class=\"elementor elementor-844 elementor-53\" data-elementor-settings=\"{&quot;element_pack_global_tooltip_width&quot;:{&quot;unit&quot;:&quot;px&quot;,&quot;size&quot;:&quot;&quot;,&quot;sizes&quot;:[]},&quot;element_pack_global_tooltip_width_tablet&quot;:{&quot;unit&quot;:&quot;px&quot;,&quot;size&quot;:&quot;&quot;,&quot;sizes&quot;:[]},&quot;element_pack_global_tooltip_width_mobile&quot;:{&quot;unit&quot;:&quot;px&quot;,&quot;size&quot;:&quot;&quot;,&quot;sizes&quot;:[]},&quot;element_pack_global_tooltip_padding&quot;:{&quot;unit&quot;:&quot;px&quot;,&quot;top&quot;:&quot;&quot;,&quot;right&quot;:&quot;&quot;,&quot;bottom&quot;:&quot;&quot;,&quot;left&quot;:&quot;&quot;,&quot;isLinked&quot;:true},&quot;element_pack_global_tooltip_padding_tablet&quot;:{&quot;unit&quot;:&quot;px&quot;,&quot;top&quot;:&quot;&quot;,&quot;right&quot;:&quot;&quot;,&quot;bottom&quot;:&quot;&quot;,&quot;left&quot;:&quot;&quot;,&quot;isLinked&quot;:true},&quot;element_pack_global_tooltip_padding_mobile&quot;:{&quot;unit&quot;:&quot;px&quot;,&quot;top&quot;:&quot;&quot;,&quot;right&quot;:&quot;&quot;,&quot;bottom&quot;:&quot;&quot;,&quot;left&quot;:&quot;&quot;,&quot;isLinked&quot;:true},&quot;element_pack_global_tooltip_border_radius&quot;:{&quot;unit&quot;:&quot;px&quot;,&quot;top&quot;:&quot;&quot;,&quot;right&quot;:&quot;&quot;,&quot;bottom&quot;:&quot;&quot;,&quot;left&quot;:&quot;&quot;,&quot;isLinked&quot;:true},&quot;element_pack_global_tooltip_border_radius_tablet&quot;:{&quot;unit&quot;:&quot;px&quot;,&quot;top&quot;:&quot;&quot;,&quot;right&quot;:&quot;&quot;,&quot;bottom&quot;:&quot;&quot;,&quot;left&quot;:&quot;&quot;,&quot;isLinked&quot;:true},&quot;element_pack_global_tooltip_border_radius_mobile&quot;:{&quot;unit&quot;:&quot;px&quot;,&quot;top&quot;:&quot;&quot;,&quot;right&quot;:&quot;&quot;,&quot;bottom&quot;:&quot;&quot;,&quot;left&quot;:&quot;&quot;,&quot;isLinked&quot;:true}}\" data-elementor-post-type=\"page\">\n\t\t\t\t<div class=\"elementor-element elementor-element-7e41de0 e-con-full e-flex e-con e-parent\" data-id=\"7e41de0\" data-element_type=\"container\">\n\t\t\t\t<div class=\"elementor-element elementor-element-36f6064 elementor-widget elementor-widget-template\" data-id=\"36f6064\" data-element_type=\"widget\" data-widget_type=\"template.default\">\n\t\t\t\t<div class=\"elementor-widget-container\">\n\t\t\t\t\t\t\t<div class=\"elementor-template\">\n\t\t\t\t\t<div data-elementor-type=\"container\" data-elementor-id=\"60\" class=\"elementor elementor-60\" data-elementor-post-type=\"elementor_library\">\n\t\t\t\t<div class=\"elementor-element elementor-element-44ac8a0 e-flex e-con-boxed e-con e-parent\" data-id=\"44ac8a0\" data-element_type=\"container\" data-settings=\"{&quot;background_background&quot;:&quot;classic&quot;}\">\n\t\t\t\t\t<div class=\"e-con-inner\">\n\t\t\t\t<div class=\"elementor-element elementor-element-c5bf1fd elementor-widget elementor-widget-breadcrumbs\" data-id=\"c5bf1fd\" data-element_type=\"widget\" data-widget_type=\"breadcrumbs.default\">\n\t\t\t\t<div class=\"elementor-widget-container\">\n\t\t\t\t\t<p id=\"breadcrumbs\"><span><span><a href=\"https:\/\/www.quantumtradeglobal.com\/vi\/trang-chu\/\">Home<\/a><\/span><\/span><\/p>\t\t\t\t<\/div>\n\t\t\t\t<\/div>\n\t\t\t\t\t<\/div>\n\t\t\t\t<\/div>\n\t\t\t\t<\/div>\n\t\t\t\t<\/div>\n\t\t\t\t\t\t<\/div>\n\t\t\t\t<\/div>\n\t\t\t\t<\/div>\n\t\t<div data-uael-partstyle=\"default\" data-uael-partcolor=\"\" data-uael-partopacity=\"\" data-uael-partdirection=\"bottom\" class=\"elementor-element elementor-element-2b2ff1d uael-particle-yes e-flex e-con-boxed uael-particle-adv-no e-con e-parent\" data-id=\"2b2ff1d\" data-element_type=\"container\">\n\t\t\t\t\t<div class=\"e-con-inner\">\n\t\t\t\t<div class=\"elementor-element elementor-element-4f24333 elementor-widget elementor-widget-heading\" data-id=\"4f24333\" data-element_type=\"widget\" data-widget_type=\"heading.default\">\n\t\t\t\t<div class=\"elementor-widget-container\">\n\t\t\t\t\t<h1 class=\"elementor-heading-title elementor-size-default\">L\u1ecbch kinh t\u1ebf<\/h1>\t\t\t\t<\/div>\n\t\t\t\t<\/div>\n\t\t\t\t<div class=\"elementor-element elementor-element-e87f541 elementor-widget elementor-widget-text-editor\" data-id=\"e87f541\" data-element_type=\"widget\" data-widget_type=\"text-editor.default\">\n\t\t\t\t<div class=\"elementor-widget-container\">\n\t\t\t\t\t\t\t\t\t<p>S\u1ef1 ki\u1ec7n kinh t\u1ebf th\u1ebf gi\u1edbi quan tr\u1ecdng \u0111\u00f3ng vai tr\u00f2 quan tr\u1ecdng \u0111\u1ec3 hi\u1ec3u \u0111\u01b0\u1ee3c nh\u1eefng g\u00ec c\u00f3 th\u1ec3 t\u00e1c \u0111\u1ed9ng \u0111\u1ebfn th\u1ecb tr\u01b0\u1eddng trong t\u01b0\u01a1ng lai g\u1ea7n.<\/p>\t\t\t\t\t\t\t\t<\/div>\n\t\t\t\t<\/div>\n\t\t\t\t\t<\/div>\n\t\t\t\t<\/div>\n\t\t<div class=\"elementor-element elementor-element-aade7df e-flex e-con-boxed e-con e-parent\" data-id=\"aade7df\" data-element_type=\"container\">\n\t\t\t\t\t<div class=\"e-con-inner\">\n\t\t\t\t<div class=\"elementor-element elementor-element-0e94d38 elementor-widget elementor-widget-html\" data-id=\"0e94d38\" data-element_type=\"widget\" data-widget_type=\"html.default\">\n\t\t\t\t<div class=\"elementor-widget-container\">\n\t\t\t\t\t<div id=\"economicCalendarWidget\"><\/div>\r\n<script async=\"\" type=\"text\/javascript\" data-type=\"calendar-widget\" src=\"https:\/\/www.tradays.com\/c\/js\/widgets\/calendar\/widget.js?v=13\">\r\n  {\"width\":\"100%\",\"height\":\"600px\",\"mode\":\"2\"}\r\n<\/script>\t\t\t\t<\/div>\n\t\t\t\t<\/div>\n\t\t\t\t\t<\/div>\n\t\t\t\t<\/div>\n\t\t\t\t<\/div>\n\t\t","protected":false},"excerpt":{"rendered":"<p>L\u1ecbch kinh t\u1ebf S\u1ef1 ki\u1ec7n kinh t\u1ebf th\u1ebf gi\u1edbi quan tr\u1ecdng \u0111\u00f3ng vai tr\u00f2 quan tr\u1ecdng \u0111\u1ec3 hi\u1ec3u \u0111\u01b0\u1ee3c nh\u1eefng g\u00ec c\u00f3 th\u1ec3 t\u00e1c \u0111\u1ed9ng \u0111\u1ebfn th\u1ecb tr\u01b0\u1eddng trong t\u01b0\u01a1ng lai g\u1ea7n.<\/p>\n","protected":false},"author":2,"featured_media":0,"parent":845,"menu_order":0,"comment_status":"closed","ping_status":"closed","template":"elementor_header_footer","meta":{"_genesis_block_theme_hide_title":false,"footnotes":""},"class_list":["post-844","page","type-page","status-publish","hentry","post","without-featured-image"],"yoast_head":"<!-- This site is optimized with the Yoast SEO Premium plugin v23.0 (Yoast SEO v26.2) - https:\/\/yoast.com\/wordpress\/plugins\/seo\/ -->\n<title>L\u1ecbch kinh t\u1ebf - QuantumTrade<\/title>\n<meta name=\"robots\" content=\"index, follow, max-snippet:-1, max-image-preview:large, max-video-preview:-1\" \/>\n<link rel=\"canonical\" href=\"https:\/\/www.quantumtradeglobal.com\/vi\/hoc-hoi\/lich-kinh-te\/\" \/>\n<meta property=\"og:locale\" content=\"vi_VN\" \/>\n<meta property=\"og:type\" content=\"article\" \/>\n<meta property=\"og:title\" content=\"L\u1ecbch kinh t\u1ebf\" \/>\n<meta property=\"og:description\" content=\"L\u1ecbch kinh t\u1ebf S\u1ef1 ki\u1ec7n kinh t\u1ebf th\u1ebf gi\u1edbi quan tr\u1ecdng \u0111\u00f3ng vai tr\u00f2 quan tr\u1ecdng \u0111\u1ec3 hi\u1ec3u \u0111\u01b0\u1ee3c nh\u1eefng g\u00ec c\u00f3 th\u1ec3 t\u00e1c \u0111\u1ed9ng \u0111\u1ebfn th\u1ecb tr\u01b0\u1eddng trong t\u01b0\u01a1ng lai g\u1ea7n.\" \/>\n<meta property=\"og:url\" content=\"https:\/\/www.quantumtradeglobal.com\/vi\/hoc-hoi\/lich-kinh-te\/\" \/>\n<meta property=\"og:site_name\" content=\"QuantumTrade\" \/>\n<meta property=\"article:modified_time\" content=\"2025-05-24T05:57:40+00:00\" \/>\n<meta name=\"twitter:card\" content=\"summary_large_image\" \/>\n<script type=\"application\/ld+json\" class=\"yoast-schema-graph\">{\"@context\":\"https:\/\/schema.org\",\"@graph\":[{\"@type\":\"WebPage\",\"@id\":\"https:\/\/www.quantumtradeglobal.com\/vi\/hoc-hoi\/lich-kinh-te\/\",\"url\":\"https:\/\/www.quantumtradeglobal.com\/vi\/hoc-hoi\/lich-kinh-te\/\",\"name\":\"L\u1ecbch kinh t\u1ebf - QuantumTrade\",\"isPartOf\":{\"@id\":\"https:\/\/www.quantumtradeglobal.com\/vi\/#website\"},\"datePublished\":\"2024-07-27T11:49:15+00:00\",\"dateModified\":\"2025-05-24T05:57:40+00:00\",\"breadcrumb\":{\"@id\":\"https:\/\/www.quantumtradeglobal.com\/vi\/hoc-hoi\/lich-kinh-te\/#breadcrumb\"},\"inLanguage\":\"vi-VN\",\"potentialAction\":[{\"@type\":\"ReadAction\",\"target\":[\"https:\/\/www.quantumtradeglobal.com\/vi\/hoc-hoi\/lich-kinh-te\/\"]}]},{\"@type\":\"BreadcrumbList\",\"@id\":\"https:\/\/www.quantumtradeglobal.com\/vi\/hoc-hoi\/lich-kinh-te\/#breadcrumb\",\"itemListElement\":[{\"@type\":\"ListItem\",\"position\":1,\"name\":\"Home\",\"item\":\"https:\/\/www.quantumtradeglobal.com\/vi\/trang-chu\/\"},{\"@type\":\"ListItem\",\"position\":2,\"name\":\"H\u1ecdc h\u1ecfi\",\"item\":\"https:\/\/www.quantumtradeglobal.com\/vi\/hoc-hoi\/\"},{\"@type\":\"ListItem\",\"position\":3,\"name\":\"L\u1ecbch kinh t\u1ebf\"}]},{\"@type\":\"WebSite\",\"@id\":\"https:\/\/www.quantumtradeglobal.com\/vi\/#website\",\"url\":\"https:\/\/www.quantumtradeglobal.com\/vi\/\",\"name\":\"QuantumTrade\",\"description\":\"Global Markets\",\"potentialAction\":[{\"@type\":\"SearchAction\",\"target\":{\"@type\":\"EntryPoint\",\"urlTemplate\":\"https:\/\/www.quantumtradeglobal.com\/vi\/?s={search_term_string}\"},\"query-input\":{\"@type\":\"PropertyValueSpecification\",\"valueRequired\":true,\"valueName\":\"search_term_string\"}}],\"inLanguage\":\"vi-VN\"}]}<\/script>\n<!-- \/ Yoast SEO Premium plugin. -->","yoast_head_json":{"title":"L\u1ecbch kinh t\u1ebf - QuantumTrade","robots":{"index":"index","follow":"follow","max-snippet":"max-snippet:-1","max-image-preview":"max-image-preview:large","max-video-preview":"max-video-preview:-1"},"canonical":"https:\/\/www.quantumtradeglobal.com\/vi\/hoc-hoi\/lich-kinh-te\/","og_locale":"vi_VN","og_type":"article","og_title":"L\u1ecbch kinh t\u1ebf","og_description":"L\u1ecbch kinh t\u1ebf S\u1ef1 ki\u1ec7n kinh t\u1ebf th\u1ebf gi\u1edbi quan tr\u1ecdng \u0111\u00f3ng vai tr\u00f2 quan tr\u1ecdng \u0111\u1ec3 hi\u1ec3u \u0111\u01b0\u1ee3c nh\u1eefng g\u00ec c\u00f3 th\u1ec3 t\u00e1c \u0111\u1ed9ng \u0111\u1ebfn th\u1ecb tr\u01b0\u1eddng trong t\u01b0\u01a1ng lai g\u1ea7n.","og_url":"https:\/\/www.quantumtradeglobal.com\/vi\/hoc-hoi\/lich-kinh-te\/","og_site_name":"QuantumTrade","article_modified_time":"2025-05-24T05:57:40+00:00","twitter_card":"summary_large_image","schema":{"@context":"https:\/\/schema.org","@graph":[{"@type":"WebPage","@id":"https:\/\/www.quantumtradeglobal.com\/vi\/hoc-hoi\/lich-kinh-te\/","url":"https:\/\/www.quantumtradeglobal.com\/vi\/hoc-hoi\/lich-kinh-te\/","name":"L\u1ecbch kinh t\u1ebf - QuantumTrade","isPartOf":{"@id":"https:\/\/www.quantumtradeglobal.com\/vi\/#website"},"datePublished":"2024-07-27T11:49:15+00:00","dateModified":"2025-05-24T05:57:40+00:00","breadcrumb":{"@id":"https:\/\/www.quantumtradeglobal.com\/vi\/hoc-hoi\/lich-kinh-te\/#breadcrumb"},"inLanguage":"vi-VN","potentialAction":[{"@type":"ReadAction","target":["https:\/\/www.quantumtradeglobal.com\/vi\/hoc-hoi\/lich-kinh-te\/"]}]},{"@type":"BreadcrumbList","@id":"https:\/\/www.quantumtradeglobal.com\/vi\/hoc-hoi\/lich-kinh-te\/#breadcrumb","itemListElement":[{"@type":"ListItem","position":1,"name":"Home","item":"https:\/\/www.quantumtradeglobal.com\/vi\/trang-chu\/"},{"@type":"ListItem","position":2,"name":"H\u1ecdc h\u1ecfi","item":"https:\/\/www.quantumtradeglobal.com\/vi\/hoc-hoi\/"},{"@type":"ListItem","position":3,"name":"L\u1ecbch kinh t\u1ebf"}]},{"@type":"WebSite","@id":"https:\/\/www.quantumtradeglobal.com\/vi\/#website","url":"https:\/\/www.quantumtradeglobal.com\/vi\/","name":"QuantumTrade","description":"Global Markets","potentialAction":[{"@type":"SearchAction","target":{"@type":"EntryPoint","urlTemplate":"https:\/\/www.quantumtradeglobal.com\/vi\/?s={search_term_string}"},"query-input":{"@type":"PropertyValueSpecification","valueRequired":true,"valueName":"search_term_string"}}],"inLanguage":"vi-VN"}]}},"featured_image_src":null,"featured_image_src_square":null,"_links":{"self":[{"href":"https:\/\/www.quantumtradeglobal.com\/vi\/wp-json\/wp\/v2\/pages\/844","targetHints":{"allow":["GET"]}}],"collection":[{"href":"https:\/\/www.quantumtradeglobal.com\/vi\/wp-json\/wp\/v2\/pages"}],"about":[{"href":"https:\/\/www.quantumtradeglobal.com\/vi\/wp-json\/wp\/v2\/types\/page"}],"author":[{"embeddable":true,"href":"https:\/\/www.quantumtradeglobal.com\/vi\/wp-json\/wp\/v2\/users\/2"}],"replies":[{"embeddable":true,"href":"https:\/\/www.quantumtradeglobal.com\/vi\/wp-json\/wp\/v2\/comments?post=844"}],"version-history":[{"count":0,"href":"https:\/\/www.quantumtradeglobal.com\/vi\/wp-json\/wp\/v2\/pages\/844\/revisions"}],"up":[{"embeddable":true,"href":"https:\/\/www.quantumtradeglobal.com\/vi\/wp-json\/wp\/v2\/pages\/845"}],"wp:attachment":[{"href":"https:\/\/www.quantumtradeglobal.com\/vi\/wp-json\/wp\/v2\/media?parent=844"}],"curies":[{"name":"wp","href":"https:\/\/api.w.org\/{rel}","templated":true}]}}