{"id":846,"date":"2024-07-27T14:18:48","date_gmt":"2024-07-27T13:18:48","guid":{"rendered":"https:\/\/quantumtraddev.wpenginepowered.com\/tiep-can-thi-truong\/"},"modified":"2025-10-15T10:33:20","modified_gmt":"2025-10-15T09:33:20","slug":"tiep-can-thi-truong","status":"publish","type":"page","link":"https:\/\/www.quantumtradeglobal.com\/vi\/tiep-can-thi-truong\/","title":{"rendered":"Ti\u1ebfp c\u1eadn th\u1ecb tr\u01b0\u1eddng"},"content":{"rendered":"\t\t<div data-elementor-type=\"wp-page\" data-elementor-id=\"846\" class=\"elementor elementor-846 elementor-62\" data-elementor-settings=\"{&quot;element_pack_global_tooltip_width&quot;:{&quot;unit&quot;:&quot;px&quot;,&quot;size&quot;:&quot;&quot;,&quot;sizes&quot;:[]},&quot;element_pack_global_tooltip_width_tablet&quot;:{&quot;unit&quot;:&quot;px&quot;,&quot;size&quot;:&quot;&quot;,&quot;sizes&quot;:[]},&quot;element_pack_global_tooltip_width_mobile&quot;:{&quot;unit&quot;:&quot;px&quot;,&quot;size&quot;:&quot;&quot;,&quot;sizes&quot;:[]},&quot;element_pack_global_tooltip_padding&quot;:{&quot;unit&quot;:&quot;px&quot;,&quot;top&quot;:&quot;&quot;,&quot;right&quot;:&quot;&quot;,&quot;bottom&quot;:&quot;&quot;,&quot;left&quot;:&quot;&quot;,&quot;isLinked&quot;:true},&quot;element_pack_global_tooltip_padding_tablet&quot;:{&quot;unit&quot;:&quot;px&quot;,&quot;top&quot;:&quot;&quot;,&quot;right&quot;:&quot;&quot;,&quot;bottom&quot;:&quot;&quot;,&quot;left&quot;:&quot;&quot;,&quot;isLinked&quot;:true},&quot;element_pack_global_tooltip_padding_mobile&quot;:{&quot;unit&quot;:&quot;px&quot;,&quot;top&quot;:&quot;&quot;,&quot;right&quot;:&quot;&quot;,&quot;bottom&quot;:&quot;&quot;,&quot;left&quot;:&quot;&quot;,&quot;isLinked&quot;:true},&quot;element_pack_global_tooltip_border_radius&quot;:{&quot;unit&quot;:&quot;px&quot;,&quot;top&quot;:&quot;&quot;,&quot;right&quot;:&quot;&quot;,&quot;bottom&quot;:&quot;&quot;,&quot;left&quot;:&quot;&quot;,&quot;isLinked&quot;:true},&quot;element_pack_global_tooltip_border_radius_tablet&quot;:{&quot;unit&quot;:&quot;px&quot;,&quot;top&quot;:&quot;&quot;,&quot;right&quot;:&quot;&quot;,&quot;bottom&quot;:&quot;&quot;,&quot;left&quot;:&quot;&quot;,&quot;isLinked&quot;:true},&quot;element_pack_global_tooltip_border_radius_mobile&quot;:{&quot;unit&quot;:&quot;px&quot;,&quot;top&quot;:&quot;&quot;,&quot;right&quot;:&quot;&quot;,&quot;bottom&quot;:&quot;&quot;,&quot;left&quot;:&quot;&quot;,&quot;isLinked&quot;:true}}\" data-elementor-post-type=\"page\">\n\t\t\t\t<div class=\"elementor-element elementor-element-e7f0fae e-con-full e-flex e-con e-parent\" data-id=\"e7f0fae\" data-element_type=\"container\">\n\t\t\t\t<div class=\"elementor-element elementor-element-dac8b50 elementor-widget elementor-widget-template\" data-id=\"dac8b50\" data-element_type=\"widget\" data-widget_type=\"template.default\">\n\t\t\t\t<div class=\"elementor-widget-container\">\n\t\t\t\t\t\t\t<div class=\"elementor-template\">\n\t\t\t\t\t<div data-elementor-type=\"container\" data-elementor-id=\"60\" class=\"elementor elementor-60\" data-elementor-post-type=\"elementor_library\">\n\t\t\t\t<div class=\"elementor-element elementor-element-44ac8a0 e-flex e-con-boxed e-con e-parent\" data-id=\"44ac8a0\" data-element_type=\"container\" data-settings=\"{&quot;background_background&quot;:&quot;classic&quot;}\">\n\t\t\t\t\t<div class=\"e-con-inner\">\n\t\t\t\t<div class=\"elementor-element elementor-element-c5bf1fd elementor-widget elementor-widget-breadcrumbs\" data-id=\"c5bf1fd\" data-element_type=\"widget\" data-widget_type=\"breadcrumbs.default\">\n\t\t\t\t<div class=\"elementor-widget-container\">\n\t\t\t\t\t<p id=\"breadcrumbs\"><span><span><a href=\"https:\/\/www.quantumtradeglobal.com\/vi\/trang-chu\/\">Home<\/a><\/span><\/span><\/p>\t\t\t\t<\/div>\n\t\t\t\t<\/div>\n\t\t\t\t\t<\/div>\n\t\t\t\t<\/div>\n\t\t\t\t<\/div>\n\t\t\t\t<\/div>\n\t\t\t\t\t\t<\/div>\n\t\t\t\t<\/div>\n\t\t\t\t<\/div>\n\t\t<div data-uael-partstyle=\"default\" data-uael-partcolor=\"\" data-uael-partopacity=\"\" data-uael-partdirection=\"bottom\" class=\"elementor-element elementor-element-442c941 uael-particle-yes e-flex e-con-boxed uael-particle-adv-no e-con e-parent\" data-id=\"442c941\" data-element_type=\"container\">\n\t\t\t\t\t<div class=\"e-con-inner\">\n\t\t\t\t<div class=\"elementor-element elementor-element-eadfecd elementor-widget elementor-widget-heading\" data-id=\"eadfecd\" data-element_type=\"widget\" data-widget_type=\"heading.default\">\n\t\t\t\t<div class=\"elementor-widget-container\">\n\t\t\t\t\t<h1 class=\"elementor-heading-title elementor-size-default\">Ti\u1ebfp c\u1eadn th\u1ecb tr\u01b0\u1eddng<\/h1>\t\t\t\t<\/div>\n\t\t\t\t<\/div>\n\t\t\t\t<div class=\"elementor-element elementor-element-42930dd elementor-widget elementor-widget-text-editor\" data-id=\"42930dd\" data-element_type=\"widget\" data-widget_type=\"text-editor.default\">\n\t\t\t\t<div class=\"elementor-widget-container\">\n\t\t\t\t\t\t\t\t\t<p>T\u1ea1i QT, ch\u00fang t\u00f4i \u0111ang thay \u0111\u1ed5i c\u00e1ch b\u1ea1n giao d\u1ecbch. C\u00f4ng ngh\u1ec7 v\u00e0 quan h\u1ec7 \u0111\u1ed1i t\u00e1c c\u1ee7a ch\u00fang t\u00f4i gi\u00fap b\u1ea1n ti\u1ebfp c\u1eadn th\u1ecb tr\u01b0\u1eddng to\u00e0n c\u1ea7u, bao g\u1ed3m ngo\u1ea1i h\u1ed1i, c\u1ed5 phi\u1ebfu v\u00e0 h\u00e0ng h\u00f3a. \u0110i\u1ec1u n\u00e0y c\u00f3 ngh\u0129a l\u00e0 b\u1ea1n c\u00f3 th\u1ec3 t\u1eadn d\u1ee5ng c\u00e1c c\u01a1 h\u1ed9i m\u1edbi khi ch\u00fang xu\u1ea5t hi\u1ec7n. N\u1ec1n t\u1ea3ng c\u1ee7a ch\u00fang t\u00f4i nhanh, cung c\u1ea5p d\u1eef li\u1ec7u th\u1eddi gian th\u1ef1c v\u00e0 c\u00f3 m\u1ecdi th\u1ee9 m\u00e0 c\u00e1c nh\u00e0 giao d\u1ecbch c\u1ea7n. \u0110i\u1ec1u n\u00e0y gi\u00fap c\u00e1c nh\u00e0 giao d\u1ecbch \u1edf m\u1ecdi c\u1ea5p \u0111\u1ed9 c\u1ea3m th\u1ea5y t\u1ef1 tin v\u00e0 l\u00e0m t\u1ed1t nh\u1ea5t c\u00f3 th\u1ec3. Tr\u1ea3i nghi\u1ec7m k\u1ebft n\u1ed1i m\u01b0\u1ee3t m\u00e0 v\u1edbi th\u1ebf gi\u1edbi t\u00e0i ch\u00ednh v\u00e0 kh\u00e1m ph\u00e1 c\u00e1c c\u01a1 h\u1ed9i giao d\u1ecbch m\u1edbi v\u1edbi.     <\/p>\t\t\t\t\t\t\t\t<\/div>\n\t\t\t\t<\/div>\n\t\t\t\t\t<\/div>\n\t\t\t\t<\/div>\n\t\t<div class=\"elementor-element elementor-element-3c59d32 e-flex e-con-boxed e-con e-parent\" data-id=\"3c59d32\" data-element_type=\"container\">\n\t\t\t\t\t<div class=\"e-con-inner\">\n\t\t\t\t<div class=\"elementor-element elementor-element-86fe6b9 elementor-cta--skin-classic elementor-animated-content elementor-bg-transform elementor-bg-transform-zoom-in elementor-widget elementor-widget-call-to-action\" data-id=\"86fe6b9\" data-element_type=\"widget\" data-widget_type=\"call-to-action.default\">\n\t\t\t\t<div class=\"elementor-widget-container\">\n\t\t\t\t\t\t\t<div class=\"elementor-cta\">\n\t\t\t\t\t<div class=\"elementor-cta__bg-wrapper\">\n\t\t\t\t<div class=\"elementor-cta__bg elementor-bg\" style=\"background-image: url(https:\/\/www.quantumtradeglobal.com\/wp-content\/uploads\/2024\/08\/dreamstime_xxl_25291026648-1024x915.jpg);\" role=\"img\" aria-label=\"http:\/\/www.dreamstime.com\/royalty-free-stock-image-stock-market-trade-isolated-cartoon-vector-illustrations-se-set-portfolio-manager-consult-investment-strategy-hedge-fund-trader-image252910266\"><\/div>\n\t\t\t\t<div class=\"elementor-cta__bg-overlay\"><\/div>\n\t\t\t<\/div>\n\t\t\t\t\t\t\t<div class=\"elementor-cta__content\">\n\t\t\t\t\n\t\t\t\t\t\t\t\t\t<h2 class=\"elementor-cta__title elementor-cta__content-item elementor-content-item\">\n\t\t\t\t\t\tB\u00e1o gi\u00e1 theo th\u1eddi gian th\u1ef1c v\u00e0 th\u00f4ng s\u1ed1 k\u1ef9 thu\u1eadt h\u1ee3p \u0111\u1ed3ng\t\t\t\t\t<\/h2>\n\t\t\t\t\n\t\t\t\t\t\t\t\t\t<div class=\"elementor-cta__description elementor-cta__content-item elementor-content-item\">\n\t\t\t\t\t\tNh\u1ea5p \u0111\u1ec3 xem th\u00eam th\u00f4ng tin v\u1ec1 \u0111\u1eb7c \u0111i\u1ec3m k\u1ef9 thu\u1eadt c\u1ee7a c\u00e1c c\u00f4ng c\u1ee5 giao d\u1ecbch\t\t\t\t\t<\/div>\n\t\t\t\t\n\t\t\t\t\t\t\t\t\t<div class=\"elementor-cta__button-wrapper elementor-cta__content-item elementor-content-item \">\n\t\t\t\t\t<a class=\"elementor-cta__button elementor-button elementor-size-\" href=\"https:\/\/qtextra.space.quantgm.com\">\n\t\t\t\t\t\tNh\u1ea5p v\u00e0o \u0111\u00e2y\t\t\t\t\t<\/a>\n\t\t\t\t\t<\/div>\n\t\t\t\t\t\t\t<\/div>\n\t\t\t\t\t\t<\/div>\n\t\t\t\t\t\t<\/div>\n\t\t\t\t<\/div>\n\t\t\t\t\t<\/div>\n\t\t\t\t<\/div>\n\t\t\t\t<\/div>\n\t\t","protected":false},"excerpt":{"rendered":"<p>Ti\u1ebfp c\u1eadn th\u1ecb tr\u01b0\u1eddng T\u1ea1i QT, ch\u00fang t\u00f4i \u0111ang thay \u0111\u1ed5i c\u00e1ch b\u1ea1n giao d\u1ecbch. C\u00f4ng ngh\u1ec7 v\u00e0 quan h\u1ec7 \u0111\u1ed1i t\u00e1c c\u1ee7a ch\u00fang t\u00f4i gi\u00fap b\u1ea1n ti\u1ebfp c\u1eadn th\u1ecb tr\u01b0\u1eddng to\u00e0n c\u1ea7u, bao g\u1ed3m ngo\u1ea1i h\u1ed1i, c\u1ed5 phi\u1ebfu v\u00e0 h\u00e0ng h\u00f3a. \u0110i\u1ec1u n\u00e0y c\u00f3 ngh\u0129a l\u00e0 b\u1ea1n c\u00f3 th\u1ec3 t\u1eadn d\u1ee5ng c\u00e1c c\u01a1 h\u1ed9i &hellip;<\/p>\n","protected":false},"author":2,"featured_media":0,"parent":0,"menu_order":0,"comment_status":"closed","ping_status":"closed","template":"elementor_header_footer","meta":{"_genesis_block_theme_hide_title":false,"footnotes":""},"class_list":["post-846","page","type-page","status-publish","hentry","post","without-featured-image"],"yoast_head":"<!-- This site is optimized with the Yoast SEO Premium plugin v23.0 (Yoast SEO v26.2) - https:\/\/yoast.com\/wordpress\/plugins\/seo\/ -->\n<title>Ti\u1ebfp c\u1eadn th\u1ecb tr\u01b0\u1eddng - QuantumTrade<\/title>\n<meta name=\"robots\" content=\"index, follow, max-snippet:-1, max-image-preview:large, max-video-preview:-1\" \/>\n<link rel=\"canonical\" href=\"https:\/\/www.quantumtradeglobal.com\/vi\/tiep-can-thi-truong\/\" \/>\n<meta property=\"og:locale\" content=\"vi_VN\" \/>\n<meta property=\"og:type\" content=\"article\" \/>\n<meta property=\"og:title\" content=\"Ti\u1ebfp c\u1eadn th\u1ecb tr\u01b0\u1eddng\" \/>\n<meta property=\"og:description\" content=\"Ti\u1ebfp c\u1eadn th\u1ecb tr\u01b0\u1eddng T\u1ea1i QT, ch\u00fang t\u00f4i \u0111ang thay \u0111\u1ed5i c\u00e1ch b\u1ea1n giao d\u1ecbch. C\u00f4ng ngh\u1ec7 v\u00e0 quan h\u1ec7 \u0111\u1ed1i t\u00e1c c\u1ee7a ch\u00fang t\u00f4i gi\u00fap b\u1ea1n ti\u1ebfp c\u1eadn th\u1ecb tr\u01b0\u1eddng to\u00e0n c\u1ea7u, bao g\u1ed3m ngo\u1ea1i h\u1ed1i, c\u1ed5 phi\u1ebfu v\u00e0 h\u00e0ng h\u00f3a. \u0110i\u1ec1u n\u00e0y c\u00f3 ngh\u0129a l\u00e0 b\u1ea1n c\u00f3 th\u1ec3 t\u1eadn d\u1ee5ng c\u00e1c c\u01a1 h\u1ed9i &hellip;\" \/>\n<meta property=\"og:url\" content=\"https:\/\/www.quantumtradeglobal.com\/vi\/tiep-can-thi-truong\/\" \/>\n<meta property=\"og:site_name\" content=\"QuantumTrade\" \/>\n<meta property=\"article:modified_time\" content=\"2025-10-15T09:33:20+00:00\" \/>\n<meta name=\"twitter:card\" content=\"summary_large_image\" \/>\n<meta name=\"twitter:label1\" content=\"Est. reading time\" \/>\n\t<meta name=\"twitter:data1\" content=\"1 minute\" \/>\n<script type=\"application\/ld+json\" class=\"yoast-schema-graph\">{\"@context\":\"https:\/\/schema.org\",\"@graph\":[{\"@type\":\"WebPage\",\"@id\":\"https:\/\/www.quantumtradeglobal.com\/vi\/tiep-can-thi-truong\/\",\"url\":\"https:\/\/www.quantumtradeglobal.com\/vi\/tiep-can-thi-truong\/\",\"name\":\"Ti\u1ebfp c\u1eadn th\u1ecb tr\u01b0\u1eddng - QuantumTrade\",\"isPartOf\":{\"@id\":\"https:\/\/www.quantumtradeglobal.com\/vi\/#website\"},\"datePublished\":\"2024-07-27T13:18:48+00:00\",\"dateModified\":\"2025-10-15T09:33:20+00:00\",\"breadcrumb\":{\"@id\":\"https:\/\/www.quantumtradeglobal.com\/vi\/tiep-can-thi-truong\/#breadcrumb\"},\"inLanguage\":\"vi-VN\",\"potentialAction\":[{\"@type\":\"ReadAction\",\"target\":[\"https:\/\/www.quantumtradeglobal.com\/vi\/tiep-can-thi-truong\/\"]}]},{\"@type\":\"BreadcrumbList\",\"@id\":\"https:\/\/www.quantumtradeglobal.com\/vi\/tiep-can-thi-truong\/#breadcrumb\",\"itemListElement\":[{\"@type\":\"ListItem\",\"position\":1,\"name\":\"Home\",\"item\":\"https:\/\/www.quantumtradeglobal.com\/vi\/trang-chu\/\"},{\"@type\":\"ListItem\",\"position\":2,\"name\":\"Ti\u1ebfp c\u1eadn th\u1ecb tr\u01b0\u1eddng\"}]},{\"@type\":\"WebSite\",\"@id\":\"https:\/\/www.quantumtradeglobal.com\/vi\/#website\",\"url\":\"https:\/\/www.quantumtradeglobal.com\/vi\/\",\"name\":\"QuantumTrade\",\"description\":\"Global Markets\",\"potentialAction\":[{\"@type\":\"SearchAction\",\"target\":{\"@type\":\"EntryPoint\",\"urlTemplate\":\"https:\/\/www.quantumtradeglobal.com\/vi\/?s={search_term_string}\"},\"query-input\":{\"@type\":\"PropertyValueSpecification\",\"valueRequired\":true,\"valueName\":\"search_term_string\"}}],\"inLanguage\":\"vi-VN\"}]}<\/script>\n<!-- \/ Yoast SEO Premium plugin. -->","yoast_head_json":{"title":"Ti\u1ebfp c\u1eadn th\u1ecb tr\u01b0\u1eddng - QuantumTrade","robots":{"index":"index","follow":"follow","max-snippet":"max-snippet:-1","max-image-preview":"max-image-preview:large","max-video-preview":"max-video-preview:-1"},"canonical":"https:\/\/www.quantumtradeglobal.com\/vi\/tiep-can-thi-truong\/","og_locale":"vi_VN","og_type":"article","og_title":"Ti\u1ebfp c\u1eadn th\u1ecb tr\u01b0\u1eddng","og_description":"Ti\u1ebfp c\u1eadn th\u1ecb tr\u01b0\u1eddng T\u1ea1i QT, ch\u00fang t\u00f4i \u0111ang thay \u0111\u1ed5i c\u00e1ch b\u1ea1n giao d\u1ecbch. C\u00f4ng ngh\u1ec7 v\u00e0 quan h\u1ec7 \u0111\u1ed1i t\u00e1c c\u1ee7a ch\u00fang t\u00f4i gi\u00fap b\u1ea1n ti\u1ebfp c\u1eadn th\u1ecb tr\u01b0\u1eddng to\u00e0n c\u1ea7u, bao g\u1ed3m ngo\u1ea1i h\u1ed1i, c\u1ed5 phi\u1ebfu v\u00e0 h\u00e0ng h\u00f3a. \u0110i\u1ec1u n\u00e0y c\u00f3 ngh\u0129a l\u00e0 b\u1ea1n c\u00f3 th\u1ec3 t\u1eadn d\u1ee5ng c\u00e1c c\u01a1 h\u1ed9i &hellip;","og_url":"https:\/\/www.quantumtradeglobal.com\/vi\/tiep-can-thi-truong\/","og_site_name":"QuantumTrade","article_modified_time":"2025-10-15T09:33:20+00:00","twitter_card":"summary_large_image","twitter_misc":{"Est. reading time":"1 minute"},"schema":{"@context":"https:\/\/schema.org","@graph":[{"@type":"WebPage","@id":"https:\/\/www.quantumtradeglobal.com\/vi\/tiep-can-thi-truong\/","url":"https:\/\/www.quantumtradeglobal.com\/vi\/tiep-can-thi-truong\/","name":"Ti\u1ebfp c\u1eadn th\u1ecb tr\u01b0\u1eddng - QuantumTrade","isPartOf":{"@id":"https:\/\/www.quantumtradeglobal.com\/vi\/#website"},"datePublished":"2024-07-27T13:18:48+00:00","dateModified":"2025-10-15T09:33:20+00:00","breadcrumb":{"@id":"https:\/\/www.quantumtradeglobal.com\/vi\/tiep-can-thi-truong\/#breadcrumb"},"inLanguage":"vi-VN","potentialAction":[{"@type":"ReadAction","target":["https:\/\/www.quantumtradeglobal.com\/vi\/tiep-can-thi-truong\/"]}]},{"@type":"BreadcrumbList","@id":"https:\/\/www.quantumtradeglobal.com\/vi\/tiep-can-thi-truong\/#breadcrumb","itemListElement":[{"@type":"ListItem","position":1,"name":"Home","item":"https:\/\/www.quantumtradeglobal.com\/vi\/trang-chu\/"},{"@type":"ListItem","position":2,"name":"Ti\u1ebfp c\u1eadn th\u1ecb tr\u01b0\u1eddng"}]},{"@type":"WebSite","@id":"https:\/\/www.quantumtradeglobal.com\/vi\/#website","url":"https:\/\/www.quantumtradeglobal.com\/vi\/","name":"QuantumTrade","description":"Global Markets","potentialAction":[{"@type":"SearchAction","target":{"@type":"EntryPoint","urlTemplate":"https:\/\/www.quantumtradeglobal.com\/vi\/?s={search_term_string}"},"query-input":{"@type":"PropertyValueSpecification","valueRequired":true,"valueName":"search_term_string"}}],"inLanguage":"vi-VN"}]}},"featured_image_src":null,"featured_image_src_square":null,"_links":{"self":[{"href":"https:\/\/www.quantumtradeglobal.com\/vi\/wp-json\/wp\/v2\/pages\/846","targetHints":{"allow":["GET"]}}],"collection":[{"href":"https:\/\/www.quantumtradeglobal.com\/vi\/wp-json\/wp\/v2\/pages"}],"about":[{"href":"https:\/\/www.quantumtradeglobal.com\/vi\/wp-json\/wp\/v2\/types\/page"}],"author":[{"embeddable":true,"href":"https:\/\/www.quantumtradeglobal.com\/vi\/wp-json\/wp\/v2\/users\/2"}],"replies":[{"embeddable":true,"href":"https:\/\/www.quantumtradeglobal.com\/vi\/wp-json\/wp\/v2\/comments?post=846"}],"version-history":[{"count":0,"href":"https:\/\/www.quantumtradeglobal.com\/vi\/wp-json\/wp\/v2\/pages\/846\/revisions"}],"wp:attachment":[{"href":"https:\/\/www.quantumtradeglobal.com\/vi\/wp-json\/wp\/v2\/media?parent=846"}],"curies":[{"name":"wp","href":"https:\/\/api.w.org\/{rel}","templated":true}]}}