{"id":872,"date":"2024-08-01T14:04:06","date_gmt":"2024-08-01T13:04:06","guid":{"rendered":"https:\/\/quantumtraddev.wpenginepowered.com\/ve\/"},"modified":"2025-10-15T09:33:05","modified_gmt":"2025-10-15T08:33:05","slug":"ve","status":"publish","type":"page","link":"https:\/\/www.quantumtradeglobal.com\/vi\/ve\/","title":{"rendered":"V\u1ec1"},"content":{"rendered":"\t\t<div data-elementor-type=\"wp-page\" data-elementor-id=\"872\" class=\"elementor elementor-872 elementor-130\" data-elementor-settings=\"{&quot;element_pack_global_tooltip_width&quot;:{&quot;unit&quot;:&quot;px&quot;,&quot;size&quot;:&quot;&quot;,&quot;sizes&quot;:[]},&quot;element_pack_global_tooltip_width_tablet&quot;:{&quot;unit&quot;:&quot;px&quot;,&quot;size&quot;:&quot;&quot;,&quot;sizes&quot;:[]},&quot;element_pack_global_tooltip_width_mobile&quot;:{&quot;unit&quot;:&quot;px&quot;,&quot;size&quot;:&quot;&quot;,&quot;sizes&quot;:[]},&quot;element_pack_global_tooltip_padding&quot;:{&quot;unit&quot;:&quot;px&quot;,&quot;top&quot;:&quot;&quot;,&quot;right&quot;:&quot;&quot;,&quot;bottom&quot;:&quot;&quot;,&quot;left&quot;:&quot;&quot;,&quot;isLinked&quot;:true},&quot;element_pack_global_tooltip_padding_tablet&quot;:{&quot;unit&quot;:&quot;px&quot;,&quot;top&quot;:&quot;&quot;,&quot;right&quot;:&quot;&quot;,&quot;bottom&quot;:&quot;&quot;,&quot;left&quot;:&quot;&quot;,&quot;isLinked&quot;:true},&quot;element_pack_global_tooltip_padding_mobile&quot;:{&quot;unit&quot;:&quot;px&quot;,&quot;top&quot;:&quot;&quot;,&quot;right&quot;:&quot;&quot;,&quot;bottom&quot;:&quot;&quot;,&quot;left&quot;:&quot;&quot;,&quot;isLinked&quot;:true},&quot;element_pack_global_tooltip_border_radius&quot;:{&quot;unit&quot;:&quot;px&quot;,&quot;top&quot;:&quot;&quot;,&quot;right&quot;:&quot;&quot;,&quot;bottom&quot;:&quot;&quot;,&quot;left&quot;:&quot;&quot;,&quot;isLinked&quot;:true},&quot;element_pack_global_tooltip_border_radius_tablet&quot;:{&quot;unit&quot;:&quot;px&quot;,&quot;top&quot;:&quot;&quot;,&quot;right&quot;:&quot;&quot;,&quot;bottom&quot;:&quot;&quot;,&quot;left&quot;:&quot;&quot;,&quot;isLinked&quot;:true},&quot;element_pack_global_tooltip_border_radius_mobile&quot;:{&quot;unit&quot;:&quot;px&quot;,&quot;top&quot;:&quot;&quot;,&quot;right&quot;:&quot;&quot;,&quot;bottom&quot;:&quot;&quot;,&quot;left&quot;:&quot;&quot;,&quot;isLinked&quot;:true}}\" data-elementor-post-type=\"page\">\n\t\t\t\t<div class=\"elementor-element elementor-element-7e41de0 e-con-full e-flex e-con e-parent\" data-id=\"7e41de0\" data-element_type=\"container\">\n\t\t\t\t<div class=\"elementor-element elementor-element-36f6064 elementor-widget elementor-widget-template\" data-id=\"36f6064\" data-element_type=\"widget\" data-widget_type=\"template.default\">\n\t\t\t\t<div class=\"elementor-widget-container\">\n\t\t\t\t\t\t\t<div class=\"elementor-template\">\n\t\t\t\t\t<div data-elementor-type=\"container\" data-elementor-id=\"60\" class=\"elementor elementor-60\" data-elementor-post-type=\"elementor_library\">\n\t\t\t\t<div class=\"elementor-element elementor-element-44ac8a0 e-flex e-con-boxed e-con e-parent\" data-id=\"44ac8a0\" data-element_type=\"container\" data-settings=\"{&quot;background_background&quot;:&quot;classic&quot;}\">\n\t\t\t\t\t<div class=\"e-con-inner\">\n\t\t\t\t<div class=\"elementor-element elementor-element-c5bf1fd elementor-widget elementor-widget-breadcrumbs\" data-id=\"c5bf1fd\" data-element_type=\"widget\" data-widget_type=\"breadcrumbs.default\">\n\t\t\t\t<div class=\"elementor-widget-container\">\n\t\t\t\t\t<p id=\"breadcrumbs\"><span><span><a href=\"https:\/\/www.quantumtradeglobal.com\/vi\/trang-chu\/\">Home<\/a><\/span><\/span><\/p>\t\t\t\t<\/div>\n\t\t\t\t<\/div>\n\t\t\t\t\t<\/div>\n\t\t\t\t<\/div>\n\t\t\t\t<\/div>\n\t\t\t\t<\/div>\n\t\t\t\t\t\t<\/div>\n\t\t\t\t<\/div>\n\t\t<div class=\"elementor-element elementor-element-80be48d e-flex e-con-boxed e-con e-child\" data-id=\"80be48d\" data-element_type=\"container\">\n\t\t\t\t\t<div class=\"e-con-inner\">\n\t\t\t\t<div class=\"elementor-element elementor-element-9d19100 elementor-widget elementor-widget-text-editor\" data-id=\"9d19100\" data-element_type=\"widget\" data-widget_type=\"text-editor.default\">\n\t\t\t\t<div class=\"elementor-widget-container\">\n\t\t\t\t\t\t\t\t\t<p style=\"text-align: center;\">T\u1ea1i <strong>\n  <span style=\"color: #00ccff;\">QT<\/span>\n<\/strong> , ch\u00fang t\u00f4i tin r\u1eb1ng th\u1ecb tr\u01b0\u1eddng t\u00e0i ch\u00ednh ph\u1ea3i m\u1edf c\u1eeda cho t\u1ea5t c\u1ea3 m\u1ecdi ng\u01b0\u1eddi, r\u00f5 r\u00e0ng v\u00e0 c\u00f4ng b\u1eb1ng, b\u1ea5t k\u1ec3 b\u1ea1n \u1edf \u0111\u00e2u tr\u00ean th\u1ebf gi\u1edbi. \u0110\u00f3 l\u00e0 l\u00fd do t\u1ea1i sao ch\u00fang t\u00f4i x\u00e2y d\u1ef1ng m\u1ed9t n\u1ec1n t\u1ea3ng giao d\u1ecbch ti\u00ean ti\u1ebfn gi\u00fap b\u1ea1n ti\u1ebfp c\u1eadn th\u1ebf gi\u1edbi t\u00e0i ch\u00ednh to\u00e0n c\u1ea7u. <\/p>\t\t\t\t\t\t\t\t<\/div>\n\t\t\t\t<\/div>\n\t\t\t\t<div class=\"elementor-element elementor-element-05048fa elementor-widget elementor-widget-image\" data-id=\"05048fa\" data-element_type=\"widget\" data-widget_type=\"image.default\">\n\t\t\t\t<div class=\"elementor-widget-container\">\n\t\t\t\t\t\t\t\t\t\t\t\t\t\t\t<img fetchpriority=\"high\" decoding=\"async\" width=\"2048\" height=\"1499\" src=\"https:\/\/www.quantumtradeglobal.com\/wp-content\/uploads\/2024\/08\/dreamstime_xxl_324843542-2048x1499.jpg\" class=\"attachment-2048x2048 size-2048x2048 wp-image-874\" alt=\"\" srcset=\"https:\/\/www.quantumtradeglobal.com\/wp-content\/uploads\/2024\/08\/dreamstime_xxl_324843542-2048x1499.jpg 2048w, https:\/\/www.quantumtradeglobal.com\/wp-content\/uploads\/2024\/08\/dreamstime_xxl_324843542-300x220.jpg 300w, https:\/\/www.quantumtradeglobal.com\/wp-content\/uploads\/2024\/08\/dreamstime_xxl_324843542-1024x750.jpg 1024w, https:\/\/www.quantumtradeglobal.com\/wp-content\/uploads\/2024\/08\/dreamstime_xxl_324843542-768x562.jpg 768w, https:\/\/www.quantumtradeglobal.com\/wp-content\/uploads\/2024\/08\/dreamstime_xxl_324843542-1536x1125.jpg 1536w, https:\/\/www.quantumtradeglobal.com\/wp-content\/uploads\/2024\/08\/dreamstime_xxl_324843542-1200x879.jpg 1200w, https:\/\/www.quantumtradeglobal.com\/wp-content\/uploads\/2024\/08\/dreamstime_xxl_324843542-1400x1025.jpg 1400w\" sizes=\"(max-width: 2048px) 100vw, 2048px\" \/>\t\t\t\t\t\t\t\t\t\t\t\t\t\t\t<\/div>\n\t\t\t\t<\/div>\n\t\t\t\t\t<\/div>\n\t\t\t\t<\/div>\n\t\t\t\t<\/div>\n\t\t<div class=\"elementor-element elementor-element-0a1f412 e-flex e-con-boxed e-con e-parent\" data-id=\"0a1f412\" data-element_type=\"container\">\n\t\t\t\t\t<div class=\"e-con-inner\">\n\t\t\t\t<div class=\"elementor-element elementor-element-4d8c1b0 elementor-widget__width-initial elementor-widget elementor-widget-text-editor\" data-id=\"4d8c1b0\" data-element_type=\"widget\" data-widget_type=\"text-editor.default\">\n\t\t\t\t<div class=\"elementor-widget-container\">\n\t\t\t\t\t\t\t\t\t<p><strong>\n  <span style=\"color: #00ccff;\">QT<\/span>\n<\/strong> gi\u00fap m\u1ecdi ng\u01b0\u1eddi giao d\u1ecbch v\u00e0 \u0111\u1ea7u t\u01b0 d\u1ec5 d\u00e0ng h\u01a1n. \u0110\u1ed9i ng\u0169 c\u1ee7a ch\u00fang t\u00f4i bao g\u1ed3m c\u00e1c chuy\u00ean gia trong ng\u00e0nh, nh\u1eefng ng\u01b0\u1eddi t\u1eadn t\u00e2m mang \u0111\u1ebfn tr\u1ea3i nghi\u1ec7m giao d\u1ecbch kh\u00f4ng gi\u1ed1ng b\u1ea5t k\u1ef3 tr\u1ea3i nghi\u1ec7m n\u00e0o kh\u00e1c. <\/p>\t\t\t\t\t\t\t\t<\/div>\n\t\t\t\t<\/div>\n\t\t\t\t\t<\/div>\n\t\t\t\t<\/div>\n\t\t<div class=\"elementor-element elementor-element-3f5f71d e-flex e-con-boxed e-con e-parent\" data-id=\"3f5f71d\" data-element_type=\"container\">\n\t\t\t\t\t<div class=\"e-con-inner\">\n\t\t<div class=\"elementor-element elementor-element-a69af38 e-con-full e-flex e-con e-child\" data-id=\"a69af38\" data-element_type=\"container\">\n\t\t\t\t<div class=\"elementor-element elementor-element-35c7e84 elementor-widget elementor-widget-heading\" data-id=\"35c7e84\" data-element_type=\"widget\" data-widget_type=\"heading.default\">\n\t\t\t\t<div class=\"elementor-widget-container\">\n\t\t\t\t\t<h2 class=\"elementor-heading-title elementor-size-default\">Trong QT b\u1ea1n c\u00f3 th\u1ec3 \u0111\u01b0\u1ee3c tin c\u1eady  <\/h2>\t\t\t\t<\/div>\n\t\t\t\t<\/div>\n\t\t\t\t<div class=\"elementor-element elementor-element-58e4c80 elementor-widget elementor-widget-image\" data-id=\"58e4c80\" data-element_type=\"widget\" data-widget_type=\"image.default\">\n\t\t\t\t<div class=\"elementor-widget-container\">\n\t\t\t\t\t\t\t\t\t\t\t\t\t\t\t<img decoding=\"async\" src=\"https:\/\/www.quantumtradeglobal.com\/wp-content\/uploads\/elementor\/thumbs\/dreamstime_xxl_324832903-scaled-qumd8pyal8fd67o3pj2q4iku63973yrrvgspv2c3c0.jpg\" title=\"dreamstime_xxl_324832903\" alt=\"dreamstime_xxl_324832903\" loading=\"lazy\" \/>\t\t\t\t\t\t\t\t\t\t\t\t\t\t\t<\/div>\n\t\t\t\t<\/div>\n\t\t<div class=\"elementor-element elementor-element-52e23da e-con-full e-grid e-con e-child\" data-id=\"52e23da\" data-element_type=\"container\">\n\t\t\t\t<div class=\"elementor-element elementor-element-55d810b elementor-position-left elementor-view-default elementor-mobile-position-top elementor-widget elementor-widget-icon-box\" data-id=\"55d810b\" data-element_type=\"widget\" data-widget_type=\"icon-box.default\">\n\t\t\t\t<div class=\"elementor-widget-container\">\n\t\t\t\t\t\t\t<div class=\"elementor-icon-box-wrapper\">\n\n\t\t\t\t\t\t<div class=\"elementor-icon-box-icon\">\n\t\t\t\t<span  class=\"elementor-icon\">\n\t\t\t\t<svg aria-hidden=\"true\" class=\"e-font-icon-svg e-fas-puzzle-piece\" viewBox=\"0 0 576 512\" xmlns=\"http:\/\/www.w3.org\/2000\/svg\"><path d=\"M519.442 288.651c-41.519 0-59.5 31.593-82.058 31.593C377.409 320.244 432 144 432 144s-196.288 80-196.288-3.297c0-35.827 36.288-46.25 36.288-85.985C272 19.216 243.885 0 210.539 0c-34.654 0-66.366 18.891-66.366 56.346 0 41.364 31.711 59.277 31.711 81.75C175.885 207.719 0 166.758 0 166.758v333.237s178.635 41.047 178.635-28.662c0-22.473-40-40.107-40-81.471 0-37.456 29.25-56.346 63.577-56.346 33.673 0 61.788 19.216 61.788 54.717 0 39.735-36.288 50.158-36.288 85.985 0 60.803 129.675 25.73 181.23 25.73 0 0-34.725-120.101 25.827-120.101 35.962 0 46.423 36.152 86.308 36.152C556.712 416 576 387.99 576 354.443c0-34.199-18.962-65.792-56.558-65.792z\"><\/path><\/svg>\t\t\t\t<\/span>\n\t\t\t<\/div>\n\t\t\t\n\t\t\t\t\t\t<div class=\"elementor-icon-box-content\">\n\n\t\t\t\t\t\t\t\t\t<h3 class=\"elementor-icon-box-title\">\n\t\t\t\t\t\t<span  >\n\t\t\t\t\t\t\tC\u00f4ng ngh\u1ec7\t\t\t\t\t\t<\/span>\n\t\t\t\t\t<\/h3>\n\t\t\t\t\n\t\t\t\t\t\t\t\t\t<p class=\"elementor-icon-box-description\">\n\t\t\t\t\t\tCh\u00fang t\u00f4i \u0111i \u0111\u1ea7u trong c\u00f4ng ngh\u1ec7 t\u00e0i ch\u00ednh, lu\u00f4n th\u00edch \u1ee9ng \u0111\u1ec3 cung c\u1ea5p cho b\u1ea1n c\u00e1c c\u00f4ng c\u1ee5 v\u00e0 th\u00f4ng tin b\u1ea1n c\u1ea7n \u0111\u1ec3 th\u00e0nh c\u00f4ng tr\u00ean th\u1ecb tr\u01b0\u1eddng thay \u0111\u1ed5i nhanh ch\u00f3ng ng\u00e0y nay.\t\t\t\t\t<\/p>\n\t\t\t\t\n\t\t\t<\/div>\n\t\t\t\n\t\t<\/div>\n\t\t\t\t\t\t<\/div>\n\t\t\t\t<\/div>\n\t\t\t\t<div class=\"elementor-element elementor-element-39f04da elementor-position-left elementor-view-default elementor-mobile-position-top elementor-widget elementor-widget-icon-box\" data-id=\"39f04da\" data-element_type=\"widget\" data-widget_type=\"icon-box.default\">\n\t\t\t\t<div class=\"elementor-widget-container\">\n\t\t\t\t\t\t\t<div class=\"elementor-icon-box-wrapper\">\n\n\t\t\t\t\t\t<div class=\"elementor-icon-box-icon\">\n\t\t\t\t<span  class=\"elementor-icon\">\n\t\t\t\t<svg aria-hidden=\"true\" class=\"e-font-icon-svg e-fas-sign-out-alt\" viewBox=\"0 0 512 512\" xmlns=\"http:\/\/www.w3.org\/2000\/svg\"><path d=\"M497 273L329 441c-15 15-41 4.5-41-17v-96H152c-13.3 0-24-10.7-24-24v-96c0-13.3 10.7-24 24-24h136V88c0-21.4 25.9-32 41-17l168 168c9.3 9.4 9.3 24.6 0 34zM192 436v-40c0-6.6-5.4-12-12-12H96c-17.7 0-32-14.3-32-32V160c0-17.7 14.3-32 32-32h84c6.6 0 12-5.4 12-12V76c0-6.6-5.4-12-12-12H96c-53 0-96 43-96 96v192c0 53 43 96 96 96h84c6.6 0 12-5.4 12-12z\"><\/path><\/svg>\t\t\t\t<\/span>\n\t\t\t<\/div>\n\t\t\t\n\t\t\t\t\t\t<div class=\"elementor-icon-box-content\">\n\n\t\t\t\t\t\t\t\t\t<h3 class=\"elementor-icon-box-title\">\n\t\t\t\t\t\t<span  >\n\t\t\t\t\t\t\tL\u00f2ng tin\t\t\t\t\t\t<\/span>\n\t\t\t\t\t<\/h3>\n\t\t\t\t\n\t\t\t\t\t\t\t\t\t<p class=\"elementor-icon-box-description\">\n\t\t\t\t\t\tCh\u00fang t\u00f4i t\u1ea1o d\u1ef1ng l\u00f2ng tin th\u00f4ng qua \u0111\u1ed9 tin c\u1eady v\u00e0 t\u00ednh ch\u00ednh tr\u1ef1c, \u0111\u1ea3m b\u1ea3o c\u00e1c ho\u1ea1t \u0111\u1ed9ng minh b\u1ea1ch, c\u00f3 \u0111\u1ea1o \u0111\u1ee9c. Ch\u00fang t\u00f4i \u01b0u ti\u00ean b\u1ea3o m\u1eadt \u0111\u1ec3 b\u1ea3o v\u1ec7 t\u00e0i s\u1ea3n c\u1ee7a b\u1ea1n v\u00e0 duy tr\u00ec tr\u1ecdng t\u00e2m l\u1ea5y kh\u00e1ch h\u00e0ng l\u00e0m tr\u1ecdng t\u00e2m, \u0111\u1eb7t m\u1ee5c ti\u00eau c\u1ee7a b\u1ea1n l\u00ean h\u00e0ng \u0111\u1ea7u. Cam k\u1ebft c\u1ee7a ch\u00fang t\u00f4i th\u00fac \u0111\u1ea9y tr\u00e1ch nhi\u1ec7m gi\u1ea3i tr\u00ecnh v\u00e0 t\u00ednh nh\u1ea5t qu\u00e1n.  \t\t\t\t\t<\/p>\n\t\t\t\t\n\t\t\t<\/div>\n\t\t\t\n\t\t<\/div>\n\t\t\t\t\t\t<\/div>\n\t\t\t\t<\/div>\n\t\t\t\t<div class=\"elementor-element elementor-element-d58b79a elementor-position-left elementor-view-default elementor-mobile-position-top elementor-widget elementor-widget-icon-box\" data-id=\"d58b79a\" data-element_type=\"widget\" data-widget_type=\"icon-box.default\">\n\t\t\t\t<div class=\"elementor-widget-container\">\n\t\t\t\t\t\t\t<div class=\"elementor-icon-box-wrapper\">\n\n\t\t\t\t\t\t<div class=\"elementor-icon-box-icon\">\n\t\t\t\t<span  class=\"elementor-icon\">\n\t\t\t\t<svg aria-hidden=\"true\" class=\"e-font-icon-svg e-far-handshake\" viewBox=\"0 0 640 512\" xmlns=\"http:\/\/www.w3.org\/2000\/svg\"><path d=\"M519.2 127.9l-47.6-47.6A56.252 56.252 0 0 0 432 64H205.2c-14.8 0-29.1 5.9-39.6 16.3L118 127.9H0v255.7h64c17.6 0 31.8-14.2 31.9-31.7h9.1l84.6 76.4c30.9 25.1 73.8 25.7 105.6 3.8 12.5 10.8 26 15.9 41.1 15.9 18.2 0 35.3-7.4 48.8-24 22.1 8.7 48.2 2.6 64-16.8l26.2-32.3c5.6-6.9 9.1-14.8 10.9-23h57.9c.1 17.5 14.4 31.7 31.9 31.7h64V127.9H519.2zM48 351.6c-8.8 0-16-7.2-16-16s7.2-16 16-16 16 7.2 16 16c0 8.9-7.2 16-16 16zm390-6.9l-26.1 32.2c-2.8 3.4-7.8 4-11.3 1.2l-23.9-19.4-30 36.5c-6 7.3-15 4.8-18 2.4l-36.8-31.5-15.6 19.2c-13.9 17.1-39.2 19.7-55.3 6.6l-97.3-88H96V175.8h41.9l61.7-61.6c2-.8 3.7-1.5 5.7-2.3H262l-38.7 35.5c-29.4 26.9-31.1 72.3-4.4 101.3 14.8 16.2 61.2 41.2 101.5 4.4l8.2-7.5 108.2 87.8c3.4 2.8 3.9 7.9 1.2 11.3zm106-40.8h-69.2c-2.3-2.8-4.9-5.4-7.7-7.7l-102.7-83.4 12.5-11.4c6.5-6 7-16.1 1-22.6L367 167.1c-6-6.5-16.1-6.9-22.6-1l-55.2 50.6c-9.5 8.7-25.7 9.4-34.6 0-9.3-9.9-8.5-25.1 1.2-33.9l65.6-60.1c7.4-6.8 17-10.5 27-10.5l83.7-.2c2.1 0 4.1.8 5.5 2.3l61.7 61.6H544v128zm48 47.7c-8.8 0-16-7.2-16-16s7.2-16 16-16 16 7.2 16 16c0 8.9-7.2 16-16 16z\"><\/path><\/svg>\t\t\t\t<\/span>\n\t\t\t<\/div>\n\t\t\t\n\t\t\t\t\t\t<div class=\"elementor-icon-box-content\">\n\n\t\t\t\t\t\t\t\t\t<h3 class=\"elementor-icon-box-title\">\n\t\t\t\t\t\t<span  >\n\t\t\t\t\t\t\tKh\u1ea3 n\u0103ng ti\u1ebfp c\u1eadn\t\t\t\t\t\t<\/span>\n\t\t\t\t\t<\/h3>\n\t\t\t\t\n\t\t\t\t\t\t\t\t\t<p class=\"elementor-icon-box-description\">\n\t\t\t\t\t\tCho d\u00f9 b\u1ea1n l\u00e0 nh\u00e0 giao d\u1ecbch d\u00e0y d\u1ea1n kinh nghi\u1ec7m hay m\u1edbi b\u1eaft \u0111\u1ea7u, n\u1ec1n t\u1ea3ng tr\u1ef1c quan c\u1ee7a ch\u00fang t\u00f4i \u0111\u01b0\u1ee3c thi\u1ebft k\u1ebf \u0111\u1ec3 \u0111\u00e1p \u1ee9ng nhu c\u1ea7u c\u1ee7a b\u1ea1n v\u00e0 gi\u00fap b\u1ea1n ph\u00e1t tri\u1ec3n.\t\t\t\t\t<\/p>\n\t\t\t\t\n\t\t\t<\/div>\n\t\t\t\n\t\t<\/div>\n\t\t\t\t\t\t<\/div>\n\t\t\t\t<\/div>\n\t\t\t\t<\/div>\n\t\t\t\t<\/div>\n\t\t\t\t\t<\/div>\n\t\t\t\t<\/div>\n\t\t<div class=\"elementor-element elementor-element-3cc3d53 e-flex e-con-boxed e-con e-parent\" data-id=\"3cc3d53\" data-element_type=\"container\">\n\t\t\t\t\t<div class=\"e-con-inner\">\n\t\t\t\t<div class=\"elementor-element elementor-element-bf4f83d elementor-cta--layout-image-left elementor-cta--skin-classic elementor-animated-content elementor-bg-transform elementor-bg-transform-zoom-in elementor-widget elementor-widget-call-to-action\" data-id=\"bf4f83d\" data-element_type=\"widget\" data-widget_type=\"call-to-action.default\">\n\t\t\t\t<div class=\"elementor-widget-container\">\n\t\t\t\t\t\t\t<div class=\"elementor-cta\">\n\t\t\t\t\t<div class=\"elementor-cta__bg-wrapper\">\n\t\t\t\t<div class=\"elementor-cta__bg elementor-bg\" style=\"background-image: url(https:\/\/www.quantumtradeglobal.com\/wp-content\/uploads\/2024\/08\/dreamstime_xxl_324842570-2048x1499.jpg);\" role=\"img\" aria-label=\"dreamstime_xxl_324842570\"><\/div>\n\t\t\t\t<div class=\"elementor-cta__bg-overlay\"><\/div>\n\t\t\t<\/div>\n\t\t\t\t\t\t\t<div class=\"elementor-cta__content\">\n\t\t\t\t\n\t\t\t\t\t\t\t\t\t<h2 class=\"elementor-cta__title elementor-cta__content-item elementor-content-item\">\n\t\t\t\t\t\tGiao d\u1ecbch v\u1edbi QT\t\t\t\t\t<\/h2>\n\t\t\t\t\n\t\t\t\t\t\t\t\t\t<div class=\"elementor-cta__description elementor-cta__content-item elementor-content-item\">\n\t\t\t\t\t\tB\u1ea1n \u0111\u00e3 s\u1eb5n s\u00e0ng ki\u1ec3m so\u00e1t t\u01b0\u01a1ng lai t\u00e0i ch\u00ednh c\u1ee7a m\u00ecnh ch\u01b0a?\n\nKh\u00e1m ph\u00e1 QT ngay h\u00f4m nay v\u00e0 b\u1eaft \u0111\u1ea7u giao d\u1ecbch v\u1edbi n\u1ec1n t\u1ea3ng th\u1ef1c s\u1ef1 hi\u1ec3u nhu c\u1ea7u c\u1ee7a b\u1ea1n.\t\t\t\t\t<\/div>\n\t\t\t\t\n\t\t\t\t\t\t\t\t\t<div class=\"elementor-cta__button-wrapper elementor-cta__content-item elementor-content-item \">\n\t\t\t\t\t<a class=\"elementor-cta__button elementor-button elementor-size-\">\n\t\t\t\t\t\t\u0110\u0103ng k\u00fd\t\t\t\t\t<\/a>\n\t\t\t\t\t<\/div>\n\t\t\t\t\t\t\t<\/div>\n\t\t\t\t\t\t<\/div>\n\t\t\t\t\t\t<\/div>\n\t\t\t\t<\/div>\n\t\t\t\t\t<\/div>\n\t\t\t\t<\/div>\n\t\t\t\t<\/div>\n\t\t","protected":false},"excerpt":{"rendered":"<p>T\u1ea1i QT , ch\u00fang t\u00f4i tin r\u1eb1ng th\u1ecb tr\u01b0\u1eddng t\u00e0i ch\u00ednh ph\u1ea3i m\u1edf c\u1eeda cho t\u1ea5t c\u1ea3 m\u1ecdi ng\u01b0\u1eddi, r\u00f5 r\u00e0ng v\u00e0 c\u00f4ng b\u1eb1ng, b\u1ea5t k\u1ec3 b\u1ea1n \u1edf \u0111\u00e2u tr\u00ean th\u1ebf gi\u1edbi. \u0110\u00f3 l\u00e0 l\u00fd do t\u1ea1i sao ch\u00fang t\u00f4i x\u00e2y d\u1ef1ng m\u1ed9t n\u1ec1n t\u1ea3ng giao d\u1ecbch ti\u00ean ti\u1ebfn gi\u00fap b\u1ea1n ti\u1ebfp c\u1eadn th\u1ebf gi\u1edbi &hellip;<\/p>\n","protected":false},"author":2,"featured_media":0,"parent":0,"menu_order":0,"comment_status":"closed","ping_status":"closed","template":"elementor_header_footer","meta":{"_genesis_block_theme_hide_title":false,"footnotes":""},"class_list":["post-872","page","type-page","status-publish","hentry","post","without-featured-image"],"yoast_head":"<!-- This site is optimized with the Yoast SEO Premium plugin v23.0 (Yoast SEO v26.2) - https:\/\/yoast.com\/wordpress\/plugins\/seo\/ -->\n<title>V\u1ec1 - QuantumTrade<\/title>\n<meta name=\"robots\" content=\"index, follow, max-snippet:-1, max-image-preview:large, max-video-preview:-1\" \/>\n<link rel=\"canonical\" href=\"https:\/\/www.quantumtradeglobal.com\/vi\/ve\/\" \/>\n<meta property=\"og:locale\" content=\"vi_VN\" \/>\n<meta property=\"og:type\" content=\"article\" \/>\n<meta property=\"og:title\" content=\"V\u1ec1\" \/>\n<meta property=\"og:description\" content=\"T\u1ea1i QT , ch\u00fang t\u00f4i tin r\u1eb1ng th\u1ecb tr\u01b0\u1eddng t\u00e0i ch\u00ednh ph\u1ea3i m\u1edf c\u1eeda cho t\u1ea5t c\u1ea3 m\u1ecdi ng\u01b0\u1eddi, r\u00f5 r\u00e0ng v\u00e0 c\u00f4ng b\u1eb1ng, b\u1ea5t k\u1ec3 b\u1ea1n \u1edf \u0111\u00e2u tr\u00ean th\u1ebf gi\u1edbi. \u0110\u00f3 l\u00e0 l\u00fd do t\u1ea1i sao ch\u00fang t\u00f4i x\u00e2y d\u1ef1ng m\u1ed9t n\u1ec1n t\u1ea3ng giao d\u1ecbch ti\u00ean ti\u1ebfn gi\u00fap b\u1ea1n ti\u1ebfp c\u1eadn th\u1ebf gi\u1edbi &hellip;\" \/>\n<meta property=\"og:url\" content=\"https:\/\/www.quantumtradeglobal.com\/vi\/ve\/\" \/>\n<meta property=\"og:site_name\" content=\"QuantumTrade\" \/>\n<meta property=\"article:modified_time\" content=\"2025-10-15T08:33:05+00:00\" \/>\n<meta property=\"og:image\" content=\"https:\/\/www.quantumtradeglobal.com\/wp-content\/uploads\/2024\/08\/dreamstime_xxl_324843542-scaled.jpg\" \/>\n\t<meta property=\"og:image:width\" content=\"2560\" \/>\n\t<meta property=\"og:image:height\" content=\"1874\" \/>\n\t<meta property=\"og:image:type\" content=\"image\/jpeg\" \/>\n<meta name=\"twitter:card\" content=\"summary_large_image\" \/>\n<meta name=\"twitter:label1\" content=\"Est. reading time\" \/>\n\t<meta name=\"twitter:data1\" content=\"2 minutes\" \/>\n<script type=\"application\/ld+json\" class=\"yoast-schema-graph\">{\"@context\":\"https:\/\/schema.org\",\"@graph\":[{\"@type\":\"WebPage\",\"@id\":\"https:\/\/www.quantumtradeglobal.com\/vi\/ve\/\",\"url\":\"https:\/\/www.quantumtradeglobal.com\/vi\/ve\/\",\"name\":\"V\u1ec1 - QuantumTrade\",\"isPartOf\":{\"@id\":\"https:\/\/www.quantumtradeglobal.com\/vi\/#website\"},\"primaryImageOfPage\":{\"@id\":\"https:\/\/www.quantumtradeglobal.com\/vi\/ve\/#primaryimage\"},\"image\":{\"@id\":\"https:\/\/www.quantumtradeglobal.com\/vi\/ve\/#primaryimage\"},\"thumbnailUrl\":\"https:\/\/www.quantumtradeglobal.com\/wp-content\/uploads\/2024\/08\/dreamstime_xxl_324843542-2048x1499.jpg\",\"datePublished\":\"2024-08-01T13:04:06+00:00\",\"dateModified\":\"2025-10-15T08:33:05+00:00\",\"breadcrumb\":{\"@id\":\"https:\/\/www.quantumtradeglobal.com\/vi\/ve\/#breadcrumb\"},\"inLanguage\":\"vi-VN\",\"potentialAction\":[{\"@type\":\"ReadAction\",\"target\":[\"https:\/\/www.quantumtradeglobal.com\/vi\/ve\/\"]}]},{\"@type\":\"ImageObject\",\"inLanguage\":\"vi-VN\",\"@id\":\"https:\/\/www.quantumtradeglobal.com\/vi\/ve\/#primaryimage\",\"url\":\"https:\/\/www.quantumtradeglobal.com\/wp-content\/uploads\/2024\/08\/dreamstime_xxl_324843542-2048x1499.jpg\",\"contentUrl\":\"https:\/\/www.quantumtradeglobal.com\/wp-content\/uploads\/2024\/08\/dreamstime_xxl_324843542-2048x1499.jpg\"},{\"@type\":\"BreadcrumbList\",\"@id\":\"https:\/\/www.quantumtradeglobal.com\/vi\/ve\/#breadcrumb\",\"itemListElement\":[{\"@type\":\"ListItem\",\"position\":1,\"name\":\"Home\",\"item\":\"https:\/\/www.quantumtradeglobal.com\/vi\/trang-chu\/\"},{\"@type\":\"ListItem\",\"position\":2,\"name\":\"V\u1ec1\"}]},{\"@type\":\"WebSite\",\"@id\":\"https:\/\/www.quantumtradeglobal.com\/vi\/#website\",\"url\":\"https:\/\/www.quantumtradeglobal.com\/vi\/\",\"name\":\"QuantumTrade\",\"description\":\"Global Markets\",\"potentialAction\":[{\"@type\":\"SearchAction\",\"target\":{\"@type\":\"EntryPoint\",\"urlTemplate\":\"https:\/\/www.quantumtradeglobal.com\/vi\/?s={search_term_string}\"},\"query-input\":{\"@type\":\"PropertyValueSpecification\",\"valueRequired\":true,\"valueName\":\"search_term_string\"}}],\"inLanguage\":\"vi-VN\"}]}<\/script>\n<!-- \/ Yoast SEO Premium plugin. -->","yoast_head_json":{"title":"V\u1ec1 - QuantumTrade","robots":{"index":"index","follow":"follow","max-snippet":"max-snippet:-1","max-image-preview":"max-image-preview:large","max-video-preview":"max-video-preview:-1"},"canonical":"https:\/\/www.quantumtradeglobal.com\/vi\/ve\/","og_locale":"vi_VN","og_type":"article","og_title":"V\u1ec1","og_description":"T\u1ea1i QT , ch\u00fang t\u00f4i tin r\u1eb1ng th\u1ecb tr\u01b0\u1eddng t\u00e0i ch\u00ednh ph\u1ea3i m\u1edf c\u1eeda cho t\u1ea5t c\u1ea3 m\u1ecdi ng\u01b0\u1eddi, r\u00f5 r\u00e0ng v\u00e0 c\u00f4ng b\u1eb1ng, b\u1ea5t k\u1ec3 b\u1ea1n \u1edf \u0111\u00e2u tr\u00ean th\u1ebf gi\u1edbi. \u0110\u00f3 l\u00e0 l\u00fd do t\u1ea1i sao ch\u00fang t\u00f4i x\u00e2y d\u1ef1ng m\u1ed9t n\u1ec1n t\u1ea3ng giao d\u1ecbch ti\u00ean ti\u1ebfn gi\u00fap b\u1ea1n ti\u1ebfp c\u1eadn th\u1ebf gi\u1edbi &hellip;","og_url":"https:\/\/www.quantumtradeglobal.com\/vi\/ve\/","og_site_name":"QuantumTrade","article_modified_time":"2025-10-15T08:33:05+00:00","og_image":[{"width":2560,"height":1874,"url":"https:\/\/www.quantumtradeglobal.com\/wp-content\/uploads\/2024\/08\/dreamstime_xxl_324843542-scaled.jpg","type":"image\/jpeg"}],"twitter_card":"summary_large_image","twitter_misc":{"Est. reading time":"2 minutes"},"schema":{"@context":"https:\/\/schema.org","@graph":[{"@type":"WebPage","@id":"https:\/\/www.quantumtradeglobal.com\/vi\/ve\/","url":"https:\/\/www.quantumtradeglobal.com\/vi\/ve\/","name":"V\u1ec1 - QuantumTrade","isPartOf":{"@id":"https:\/\/www.quantumtradeglobal.com\/vi\/#website"},"primaryImageOfPage":{"@id":"https:\/\/www.quantumtradeglobal.com\/vi\/ve\/#primaryimage"},"image":{"@id":"https:\/\/www.quantumtradeglobal.com\/vi\/ve\/#primaryimage"},"thumbnailUrl":"https:\/\/www.quantumtradeglobal.com\/wp-content\/uploads\/2024\/08\/dreamstime_xxl_324843542-2048x1499.jpg","datePublished":"2024-08-01T13:04:06+00:00","dateModified":"2025-10-15T08:33:05+00:00","breadcrumb":{"@id":"https:\/\/www.quantumtradeglobal.com\/vi\/ve\/#breadcrumb"},"inLanguage":"vi-VN","potentialAction":[{"@type":"ReadAction","target":["https:\/\/www.quantumtradeglobal.com\/vi\/ve\/"]}]},{"@type":"ImageObject","inLanguage":"vi-VN","@id":"https:\/\/www.quantumtradeglobal.com\/vi\/ve\/#primaryimage","url":"https:\/\/www.quantumtradeglobal.com\/wp-content\/uploads\/2024\/08\/dreamstime_xxl_324843542-2048x1499.jpg","contentUrl":"https:\/\/www.quantumtradeglobal.com\/wp-content\/uploads\/2024\/08\/dreamstime_xxl_324843542-2048x1499.jpg"},{"@type":"BreadcrumbList","@id":"https:\/\/www.quantumtradeglobal.com\/vi\/ve\/#breadcrumb","itemListElement":[{"@type":"ListItem","position":1,"name":"Home","item":"https:\/\/www.quantumtradeglobal.com\/vi\/trang-chu\/"},{"@type":"ListItem","position":2,"name":"V\u1ec1"}]},{"@type":"WebSite","@id":"https:\/\/www.quantumtradeglobal.com\/vi\/#website","url":"https:\/\/www.quantumtradeglobal.com\/vi\/","name":"QuantumTrade","description":"Global Markets","potentialAction":[{"@type":"SearchAction","target":{"@type":"EntryPoint","urlTemplate":"https:\/\/www.quantumtradeglobal.com\/vi\/?s={search_term_string}"},"query-input":{"@type":"PropertyValueSpecification","valueRequired":true,"valueName":"search_term_string"}}],"inLanguage":"vi-VN"}]}},"featured_image_src":null,"featured_image_src_square":null,"_links":{"self":[{"href":"https:\/\/www.quantumtradeglobal.com\/vi\/wp-json\/wp\/v2\/pages\/872","targetHints":{"allow":["GET"]}}],"collection":[{"href":"https:\/\/www.quantumtradeglobal.com\/vi\/wp-json\/wp\/v2\/pages"}],"about":[{"href":"https:\/\/www.quantumtradeglobal.com\/vi\/wp-json\/wp\/v2\/types\/page"}],"author":[{"embeddable":true,"href":"https:\/\/www.quantumtradeglobal.com\/vi\/wp-json\/wp\/v2\/users\/2"}],"replies":[{"embeddable":true,"href":"https:\/\/www.quantumtradeglobal.com\/vi\/wp-json\/wp\/v2\/comments?post=872"}],"version-history":[{"count":0,"href":"https:\/\/www.quantumtradeglobal.com\/vi\/wp-json\/wp\/v2\/pages\/872\/revisions"}],"wp:attachment":[{"href":"https:\/\/www.quantumtradeglobal.com\/vi\/wp-json\/wp\/v2\/media?parent=872"}],"curies":[{"name":"wp","href":"https:\/\/api.w.org\/{rel}","templated":true}]}}